{"id":387763,"date":"2023-09-18T19:58:37","date_gmt":"2023-09-18T19:58:37","guid":{"rendered":"https:\/\/helmholtz-magnet.com\/?page_id=387763"},"modified":"2025-07-23T20:29:07","modified_gmt":"2025-07-23T20:29:07","slug":"cookie-richtlinie","status":"publish","type":"page","link":"https:\/\/helmholtz-magnet.com\/de\/cookie-richtlinie\/","title":{"rendered":"Cookie-Richtlinie"},"content":{"rendered":"<p>[et_pb_section fb_built=&#8221;1&#8243; _builder_version=&#8221;4.22.1&#8243; _module_preset=&#8221;default&#8221; custom_padding=&#8221;54px|||||&#8221; global_colors_info=&#8221;{}&#8221;][et_pb_row _builder_version=&#8221;4.22.1&#8243; _module_preset=&#8221;default&#8221; global_colors_info=&#8221;{}&#8221;][et_pb_column type=&#8221;4_4&#8243; _builder_version=&#8221;4.22.1&#8243; _module_preset=&#8221;default&#8221; global_colors_info=&#8221;{}&#8221;][et_pb_text _builder_version=&#8221;4.27.4&#8243; _module_preset=&#8221;default&#8221; hover_enabled=&#8221;0&#8243; global_colors_info=&#8221;{}&#8221; sticky_enabled=&#8221;0&#8243;]<\/p>\n<h1 class=\"cookie-policy-h1\">COOKIE-RICHTLINIE<\/h1>\n<p>Effective Date: 23-July-2025<br \/>Last Updated: 23-July-2025<\/p>\n<p><span>\u00a0<\/span><\/p>\n<h5>WAS SIND COOKIES?<\/h5>\n<div class=\"cookie-policy-p\">\n<p>In dieser Cookie-Richtlinie wird erkl\u00e4rt, was Cookies sind und wie wir sie verwenden, welche Arten von Cookies wir verwenden, d. h. welche Informationen wir mithilfe von Cookies sammeln und wie diese Informationen verwendet werden, und wie die Cookie-Einstellungen verwaltet werden.<\/p>\n<p>Cookies sind kleine Textdateien, die zur Speicherung kleinerer Informationen verwendet werden. Sie werden auf Ihrem Ger\u00e4t gespeichert, wenn die Website in Ihrem Browser geladen wird. Diese Cookies helfen uns, die Website ordnungsgem\u00e4\u00df zu funktionieren, sie sicherer zu machen, ein besseres Benutzererlebnis zu bieten und zu verstehen, wie die Website funktioniert, und zu analysieren, was funktioniert und wo Verbesserungen erforderlich sind.<\/p>\n<\/div>\n<p><span>\u00a0<\/span><\/p>\n<h5>WIE VERWENDEN WIR COOKIES?<\/h5>\n<div class=\"cookie-policy-p\">\n<p>Wie die meisten Online-Dienste verwendet unsere Website f\u00fcr verschiedene Zwecke Erst- und Drittanbieter-Cookies. Erstanbieter-Cookies sind in den meisten F\u00e4llen f\u00fcr die ordnungsgem\u00e4\u00dfe Funktion der Website erforderlich und erfassen keine personenbezogenen Daten von Ihnen.<\/p>\n<p>Die auf unserer Website verwendeten Cookies von Drittanbietern dienen haupts\u00e4chlich dazu, zu verstehen, wie die Website funktioniert, wie Sie mit unserer Website interagieren, unsere Dienste sicher zu halten, f\u00fcr Sie relevante Werbung bereitzustellen und Ihnen insgesamt einen besseren und verbesserten Benutzer zu bieten Erfahrung und helfen Sie dabei, Ihre zuk\u00fcnftigen Interaktionen mit unserer Website zu beschleunigen.<\/p>\n<\/div>\n<p><span>\u00a0<\/span><\/p>\n<h5>ARTEN VON COOKIES, DIE WIR VERWENDEN<\/h5>\n<div class=\"cky-audit-table-element\">\n<h3>NOTWENDIG<\/h3>\n<div class=\"cky-table-wrapper\">\n<table class=\"cky-cookie-audit-table\">\n<thead>\n<tr>\n<th>Pl\u00e4tzchen<\/th>\n<th>Dauer<\/th>\n<th>Beschreibung<\/th>\n<\/tr>\n<\/thead>\n<tbody>\n<tr>\n<td>CookieJa-Einwilligung<\/td>\n<td>1 Jahr<\/td>\n<td>CookieYes setzt dieses Cookie, um die Einwilligungspr\u00e4ferenzen der Benutzer zu speichern, sodass ihre Pr\u00e4ferenzen bei sp\u00e4teren Besuchen dieser Website ber\u00fccksichtigt werden. Es werden keine personenbezogenen Daten der Website-Besucher erfasst oder gespeichert.<\/td>\n<\/tr>\n<\/tbody>\n<\/table>\n<\/div>\n<h3>FUNKTIONAL<\/h3>\n<div class=\"cky-table-wrapper\">\n<table class=\"cky-cookie-audit-table\">\n<thead>\n<tr>\n<th>Pl\u00e4tzchen<\/th>\n<th>Dauer<\/th>\n<th>Beschreibung<\/th>\n<\/tr>\n<\/thead>\n<tbody>\n<tr>\n<td>wp-wpml_current_sprache<\/td>\n<td>Sitzung<\/td>\n<td>Das mehrsprachige WordPress-Plugin setzt dieses Cookie, um die aktuelle Sprache\/Spracheinstellungen zu speichern.<\/td>\n<\/tr>\n<\/tbody>\n<\/table>\n<\/div>\n<h3>ANALYTIK<\/h3>\n<div class=\"cky-table-wrapper\">\n<table class=\"cky-cookie-audit-table\">\n<thead>\n<tr>\n<th>Pl\u00e4tzchen<\/th>\n<th>Dauer<\/th>\n<th>Beschreibung<\/th>\n<\/tr>\n<\/thead>\n<tbody>\n<tr>\n<td>_ga_*<\/td>\n<td>1 Jahr 1 Monat 4 Tage<\/td>\n<td>Google Analytics setzt dieses Cookie, um Seitenaufrufe zu speichern und zu z\u00e4hlen.<\/td>\n<\/tr>\n<tr>\n<td>_ga<\/td>\n<td>1 Jahr 1 Monat 4 Tage<\/td>\n<td>Google Analytics setzt dieses Cookie, um Besucher-, Sitzungs- und Kampagnendaten zu berechnen und die Nutzung der Website f\u00fcr den Analysebericht der Website zu verfolgen. Das Cookie speichert Informationen anonym und weist eine zuf\u00e4llig generierte Nummer zu, um eindeutige Besucher zu erkennen.<\/td>\n<\/tr>\n<\/tbody>\n<\/table>\n<\/div>\n<\/div>\n<p><span>\u00a0<\/span><\/p>\n<h5>COOKIE-EINSTELLUNGEN VERWALTEN<\/h5>\n<p><a class=\"cky-banner-element\">Cookie-Einstellungen<\/a><span><\/span><\/p>\n<div>\n<p>Sie k\u00f6nnen Ihre Cookie-Einstellungen jederzeit \u00e4ndern, indem Sie auf die Schaltfl\u00e4che oben klicken. Dadurch k\u00f6nnen Sie das Cookie-Einwilligungsbanner erneut aufrufen und Ihre Einstellungen \u00e4ndern oder Ihre Einwilligung sofort widerrufen.<\/p>\n<p>Dar\u00fcber hinaus bieten verschiedene Browser unterschiedliche Methoden zum Blockieren und L\u00f6schen von Cookies, die von Websites verwendet werden. Sie k\u00f6nnen die Einstellungen Ihres Browsers \u00e4ndern, um die Cookies zu blockieren\/l\u00f6schen. Unten sind die Links zu den Supportdokumenten zum Verwalten und L\u00f6schen von Cookies in den wichtigsten Webbrowsern aufgef\u00fchrt.<\/p>\n<p>Chrom:<span>\u00a0<\/span><a href=\"https:\/\/support.google.com\/accounts\/answer\/32050\" target=\"_blank\" rel=\"noopener\">https:\/\/support.google.com\/accounts\/answer\/32050<\/a><\/p>\n<p>Safari:<span>\u00a0<\/span><a href=\"https:\/\/support.apple.com\/en-in\/guide\/safari\/sfri11471\/mac\" target=\"_blank\" rel=\"noopener\">https:\/\/support.apple.com\/en-in\/guide\/safari\/sfri11471\/mac<\/a><\/p>\n<p>Feuerfuchs:<span>\u00a0<\/span><a href=\"https:\/\/support.mozilla.org\/en-US\/kb\/clear-cookies-and-site-data-firefox?redirectslug=delete-cookies-remove-info-websites-stored&amp;redirectlocale=en-US\" target=\"_blank\" rel=\"noopener\">https:\/\/support.mozilla.org\/en-US\/kb\/clear-cookies-and-site-data-firefox?redirectslug=delete-cookies-remove-info-websites-stored&amp;redirectlocale=en-US<\/a><\/p>\n<p>Internet Explorer:<span>\u00a0<\/span><a href=\"https:\/\/support.microsoft.com\/en-us\/topic\/how-to-delete-cookie-files-in-internet-explorer-bca9446f-d873-78de-77ba-d42645fa52fc\" target=\"_blank\" rel=\"noopener\">https:\/\/support.microsoft.com\/en-us\/topic\/how-to-delete-cookie-files-in-internet-explorer-bca9446f-d873-78de-77ba-d42645fa52fc<\/a><\/p>\n<p>Wenn Sie einen anderen Webbrowser verwenden, lesen Sie bitte die offiziellen Supportdokumente Ihres Browsers.<\/p>\n<\/div>\n<p><span>\u00a0<\/span><\/p>\n<p>[\/et_pb_text][\/et_pb_column][\/et_pb_row][\/et_pb_section]<\/p>","protected":false},"excerpt":{"rendered":"<p>COOKIE POLICY Effective Date: 23-July-2025Last Updated: 23-July-2025 \u00a0 WHAT ARE COOKIES? This Cookie Policy explains what cookies are and how we use them, the types of cookies we use i.e, the information we collect using cookies and how that information is used, and how to manage the cookie settings. Cookies are small text files that [&hellip;]<\/p>","protected":false},"author":1,"featured_media":0,"parent":0,"menu_order":0,"comment_status":"closed","ping_status":"closed","template":"","meta":{"_et_pb_use_builder":"on","_et_pb_old_content":"","_et_gb_content_width":"","_mi_skip_tracking":false,"_monsterinsights_sitenote_active":false,"_monsterinsights_sitenote_note":"","_monsterinsights_sitenote_category":0,"footnotes":""},"class_list":["post-387763","page","type-page","status-publish","hentry"],"yoast_head":"<!-- This site is optimized with the Yoast SEO Premium plugin v24.8 (Yoast SEO v26.3) - https:\/\/yoast.com\/wordpress\/plugins\/seo\/ -->\n<title>Cookie Policy - HELMHOLTZ, UNSURPASSED MATERIAL HANDLING<\/title>\n<meta name=\"robots\" content=\"index, follow, max-snippet:-1, max-image-preview:large, max-video-preview:-1\" \/>\n<link rel=\"canonical\" href=\"https:\/\/helmholtz-magnet.com\/de\/cookie-richtlinie\/\" \/>\n<meta property=\"og:locale\" content=\"de_DE\" \/>\n<meta property=\"og:type\" content=\"article\" \/>\n<meta property=\"og:title\" content=\"Cookie Policy\" \/>\n<meta property=\"og:description\" content=\"COOKIE POLICY Effective Date: 23-July-2025Last Updated: 23-July-2025 \u00a0 WHAT ARE COOKIES? This Cookie Policy explains what cookies are and how we use them, the types of cookies we use i.e, the information we collect using cookies and how that information is used, and how to manage the cookie settings. Cookies are small text files that [&hellip;]\" \/>\n<meta property=\"og:url\" content=\"https:\/\/helmholtz-magnet.com\/de\/cookie-richtlinie\/\" \/>\n<meta property=\"og:site_name\" content=\"HELMHOLTZ, UNSURPASSED MATERIAL HANDLING\" \/>\n<meta property=\"article:publisher\" content=\"https:\/\/www.facebook.com\/Soph-Magnetics-Inc-530930033722115\/\" \/>\n<meta property=\"article:modified_time\" content=\"2025-07-23T20:29:07+00:00\" \/>\n<meta name=\"twitter:card\" content=\"summary_large_image\" \/>\n<meta name=\"twitter:site\" content=\"@soph_usa\" \/>\n<meta name=\"twitter:label1\" content=\"Gesch\u00e4tzte Lesezeit\" \/>\n\t<meta name=\"twitter:data1\" content=\"2\u00a0Minuten\" \/>\n<script type=\"application\/ld+json\" class=\"yoast-schema-graph\">{\"@context\":\"https:\/\/schema.org\",\"@graph\":[{\"@type\":\"WebPage\",\"@id\":\"https:\/\/helmholtz-magnet.com\/cookie-policy\/\",\"url\":\"https:\/\/helmholtz-magnet.com\/cookie-policy\/\",\"name\":\"Cookie Policy - HELMHOLTZ, UNSURPASSED MATERIAL HANDLING\",\"isPartOf\":{\"@id\":\"https:\/\/helmholtz-magnet.com\/#website\"},\"datePublished\":\"2023-09-18T19:58:37+00:00\",\"dateModified\":\"2025-07-23T20:29:07+00:00\",\"breadcrumb\":{\"@id\":\"https:\/\/helmholtz-magnet.com\/cookie-policy\/#breadcrumb\"},\"inLanguage\":\"de\",\"potentialAction\":[{\"@type\":\"ReadAction\",\"target\":[\"https:\/\/helmholtz-magnet.com\/cookie-policy\/\"]}]},{\"@type\":\"BreadcrumbList\",\"@id\":\"https:\/\/helmholtz-magnet.com\/cookie-policy\/#breadcrumb\",\"itemListElement\":[{\"@type\":\"ListItem\",\"position\":1,\"name\":\"Home\",\"item\":\"https:\/\/helmholtz-magnet.com\/\"},{\"@type\":\"ListItem\",\"position\":2,\"name\":\"Cookie Policy\"}]},{\"@type\":\"WebSite\",\"@id\":\"https:\/\/helmholtz-magnet.com\/#website\",\"url\":\"https:\/\/helmholtz-magnet.com\/\",\"name\":\"HELMHOLTZ, UNSURPASSED MATERIAL HANDLING\",\"description\":\"HELMHOLTZ, UNSURPASSED MATERIAL HANDLING\",\"publisher\":{\"@id\":\"https:\/\/helmholtz-magnet.com\/#organization\"},\"potentialAction\":[{\"@type\":\"SearchAction\",\"target\":{\"@type\":\"EntryPoint\",\"urlTemplate\":\"https:\/\/helmholtz-magnet.com\/?s={search_term_string}\"},\"query-input\":{\"@type\":\"PropertyValueSpecification\",\"valueRequired\":true,\"valueName\":\"search_term_string\"}}],\"inLanguage\":\"de\"},{\"@type\":\"Organization\",\"@id\":\"https:\/\/helmholtz-magnet.com\/#organization\",\"name\":\"Helmholtz Magnets\",\"url\":\"https:\/\/helmholtz-magnet.com\/\",\"logo\":{\"@type\":\"ImageObject\",\"inLanguage\":\"de\",\"@id\":\"https:\/\/helmholtz-magnet.com\/#\/schema\/logo\/image\/\",\"url\":\"https:\/\/helmholtz-magnet.com\/wp-content\/uploads\/2023\/09\/logo.svg\",\"contentUrl\":\"https:\/\/helmholtz-magnet.com\/wp-content\/uploads\/2023\/09\/logo.svg\",\"width\":1206,\"height\":214,\"caption\":\"Helmholtz Magnets\"},\"image\":{\"@id\":\"https:\/\/helmholtz-magnet.com\/#\/schema\/logo\/image\/\"},\"sameAs\":[\"https:\/\/www.facebook.com\/Soph-Magnetics-Inc-530930033722115\/\",\"https:\/\/x.com\/soph_usa\",\"https:\/\/www.youtube.com\/channel\/UCnxgzBXQDhTRw-bUPpYoI6g\",\"https:\/\/goo.gl\/maps\/6AULBobLT1c77iZEA\"]}]}<\/script>\n<!-- \/ Yoast SEO Premium plugin. -->","yoast_head_json":{"title":"Cookie-Richtlinie - HELMHOLTZ, UN\u00dcBERTROFFENE MATERIALHANDHABUNG","robots":{"index":"index","follow":"follow","max-snippet":"max-snippet:-1","max-image-preview":"max-image-preview:large","max-video-preview":"max-video-preview:-1"},"canonical":"https:\/\/helmholtz-magnet.com\/de\/cookie-richtlinie\/","og_locale":"de_DE","og_type":"article","og_title":"Cookie Policy","og_description":"COOKIE POLICY Effective Date: 23-July-2025Last Updated: 23-July-2025 \u00a0 WHAT ARE COOKIES? This Cookie Policy explains what cookies are and how we use them, the types of cookies we use i.e, the information we collect using cookies and how that information is used, and how to manage the cookie settings. Cookies are small text files that [&hellip;]","og_url":"https:\/\/helmholtz-magnet.com\/de\/cookie-richtlinie\/","og_site_name":"HELMHOLTZ, UNSURPASSED MATERIAL HANDLING","article_publisher":"https:\/\/www.facebook.com\/Soph-Magnetics-Inc-530930033722115\/","article_modified_time":"2025-07-23T20:29:07+00:00","twitter_card":"summary_large_image","twitter_site":"@soph_usa","twitter_misc":{"Gesch\u00e4tzte Lesezeit":"2\u00a0Minuten"},"schema":{"@context":"https:\/\/schema.org","@graph":[{"@type":"WebPage","@id":"https:\/\/helmholtz-magnet.com\/cookie-policy\/","url":"https:\/\/helmholtz-magnet.com\/cookie-policy\/","name":"Cookie-Richtlinie - HELMHOLTZ, UN\u00dcBERTROFFENE MATERIALHANDHABUNG","isPartOf":{"@id":"https:\/\/helmholtz-magnet.com\/#website"},"datePublished":"2023-09-18T19:58:37+00:00","dateModified":"2025-07-23T20:29:07+00:00","breadcrumb":{"@id":"https:\/\/helmholtz-magnet.com\/cookie-policy\/#breadcrumb"},"inLanguage":"de","potentialAction":[{"@type":"ReadAction","target":["https:\/\/helmholtz-magnet.com\/cookie-policy\/"]}]},{"@type":"BreadcrumbList","@id":"https:\/\/helmholtz-magnet.com\/cookie-policy\/#breadcrumb","itemListElement":[{"@type":"ListItem","position":1,"name":"Home","item":"https:\/\/helmholtz-magnet.com\/"},{"@type":"ListItem","position":2,"name":"Cookie Policy"}]},{"@type":"WebSite","@id":"https:\/\/helmholtz-magnet.com\/#website","url":"https:\/\/helmholtz-magnet.com\/","name":"HELMHOLTZ, UN\u00dcBERTROFFENES MATERIALHANDLING","description":"HELMHOLTZ, UN\u00dcBERTROFFENES MATERIALHANDLING","publisher":{"@id":"https:\/\/helmholtz-magnet.com\/#organization"},"potentialAction":[{"@type":"SearchAction","target":{"@type":"EntryPoint","urlTemplate":"https:\/\/helmholtz-magnet.com\/?s={search_term_string}"},"query-input":{"@type":"PropertyValueSpecification","valueRequired":true,"valueName":"search_term_string"}}],"inLanguage":"de"},{"@type":"Organization","@id":"https:\/\/helmholtz-magnet.com\/#organization","name":"Helmholtz-Magnete","url":"https:\/\/helmholtz-magnet.com\/","logo":{"@type":"ImageObject","inLanguage":"de","@id":"https:\/\/helmholtz-magnet.com\/#\/schema\/logo\/image\/","url":"https:\/\/helmholtz-magnet.com\/wp-content\/uploads\/2023\/09\/logo.svg","contentUrl":"https:\/\/helmholtz-magnet.com\/wp-content\/uploads\/2023\/09\/logo.svg","width":1206,"height":214,"caption":"Helmholtz Magnets"},"image":{"@id":"https:\/\/helmholtz-magnet.com\/#\/schema\/logo\/image\/"},"sameAs":["https:\/\/www.facebook.com\/Soph-Magnetics-Inc-530930033722115\/","https:\/\/x.com\/soph_usa","https:\/\/www.youtube.com\/channel\/UCnxgzBXQDhTRw-bUPpYoI6g","https:\/\/goo.gl\/maps\/6AULBobLT1c77iZEA"]}]}},"_links":{"self":[{"href":"https:\/\/helmholtz-magnet.com\/de\/wp-json\/wp\/v2\/pages\/387763","targetHints":{"allow":["GET"]}}],"collection":[{"href":"https:\/\/helmholtz-magnet.com\/de\/wp-json\/wp\/v2\/pages"}],"about":[{"href":"https:\/\/helmholtz-magnet.com\/de\/wp-json\/wp\/v2\/types\/page"}],"author":[{"embeddable":true,"href":"https:\/\/helmholtz-magnet.com\/de\/wp-json\/wp\/v2\/users\/1"}],"replies":[{"embeddable":true,"href":"https:\/\/helmholtz-magnet.com\/de\/wp-json\/wp\/v2\/comments?post=387763"}],"version-history":[{"count":7,"href":"https:\/\/helmholtz-magnet.com\/de\/wp-json\/wp\/v2\/pages\/387763\/revisions"}],"predecessor-version":[{"id":389024,"href":"https:\/\/helmholtz-magnet.com\/de\/wp-json\/wp\/v2\/pages\/387763\/revisions\/389024"}],"wp:attachment":[{"href":"https:\/\/helmholtz-magnet.com\/de\/wp-json\/wp\/v2\/media?parent=387763"}],"curies":[{"name":"wp","href":"https:\/\/api.w.org\/{rel}","templated":true}]}}