{"id":387767,"date":"2023-09-18T20:01:25","date_gmt":"2023-09-18T20:01:25","guid":{"rendered":"https:\/\/helmholtz-magnet.com\/?page_id=387767"},"modified":"2023-10-17T15:47:04","modified_gmt":"2023-10-17T15:47:04","slug":"datenschutzrichtlinie","status":"publish","type":"page","link":"https:\/\/helmholtz-magnet.com\/de\/datenschutzrichtlinie\/","title":{"rendered":"DATENSCHUTZRICHTLINIE"},"content":{"rendered":"<p>[et_pb_section fb_built=&#8221;1&#8243; _builder_version=&#8221;4.22.1&#8243; _module_preset=&#8221;default&#8221; global_colors_info=&#8221;{}&#8221; custom_padding=&#8221;45px|||||&#8221;][et_pb_row _builder_version=&#8221;4.22.1&#8243; _module_preset=&#8221;default&#8221; global_colors_info=&#8221;{}&#8221;][et_pb_column type=&#8221;4_4&#8243; _builder_version=&#8221;4.22.1&#8243; _module_preset=&#8221;default&#8221; global_colors_info=&#8221;{}&#8221;][et_pb_text _builder_version=&#8221;4.22.1&#8243; _module_preset=&#8221;default&#8221; global_colors_info=&#8221;{}&#8221;]<\/p>\n<h1 class=\"privacy-policy-h1\">DATENSCHUTZRICHTLINIE<br \/><span>ZULETZT AKTUALISIERT AM 25. AUGUST 2023<\/span><br \/><span>INKRAFTTRETEN: 25. AUGUST 2023<\/span><\/h1>\n<p class=\"privacy-policy-p\">Diese Datenschutzrichtlinie beschreibt die Richtlinien von SOPH Inc, 195 South Alloy Dr. Fenton MI, Michigan 48430, Vereinigte Staaten von Amerika (die), E-Mail: nick@chooseignite.com, Telefon: 1-810-750-1120 zur Erhebung, Nutzung und Weitergabe Ihrer Daten, die wir bei der Nutzung unserer Website (https:\/\/soph-magnet.com) erfassen. (der Service&quot;). Indem Sie auf den Dienst zugreifen oder ihn nutzen, stimmen Sie der Erfassung, Nutzung und Offenlegung Ihrer Daten gem\u00e4\u00df dieser Datenschutzrichtlinie zu. Wenn Sie dem nicht zustimmen, greifen Sie bitte nicht auf den Dienst zu und nutzen Sie ihn nicht.<\/p>\n<p class=\"privacy-policy-p\">Wir k\u00f6nnen diese Datenschutzrichtlinie jederzeit ohne vorherige Ank\u00fcndigung \u00e4ndern und werden die \u00fcberarbeitete Datenschutzrichtlinie im Service ver\u00f6ffentlichen. Die \u00fcberarbeitete Richtlinie tritt 180 Tage nach der Ver\u00f6ffentlichung der \u00fcberarbeiteten Richtlinie im Dienst in Kraft und Ihr fortgesetzter Zugriff oder Ihre weitere Nutzung des Dienstes nach diesem Zeitraum stellt Ihre Zustimmung zur \u00fcberarbeiteten Datenschutzrichtlinie dar. Wir empfehlen Ihnen daher, diese Seite regelm\u00e4\u00dfig zu \u00fcberpr\u00fcfen.<\/p>\n<h2 class=\"privacy-policy-h2\">1. WIE WIR IHRE INFORMATIONEN VERWENDEN:<\/h2>\n<p class=\"privacy-policy-p\">Wir werden die Informationen, die wir \u00fcber Sie sammeln, f\u00fcr die folgenden Zwecke verwenden:<\/p>\n<ol class=\"privacy-policy-ol\">\n<li>Informationen zur Verwaltung<\/li>\n<\/ol>\n<p class=\"privacy-policy-p\">Wenn wir Ihre Daten f\u00fcr einen anderen Zweck verwenden m\u00f6chten, werden wir Sie um Ihre Einwilligung bitten und Ihre Daten nur nach Erhalt Ihrer Einwilligung und dann nur f\u00fcr den\/die Zweck(e) verwenden, f\u00fcr den\/die Sie Ihre Einwilligung erteilt haben, sofern wir nicht dazu verpflichtet sind Gesetz.<\/p>\n<h2 class=\"privacy-policy-h2\">2. WIE WIR IHRE INFORMATIONEN TEILEN:<\/h2>\n<p class=\"privacy-policy-p\">Wir werden Ihre personenbezogenen Daten nicht ohne Ihre Zustimmung an Dritte weitergeben, au\u00dfer in den unten beschriebenen begrenzten F\u00e4llen:<\/p>\n<ol class=\"privacy-policy-ol\">\n<li>Analytik<\/li>\n<\/ol>\n<p class=\"privacy-policy-p\">Wir verlangen von diesen Dritten, dass sie die von uns an sie \u00fcbermittelten personenbezogenen Daten nur f\u00fcr den Zweck verwenden, f\u00fcr den sie \u00fcbermittelt wurden, und sie nicht l\u00e4nger aufbewahren, als es zur Erf\u00fcllung des genannten Zwecks erforderlich ist.<\/p>\n<p class=\"privacy-policy-p\">Wir k\u00f6nnen Ihre personenbezogenen Daten auch aus folgenden Gr\u00fcnden offenlegen: (1) um geltendem Recht, Vorschriften, Gerichtsbeschl\u00fcssen oder anderen rechtlichen Verfahren nachzukommen; (2) um Ihre Vereinbarungen mit uns, einschlie\u00dflich dieser Datenschutzrichtlinie, durchzusetzen; oder (3) um auf Behauptungen zu reagieren, dass Ihre Nutzung des Dienstes Rechte Dritter verletzt. Wenn der Dienst oder unser Unternehmen mit einem anderen Unternehmen fusioniert oder \u00fcbernommen wird, geh\u00f6ren Ihre Daten zu den Verm\u00f6genswerten, die an den neuen Eigent\u00fcmer \u00fcbertragen werden.<\/p>\n<h2 class=\"privacy-policy-h2\">3. IHRE RECHTE:<\/h2>\n<p class=\"privacy-policy-p\">Je nach anwendbarem Recht haben Sie m\u00f6glicherweise das Recht, auf Ihre personenbezogenen Daten zuzugreifen und diese zu berichtigen oder zu l\u00f6schen oder eine Kopie Ihrer personenbezogenen Daten zu erhalten, die aktive Verarbeitung Ihrer Daten einzuschr\u00e4nken oder ihr zu widersprechen oder uns um die Weitergabe (Portierung) Ihrer personenbezogenen Daten zu bitten Informationen an ein anderes Unternehmen zu \u00fcbermitteln, die Einwilligung, die Sie uns zur Verarbeitung Ihrer Daten erteilt haben, zu widerrufen, das Recht, eine Beschwerde bei einer gesetzlichen Beh\u00f6rde einzureichen, und alle anderen Rechte, die nach geltendem Recht relevant sein k\u00f6nnen. Um diese Rechte auszu\u00fcben, k\u00f6nnen Sie uns unter nick@chooseignite.com schreiben. Wir werden Ihre Anfrage im Einklang mit geltendem Recht beantworten.<\/p>\n<p class=\"privacy-policy-p\">Bitte beachten Sie, dass Sie m\u00f6glicherweise nicht auf die Dienste zugreifen oder diese nutzen k\u00f6nnen, f\u00fcr die Ihre Daten angefordert wurden, wenn Sie uns nicht gestatten, die erforderlichen personenbezogenen Daten zu sammeln oder zu verarbeiten oder die Einwilligung zur Verarbeitung derselben f\u00fcr die erforderlichen Zwecke widerrufen.<\/p>\n<h2 class=\"privacy-policy-h2\">4. COOKIES USW.<\/h2>\n<p class=\"privacy-policy-p\">Um mehr dar\u00fcber zu erfahren, wie wir diese nutzen und welche M\u00f6glichkeiten Sie in Bezug auf diese Tracking-Technologien haben, lesen Sie bitte unsere<span>\u00a0<\/span><a href=\"https:\/\/brisc-magnet.ignitemedia.dev\/cookie-policy\">Cookie-Richtlinie.<\/a><\/p>\n<h2 class=\"privacy-policy-h2\">5. SICHERHEIT:<\/h2>\n<p class=\"privacy-policy-p\">Die Sicherheit Ihrer Daten ist uns wichtig und wir werden angemessene Sicherheitsma\u00dfnahmen ergreifen, um den Verlust, Missbrauch oder unbefugte \u00c4nderung Ihrer Daten unter unserer Kontrolle zu verhindern. Aufgrund der inh\u00e4renten Risiken k\u00f6nnen wir jedoch keine absolute Sicherheit garantieren und k\u00f6nnen daher die Sicherheit der von Ihnen an uns \u00fcbermittelten Informationen nicht gew\u00e4hrleisten oder garantieren, und Sie tun dies auf eigenes Risiko.<\/p>\n<h2 class=\"privacy-policy-h2\">6. LINKS DRITTER UND VERWENDUNG IHRER INFORMATIONEN:<\/h2>\n<p class=\"privacy-policy-p\">Unser Service kann Links zu anderen Websites enthalten, die nicht von uns betrieben werden. Diese Datenschutzrichtlinie befasst sich nicht mit den Datenschutzrichtlinien und anderen Praktiken Dritter, einschlie\u00dflich Dritter, die Websites oder Dienste betreiben, auf die \u00fcber einen Link im Dienst zugegriffen werden kann. Wir empfehlen Ihnen dringend, die Datenschutzrichtlinien jeder von Ihnen besuchten Website zu lesen. Wir haben keine Kontrolle \u00fcber die Inhalte, Datenschutzrichtlinien oder Praktiken von Websites oder Diensten Dritter und \u00fcbernehmen keine Verantwortung daf\u00fcr.<\/p>\n<h2 class=\"privacy-policy-h2\">7. BESCHWERDE \/ DATENSCHUTZBEAUFTRAGTER:<\/h2>\n<p class=\"privacy-policy-p\">Wenn Sie Fragen oder Bedenken bez\u00fcglich der Verarbeitung Ihrer bei uns verf\u00fcgbaren Daten haben, k\u00f6nnen Sie eine E-Mail an unseren Beschwerdebeauftragten bei SOPH Inc, 195 South Alloy Dr. Fenton MI, E-Mail: nick@chooseignite.com, senden. Wir werden Ihre Anliegen im Einklang mit geltendem Recht bearbeiten.<\/p>\n<p class=\"privacy-policy-p\">Datenschutzrichtlinie erstellt mit<span>\u00a0<\/span><a target=\"_blank\" href=\"https:\/\/www.cookieyes.com\/?utm_source=PP&amp;utm_medium=footer&amp;utm_campaign=UW\" rel=\"noopener\">CookieJa<\/a>.<\/p>\n<p>[\/et_pb_text][\/et_pb_column][\/et_pb_row][\/et_pb_section]<\/p>","protected":false},"excerpt":{"rendered":"<p>PRIVACY POLICYLAST UPDATED ON 25-AUG-2023EFFECTIVE DATE 25-AUG-2023 This Privacy Policy describes the policies of SOPH Inc, 195 South Alloy Dr. Fenton MI, Michigan 48430, United States of America (the), email: nick@chooseignite.com, phone: 1-810-750-1120 on the collection, use and disclosure of your information that we collect when you use our website ( https:\/\/soph-magnet.com ). (the \u201cService\u201d). [&hellip;]<\/p>","protected":false},"author":1,"featured_media":0,"parent":0,"menu_order":0,"comment_status":"closed","ping_status":"closed","template":"","meta":{"_et_pb_use_builder":"on","_et_pb_old_content":"","_et_gb_content_width":"","_mi_skip_tracking":false,"_monsterinsights_sitenote_active":false,"_monsterinsights_sitenote_note":"","_monsterinsights_sitenote_category":0,"footnotes":""},"class_list":["post-387767","page","type-page","status-publish","hentry"],"yoast_head":"<!-- This site is optimized with the Yoast SEO Premium plugin v24.8 (Yoast SEO v26.3) - https:\/\/yoast.com\/wordpress\/plugins\/seo\/ -->\n<title>PRIVACY POLICY - HELMHOLTZ, UNSURPASSED MATERIAL HANDLING<\/title>\n<meta name=\"robots\" content=\"index, follow, max-snippet:-1, max-image-preview:large, max-video-preview:-1\" \/>\n<link rel=\"canonical\" href=\"https:\/\/helmholtz-magnet.com\/de\/datenschutzrichtlinie\/\" \/>\n<meta property=\"og:locale\" content=\"de_DE\" \/>\n<meta property=\"og:type\" content=\"article\" \/>\n<meta property=\"og:title\" content=\"PRIVACY POLICY\" \/>\n<meta property=\"og:description\" content=\"PRIVACY POLICYLAST UPDATED ON 25-AUG-2023EFFECTIVE DATE 25-AUG-2023 This Privacy Policy describes the policies of SOPH Inc, 195 South Alloy Dr. Fenton MI, Michigan 48430, United States of America (the), email: nick@chooseignite.com, phone: 1-810-750-1120 on the collection, use and disclosure of your information that we collect when you use our website ( https:\/\/soph-magnet.com ). (the \u201cService\u201d). [&hellip;]\" \/>\n<meta property=\"og:url\" content=\"https:\/\/helmholtz-magnet.com\/de\/datenschutzrichtlinie\/\" \/>\n<meta property=\"og:site_name\" content=\"HELMHOLTZ, UNSURPASSED MATERIAL HANDLING\" \/>\n<meta property=\"article:publisher\" content=\"https:\/\/www.facebook.com\/Soph-Magnetics-Inc-530930033722115\/\" \/>\n<meta property=\"article:modified_time\" content=\"2023-10-17T15:47:04+00:00\" \/>\n<meta name=\"twitter:card\" content=\"summary_large_image\" \/>\n<meta name=\"twitter:site\" content=\"@soph_usa\" \/>\n<meta name=\"twitter:label1\" content=\"Gesch\u00e4tzte Lesezeit\" \/>\n\t<meta name=\"twitter:data1\" content=\"4\u00a0Minuten\" \/>\n<script type=\"application\/ld+json\" class=\"yoast-schema-graph\">{\"@context\":\"https:\/\/schema.org\",\"@graph\":[{\"@type\":\"WebPage\",\"@id\":\"https:\/\/helmholtz-magnet.com\/privacy-policy\/\",\"url\":\"https:\/\/helmholtz-magnet.com\/privacy-policy\/\",\"name\":\"PRIVACY POLICY - HELMHOLTZ, UNSURPASSED MATERIAL HANDLING\",\"isPartOf\":{\"@id\":\"https:\/\/helmholtz-magnet.com\/#website\"},\"datePublished\":\"2023-09-18T20:01:25+00:00\",\"dateModified\":\"2023-10-17T15:47:04+00:00\",\"breadcrumb\":{\"@id\":\"https:\/\/helmholtz-magnet.com\/privacy-policy\/#breadcrumb\"},\"inLanguage\":\"de\",\"potentialAction\":[{\"@type\":\"ReadAction\",\"target\":[\"https:\/\/helmholtz-magnet.com\/privacy-policy\/\"]}]},{\"@type\":\"BreadcrumbList\",\"@id\":\"https:\/\/helmholtz-magnet.com\/privacy-policy\/#breadcrumb\",\"itemListElement\":[{\"@type\":\"ListItem\",\"position\":1,\"name\":\"Home\",\"item\":\"https:\/\/helmholtz-magnet.com\/\"},{\"@type\":\"ListItem\",\"position\":2,\"name\":\"PRIVACY POLICY\"}]},{\"@type\":\"WebSite\",\"@id\":\"https:\/\/helmholtz-magnet.com\/#website\",\"url\":\"https:\/\/helmholtz-magnet.com\/\",\"name\":\"HELMHOLTZ, UNSURPASSED MATERIAL HANDLING\",\"description\":\"HELMHOLTZ, UNSURPASSED MATERIAL HANDLING\",\"publisher\":{\"@id\":\"https:\/\/helmholtz-magnet.com\/#organization\"},\"potentialAction\":[{\"@type\":\"SearchAction\",\"target\":{\"@type\":\"EntryPoint\",\"urlTemplate\":\"https:\/\/helmholtz-magnet.com\/?s={search_term_string}\"},\"query-input\":{\"@type\":\"PropertyValueSpecification\",\"valueRequired\":true,\"valueName\":\"search_term_string\"}}],\"inLanguage\":\"de\"},{\"@type\":\"Organization\",\"@id\":\"https:\/\/helmholtz-magnet.com\/#organization\",\"name\":\"Helmholtz Magnets\",\"url\":\"https:\/\/helmholtz-magnet.com\/\",\"logo\":{\"@type\":\"ImageObject\",\"inLanguage\":\"de\",\"@id\":\"https:\/\/helmholtz-magnet.com\/#\/schema\/logo\/image\/\",\"url\":\"https:\/\/helmholtz-magnet.com\/wp-content\/uploads\/2023\/09\/logo.svg\",\"contentUrl\":\"https:\/\/helmholtz-magnet.com\/wp-content\/uploads\/2023\/09\/logo.svg\",\"width\":1206,\"height\":214,\"caption\":\"Helmholtz Magnets\"},\"image\":{\"@id\":\"https:\/\/helmholtz-magnet.com\/#\/schema\/logo\/image\/\"},\"sameAs\":[\"https:\/\/www.facebook.com\/Soph-Magnetics-Inc-530930033722115\/\",\"https:\/\/x.com\/soph_usa\",\"https:\/\/www.youtube.com\/channel\/UCnxgzBXQDhTRw-bUPpYoI6g\",\"https:\/\/goo.gl\/maps\/6AULBobLT1c77iZEA\"]}]}<\/script>\n<!-- \/ Yoast SEO Premium plugin. -->","yoast_head_json":{"title":"DATENSCHUTZERKL\u00c4RUNG - HELMHOLTZ, UN\u00dcBERTROFFENE MATERIALHANDHABUNG","robots":{"index":"index","follow":"follow","max-snippet":"max-snippet:-1","max-image-preview":"max-image-preview:large","max-video-preview":"max-video-preview:-1"},"canonical":"https:\/\/helmholtz-magnet.com\/de\/datenschutzrichtlinie\/","og_locale":"de_DE","og_type":"article","og_title":"PRIVACY POLICY","og_description":"PRIVACY POLICYLAST UPDATED ON 25-AUG-2023EFFECTIVE DATE 25-AUG-2023 This Privacy Policy describes the policies of SOPH Inc, 195 South Alloy Dr. Fenton MI, Michigan 48430, United States of America (the), email: nick@chooseignite.com, phone: 1-810-750-1120 on the collection, use and disclosure of your information that we collect when you use our website ( https:\/\/soph-magnet.com ). (the \u201cService\u201d). [&hellip;]","og_url":"https:\/\/helmholtz-magnet.com\/de\/datenschutzrichtlinie\/","og_site_name":"HELMHOLTZ, UNSURPASSED MATERIAL HANDLING","article_publisher":"https:\/\/www.facebook.com\/Soph-Magnetics-Inc-530930033722115\/","article_modified_time":"2023-10-17T15:47:04+00:00","twitter_card":"summary_large_image","twitter_site":"@soph_usa","twitter_misc":{"Gesch\u00e4tzte Lesezeit":"4\u00a0Minuten"},"schema":{"@context":"https:\/\/schema.org","@graph":[{"@type":"WebPage","@id":"https:\/\/helmholtz-magnet.com\/privacy-policy\/","url":"https:\/\/helmholtz-magnet.com\/privacy-policy\/","name":"DATENSCHUTZERKL\u00c4RUNG - HELMHOLTZ, UN\u00dcBERTROFFENE MATERIALHANDHABUNG","isPartOf":{"@id":"https:\/\/helmholtz-magnet.com\/#website"},"datePublished":"2023-09-18T20:01:25+00:00","dateModified":"2023-10-17T15:47:04+00:00","breadcrumb":{"@id":"https:\/\/helmholtz-magnet.com\/privacy-policy\/#breadcrumb"},"inLanguage":"de","potentialAction":[{"@type":"ReadAction","target":["https:\/\/helmholtz-magnet.com\/privacy-policy\/"]}]},{"@type":"BreadcrumbList","@id":"https:\/\/helmholtz-magnet.com\/privacy-policy\/#breadcrumb","itemListElement":[{"@type":"ListItem","position":1,"name":"Home","item":"https:\/\/helmholtz-magnet.com\/"},{"@type":"ListItem","position":2,"name":"PRIVACY POLICY"}]},{"@type":"WebSite","@id":"https:\/\/helmholtz-magnet.com\/#website","url":"https:\/\/helmholtz-magnet.com\/","name":"HELMHOLTZ, UN\u00dcBERTROFFENES MATERIALHANDLING","description":"HELMHOLTZ, UN\u00dcBERTROFFENES MATERIALHANDLING","publisher":{"@id":"https:\/\/helmholtz-magnet.com\/#organization"},"potentialAction":[{"@type":"SearchAction","target":{"@type":"EntryPoint","urlTemplate":"https:\/\/helmholtz-magnet.com\/?s={search_term_string}"},"query-input":{"@type":"PropertyValueSpecification","valueRequired":true,"valueName":"search_term_string"}}],"inLanguage":"de"},{"@type":"Organization","@id":"https:\/\/helmholtz-magnet.com\/#organization","name":"Helmholtz-Magnete","url":"https:\/\/helmholtz-magnet.com\/","logo":{"@type":"ImageObject","inLanguage":"de","@id":"https:\/\/helmholtz-magnet.com\/#\/schema\/logo\/image\/","url":"https:\/\/helmholtz-magnet.com\/wp-content\/uploads\/2023\/09\/logo.svg","contentUrl":"https:\/\/helmholtz-magnet.com\/wp-content\/uploads\/2023\/09\/logo.svg","width":1206,"height":214,"caption":"Helmholtz Magnets"},"image":{"@id":"https:\/\/helmholtz-magnet.com\/#\/schema\/logo\/image\/"},"sameAs":["https:\/\/www.facebook.com\/Soph-Magnetics-Inc-530930033722115\/","https:\/\/x.com\/soph_usa","https:\/\/www.youtube.com\/channel\/UCnxgzBXQDhTRw-bUPpYoI6g","https:\/\/goo.gl\/maps\/6AULBobLT1c77iZEA"]}]}},"_links":{"self":[{"href":"https:\/\/helmholtz-magnet.com\/de\/wp-json\/wp\/v2\/pages\/387767","targetHints":{"allow":["GET"]}}],"collection":[{"href":"https:\/\/helmholtz-magnet.com\/de\/wp-json\/wp\/v2\/pages"}],"about":[{"href":"https:\/\/helmholtz-magnet.com\/de\/wp-json\/wp\/v2\/types\/page"}],"author":[{"embeddable":true,"href":"https:\/\/helmholtz-magnet.com\/de\/wp-json\/wp\/v2\/users\/1"}],"replies":[{"embeddable":true,"href":"https:\/\/helmholtz-magnet.com\/de\/wp-json\/wp\/v2\/comments?post=387767"}],"version-history":[{"count":6,"href":"https:\/\/helmholtz-magnet.com\/de\/wp-json\/wp\/v2\/pages\/387767\/revisions"}],"predecessor-version":[{"id":388475,"href":"https:\/\/helmholtz-magnet.com\/de\/wp-json\/wp\/v2\/pages\/387767\/revisions\/388475"}],"wp:attachment":[{"href":"https:\/\/helmholtz-magnet.com\/de\/wp-json\/wp\/v2\/media?parent=387767"}],"curies":[{"name":"wp","href":"https:\/\/api.w.org\/{rel}","templated":true}]}}