{"id":387793,"date":"2023-09-18T20:53:37","date_gmt":"2023-09-18T20:53:37","guid":{"rendered":"https:\/\/helmholtz-magnet.com\/?page_id=387793"},"modified":"2023-10-17T16:36:27","modified_gmt":"2023-10-17T16:36:27","slug":"uber-uns","status":"publish","type":"page","link":"https:\/\/helmholtz-magnet.com\/de\/uber-uns\/","title":{"rendered":"\u00dcBER UNS"},"content":{"rendered":"<p>[et_pb_section fb_built=&#8221;1&#8243; custom_padding_last_edited=&#8221;on|phone&#8221; admin_label=&#8221;Boxy Header Module &#8211; Image 1920 x 1117 pixels&#8221; module_class=&#8221;header_8_f falkor&#8221; _builder_version=&#8221;4.22.2&#8243; background_color=&#8221;rgba(255,255,255,0)&#8221; background_image=&#8221;https:\/\/helmholtz-magnet.com\/wp-content\/uploads\/2023\/09\/DSC_1772.jpg&#8221; custom_padding=&#8221;3vw||1vw||false|&#8221; custom_padding_tablet=&#8221;100px||100px|&#8221; custom_padding_phone=&#8221;80px||80px|&#8221; custom_css_before=&#8221; content: %22%22;|| display: block;|| position: absolute;|| top: 0;|| left: 0;|| width: 100%;|| height: 100%;|| background: #000000;|| opacity: 0.3;&#8221; collapsed=&#8221;off&#8221; global_colors_info=&#8221;{}&#8221;][et_pb_row custom_padding_last_edited=&#8221;on|tablet&#8221; admin_label=&#8221;Boxy Header Module&#8221; module_class=&#8221;lines_ba et_pb_row_fullwidth&#8221; _builder_version=&#8221;4.16&#8243; background_size=&#8221;initial&#8221; background_position=&#8221;top_left&#8221; background_repeat=&#8221;repeat&#8221; width=&#8221;89%&#8221; width_tablet=&#8221;80%&#8221; width_phone=&#8221;80%&#8221; width_last_edited=&#8221;on|desktop&#8221; max_width=&#8221;89%&#8221; max_width_tablet=&#8221;80%&#8221; max_width_phone=&#8221;80%&#8221; max_width_last_edited=&#8221;on|desktop&#8221; custom_padding=&#8221;20px|0px|20px|0px&#8221; custom_padding_tablet=&#8221;0px|0px|0px|0px&#8221; custom_padding_phone=&#8221;&#8221; make_fullwidth=&#8221;on&#8221; global_colors_info=&#8221;{}&#8221;][et_pb_column type=&#8221;4_4&#8243; _builder_version=&#8221;4.16&#8243; background_position=&#8221;top_left&#8221; custom_padding=&#8221;|||&#8221; global_colors_info=&#8221;{}&#8221; custom_padding__hover=&#8221;|||&#8221;][et_pb_cta title=&#8221;ABOUT US&#8221; admin_label=&#8221;Make It Awesome&#8221; _builder_version=&#8221;4.22.2&#8243; header_font=&#8221;Korolev Medium|||on|||||&#8221; header_text_color=&#8221;#ffffff&#8221; header_font_size=&#8221;60px&#8221; header_letter_spacing=&#8221;2px&#8221; header_line_height=&#8221;1.7em&#8221; body_font=&#8221;Lato||||&#8221; body_text_color=&#8221;#ffffff&#8221; body_font_size=&#8221;16&#8243; body_line_height=&#8221;170%&#8221; use_background_color=&#8221;off&#8221; custom_button=&#8221;on&#8221; button_text_size=&#8221;16px&#8221; button_text_color=&#8221;#ffffff&#8221; button_bg_color=&#8221;rgba(0,0,0,0)&#8221; button_border_color=&#8221;#ffffff&#8221; button_border_radius=&#8221;0px&#8221; button_font=&#8221;Montserrat|on||on|&#8221; button_use_icon=&#8221;off&#8221; header_font_size_tablet=&#8221;50&#8243; header_font_size_phone=&#8221;36&#8243; header_font_size_last_edited=&#8221;on|phone&#8221; custom_css_promo_title=&#8221;line-height: 110% !important;|| position: relative;||padding: 20px 20px;|| display: block;||margin-bottom: 24px;&#8221; button_border_radius_hover=&#8221;0px&#8221; button_bg_color_hover=&#8221;rgba(0,0,0,0.3)&#8221; global_colors_info=&#8221;{}&#8221; button_text_size__hover_enabled=&#8221;off&#8221; button_one_text_size__hover_enabled=&#8221;off&#8221; button_two_text_size__hover_enabled=&#8221;off&#8221; button_text_color__hover_enabled=&#8221;off&#8221; button_one_text_color__hover_enabled=&#8221;off&#8221; button_two_text_color__hover_enabled=&#8221;off&#8221; button_border_width__hover_enabled=&#8221;off&#8221; button_one_border_width__hover_enabled=&#8221;off&#8221; button_two_border_width__hover_enabled=&#8221;off&#8221; button_border_color__hover_enabled=&#8221;off&#8221; button_one_border_color__hover_enabled=&#8221;off&#8221; button_two_border_color__hover_enabled=&#8221;off&#8221; button_border_radius__hover_enabled=&#8221;on&#8221; button_border_radius__hover=&#8221;0px&#8221; button_one_border_radius__hover_enabled=&#8221;off&#8221; button_two_border_radius__hover_enabled=&#8221;off&#8221; button_letter_spacing__hover_enabled=&#8221;off&#8221; button_one_letter_spacing__hover_enabled=&#8221;off&#8221; button_two_letter_spacing__hover_enabled=&#8221;off&#8221; button_bg_color__hover_enabled=&#8221;on&#8221; button_bg_color__hover=&#8221;rgba(0,0,0,0.3)&#8221; button_one_bg_color__hover_enabled=&#8221;off&#8221; button_two_bg_color__hover_enabled=&#8221;off&#8221;][\/et_pb_cta][\/et_pb_column][\/et_pb_row][\/et_pb_section][et_pb_section fb_built=&#8221;1&#8243; _builder_version=&#8221;4.22.1&#8243; _module_preset=&#8221;default&#8221; global_colors_info=&#8221;{}&#8221;][et_pb_row column_structure=&#8221;1_2,1_2&#8243; _builder_version=&#8221;4.22.1&#8243; _module_preset=&#8221;default&#8221; width=&#8221;90%&#8221; max_width=&#8221;1500px&#8221; global_colors_info=&#8221;{}&#8221;][et_pb_column type=&#8221;1_2&#8243; _builder_version=&#8221;4.22.1&#8243; _module_preset=&#8221;default&#8221; global_colors_info=&#8221;{}&#8221;][et_pb_text _builder_version=&#8221;4.22.1&#8243; _module_preset=&#8221;default&#8221; text_line_height=&#8221;1.8em&#8221; text_orientation=&#8221;justified&#8221; global_colors_info=&#8221;{}&#8221;]<\/p>\n<p>Soph bietet das umfassendste Paket magnetischer L\u00f6sungen f\u00fcr die Werkst\u00fcckspannung, das Spannen von Formen und Gesenken sowie die Materialhandhabung. Soph gr\u00fcndete das Unternehmen im Jahr 1998 und besitzt bis heute die Marken und das Gesch\u00e4ft von Brisc, Magbo und Helmholtz, das sich jeweils auf die Werkst\u00fcckspannung, das Spannen von Formen und Gesenken sowie die Materialhandhabung konzentriert. Mit Sitz in Hamburg, Deutschland, verf\u00fcgt Soph nach Jahren der Entwicklung nun \u00fcber Niederlassungen in den USA und China.<\/p>\n<p>Durch die Einrichtung eines der gr\u00f6\u00dften Fertigproduktbest\u00e4nde und die Schulung hochqualifizierter Service- und Vertriebsingenieure hat Soph in relativ kurzer Zeit eine umfangreiche Referenzbasis in Europa, Nordamerika und Fernost geschaffen. Unsere F\u00e4higkeit, sofortige technische Antworten, sofortigen Service, kundenspezifisches Design sowie OEM-spezifische Produkte und Produktlinien bereitzustellen, verschafft uns einen Vorsprung.<\/p>\n<p>Mit kreativer Probleml\u00f6sung und anwendungsspezifischen L\u00f6sungen gilt Soph als einer der besten Anbieter f\u00fcr magnetische L\u00f6sungen auf dem Markt. Wir sind bestrebt, f\u00fcr jede Anwendung das beste Produkt mit der besten Leistung bereitzustellen. Durch die Nutzung des Kundenfeedbacks sind wir in der Lage, ma\u00dfgeschneiderte L\u00f6sungen mit standardisierten Produkten bereitzustellen, um in wesentlich k\u00fcrzeren Marktzyklen einen un\u00fcbertroffenen Wert zu schaffen.<\/p>\n<p>[\/et_pb_text][\/et_pb_column][et_pb_column type=\u201d1_2\u2033 _builder_version=\u201d4.22.1\u2033 _module_preset=\u201ddefault\u201d global_colors_info=\u201d{}\u201d][et_pb_image src=\u201dhttps:\/\/helmholtz-magnet.com\/wp-content\/uploads\/2023\/09\/about.jpg\u201d title_text=\u201d\u00fcber\u201d _builder_version=\u201d4.22.1\u2033 _module_preset=\u201ddefault\u201d global_colors_info=\u201d{}\u201d][\/et_pb_image][\/et_pb_column][\/et_pb_row][\/et_pb_section]<\/p>","protected":false},"excerpt":{"rendered":"<p>Soph bietet das umfassendste Paket an magnetischen L\u00f6sungen f\u00fcr Werkst\u00fcckspannung, Form- und Matrizenklemmung und Materialhandhabung. Soph wurde 1998 gegr\u00fcndet und besitzt bis heute die Marken und Gesch\u00e4fte von Brisc, Magbo und Helmholtz, die sich auf Werkst\u00fcckspannung, Form- und Matrizenklemmung und Materialhandhabung spezialisiert haben. Das in Hamburg ans\u00e4ssige Unternehmen hat nach Jahren der [\u2026]<\/p>","protected":false},"author":1,"featured_media":0,"parent":0,"menu_order":0,"comment_status":"closed","ping_status":"closed","template":"","meta":{"_et_pb_use_builder":"on","_et_pb_old_content":"","_et_gb_content_width":"","_mi_skip_tracking":false,"_monsterinsights_sitenote_active":false,"_monsterinsights_sitenote_note":"","_monsterinsights_sitenote_category":0,"footnotes":""},"class_list":["post-387793","page","type-page","status-publish","hentry"],"yoast_head":"<!-- This site is optimized with the Yoast SEO Premium plugin v24.8 (Yoast SEO v26.3) - https:\/\/yoast.com\/wordpress\/plugins\/seo\/ -->\n<title>ABOUT US - HELMHOLTZ, UNSURPASSED MATERIAL HANDLING<\/title>\n<meta name=\"robots\" content=\"index, follow, max-snippet:-1, max-image-preview:large, max-video-preview:-1\" \/>\n<link rel=\"canonical\" href=\"https:\/\/helmholtz-magnet.com\/de\/uber-uns\/\" \/>\n<meta property=\"og:locale\" content=\"de_DE\" \/>\n<meta property=\"og:type\" content=\"article\" \/>\n<meta property=\"og:title\" content=\"ABOUT US\" \/>\n<meta property=\"og:description\" content=\"Soph offers the most comprehensive package of magnetic solutions for workholding, mold and die clamping and material handling. Starting the business in 1998, until now Soph owns the trademarks and business of Brisc, Magbo and Helmholtz which is for workholding, mold and die clamping and material handling respectively. Based in Hamburg Germany, after years of [&hellip;]\" \/>\n<meta property=\"og:url\" content=\"https:\/\/helmholtz-magnet.com\/de\/uber-uns\/\" \/>\n<meta property=\"og:site_name\" content=\"HELMHOLTZ, UNSURPASSED MATERIAL HANDLING\" \/>\n<meta property=\"article:publisher\" content=\"https:\/\/www.facebook.com\/Soph-Magnetics-Inc-530930033722115\/\" \/>\n<meta property=\"article:modified_time\" content=\"2023-10-17T16:36:27+00:00\" \/>\n<meta name=\"twitter:card\" content=\"summary_large_image\" \/>\n<meta name=\"twitter:site\" content=\"@soph_usa\" \/>\n<meta name=\"twitter:label1\" content=\"Gesch\u00e4tzte Lesezeit\" \/>\n\t<meta name=\"twitter:data1\" content=\"4\u00a0Minuten\" \/>\n<script type=\"application\/ld+json\" class=\"yoast-schema-graph\">{\"@context\":\"https:\/\/schema.org\",\"@graph\":[{\"@type\":\"WebPage\",\"@id\":\"https:\/\/helmholtz-magnet.com\/about-us\/\",\"url\":\"https:\/\/helmholtz-magnet.com\/about-us\/\",\"name\":\"ABOUT US - HELMHOLTZ, UNSURPASSED MATERIAL HANDLING\",\"isPartOf\":{\"@id\":\"https:\/\/helmholtz-magnet.com\/#website\"},\"datePublished\":\"2023-09-18T20:53:37+00:00\",\"dateModified\":\"2023-10-17T16:36:27+00:00\",\"breadcrumb\":{\"@id\":\"https:\/\/helmholtz-magnet.com\/about-us\/#breadcrumb\"},\"inLanguage\":\"de\",\"potentialAction\":[{\"@type\":\"ReadAction\",\"target\":[\"https:\/\/helmholtz-magnet.com\/about-us\/\"]}]},{\"@type\":\"BreadcrumbList\",\"@id\":\"https:\/\/helmholtz-magnet.com\/about-us\/#breadcrumb\",\"itemListElement\":[{\"@type\":\"ListItem\",\"position\":1,\"name\":\"Home\",\"item\":\"https:\/\/helmholtz-magnet.com\/\"},{\"@type\":\"ListItem\",\"position\":2,\"name\":\"ABOUT US\"}]},{\"@type\":\"WebSite\",\"@id\":\"https:\/\/helmholtz-magnet.com\/#website\",\"url\":\"https:\/\/helmholtz-magnet.com\/\",\"name\":\"HELMHOLTZ, UNSURPASSED MATERIAL HANDLING\",\"description\":\"HELMHOLTZ, UNSURPASSED MATERIAL HANDLING\",\"publisher\":{\"@id\":\"https:\/\/helmholtz-magnet.com\/#organization\"},\"potentialAction\":[{\"@type\":\"SearchAction\",\"target\":{\"@type\":\"EntryPoint\",\"urlTemplate\":\"https:\/\/helmholtz-magnet.com\/?s={search_term_string}\"},\"query-input\":{\"@type\":\"PropertyValueSpecification\",\"valueRequired\":true,\"valueName\":\"search_term_string\"}}],\"inLanguage\":\"de\"},{\"@type\":\"Organization\",\"@id\":\"https:\/\/helmholtz-magnet.com\/#organization\",\"name\":\"Helmholtz Magnets\",\"url\":\"https:\/\/helmholtz-magnet.com\/\",\"logo\":{\"@type\":\"ImageObject\",\"inLanguage\":\"de\",\"@id\":\"https:\/\/helmholtz-magnet.com\/#\/schema\/logo\/image\/\",\"url\":\"https:\/\/helmholtz-magnet.com\/wp-content\/uploads\/2023\/09\/logo.svg\",\"contentUrl\":\"https:\/\/helmholtz-magnet.com\/wp-content\/uploads\/2023\/09\/logo.svg\",\"width\":1206,\"height\":214,\"caption\":\"Helmholtz Magnets\"},\"image\":{\"@id\":\"https:\/\/helmholtz-magnet.com\/#\/schema\/logo\/image\/\"},\"sameAs\":[\"https:\/\/www.facebook.com\/Soph-Magnetics-Inc-530930033722115\/\",\"https:\/\/x.com\/soph_usa\",\"https:\/\/www.youtube.com\/channel\/UCnxgzBXQDhTRw-bUPpYoI6g\",\"https:\/\/goo.gl\/maps\/6AULBobLT1c77iZEA\"]}]}<\/script>\n<!-- \/ Yoast SEO Premium plugin. -->","yoast_head_json":{"title":"\u00dcBER UNS \u2013 HELMHOLTZ, UN\u00dcBERTROFFENER MATERIALHANDBUCH","robots":{"index":"index","follow":"follow","max-snippet":"max-snippet:-1","max-image-preview":"max-image-preview:large","max-video-preview":"max-video-preview:-1"},"canonical":"https:\/\/helmholtz-magnet.com\/de\/uber-uns\/","og_locale":"de_DE","og_type":"article","og_title":"ABOUT US","og_description":"Soph offers the most comprehensive package of magnetic solutions for workholding, mold and die clamping and material handling. Starting the business in 1998, until now Soph owns the trademarks and business of Brisc, Magbo and Helmholtz which is for workholding, mold and die clamping and material handling respectively. Based in Hamburg Germany, after years of [&hellip;]","og_url":"https:\/\/helmholtz-magnet.com\/de\/uber-uns\/","og_site_name":"HELMHOLTZ, UNSURPASSED MATERIAL HANDLING","article_publisher":"https:\/\/www.facebook.com\/Soph-Magnetics-Inc-530930033722115\/","article_modified_time":"2023-10-17T16:36:27+00:00","twitter_card":"summary_large_image","twitter_site":"@soph_usa","twitter_misc":{"Gesch\u00e4tzte Lesezeit":"4\u00a0Minuten"},"schema":{"@context":"https:\/\/schema.org","@graph":[{"@type":"WebPage","@id":"https:\/\/helmholtz-magnet.com\/about-us\/","url":"https:\/\/helmholtz-magnet.com\/about-us\/","name":"\u00dcBER UNS \u2013 HELMHOLTZ, UN\u00dcBERTROFFENER MATERIALHANDBUCH","isPartOf":{"@id":"https:\/\/helmholtz-magnet.com\/#website"},"datePublished":"2023-09-18T20:53:37+00:00","dateModified":"2023-10-17T16:36:27+00:00","breadcrumb":{"@id":"https:\/\/helmholtz-magnet.com\/about-us\/#breadcrumb"},"inLanguage":"de","potentialAction":[{"@type":"ReadAction","target":["https:\/\/helmholtz-magnet.com\/about-us\/"]}]},{"@type":"BreadcrumbList","@id":"https:\/\/helmholtz-magnet.com\/about-us\/#breadcrumb","itemListElement":[{"@type":"ListItem","position":1,"name":"Home","item":"https:\/\/helmholtz-magnet.com\/"},{"@type":"ListItem","position":2,"name":"ABOUT US"}]},{"@type":"WebSite","@id":"https:\/\/helmholtz-magnet.com\/#website","url":"https:\/\/helmholtz-magnet.com\/","name":"HELMHOLTZ, UN\u00dcBERTROFFENES MATERIALHANDLING","description":"HELMHOLTZ, UN\u00dcBERTROFFENES MATERIALHANDLING","publisher":{"@id":"https:\/\/helmholtz-magnet.com\/#organization"},"potentialAction":[{"@type":"SearchAction","target":{"@type":"EntryPoint","urlTemplate":"https:\/\/helmholtz-magnet.com\/?s={search_term_string}"},"query-input":{"@type":"PropertyValueSpecification","valueRequired":true,"valueName":"search_term_string"}}],"inLanguage":"de"},{"@type":"Organization","@id":"https:\/\/helmholtz-magnet.com\/#organization","name":"Helmholtz-Magnete","url":"https:\/\/helmholtz-magnet.com\/","logo":{"@type":"ImageObject","inLanguage":"de","@id":"https:\/\/helmholtz-magnet.com\/#\/schema\/logo\/image\/","url":"https:\/\/helmholtz-magnet.com\/wp-content\/uploads\/2023\/09\/logo.svg","contentUrl":"https:\/\/helmholtz-magnet.com\/wp-content\/uploads\/2023\/09\/logo.svg","width":1206,"height":214,"caption":"Helmholtz Magnets"},"image":{"@id":"https:\/\/helmholtz-magnet.com\/#\/schema\/logo\/image\/"},"sameAs":["https:\/\/www.facebook.com\/Soph-Magnetics-Inc-530930033722115\/","https:\/\/x.com\/soph_usa","https:\/\/www.youtube.com\/channel\/UCnxgzBXQDhTRw-bUPpYoI6g","https:\/\/goo.gl\/maps\/6AULBobLT1c77iZEA"]}]}},"_links":{"self":[{"href":"https:\/\/helmholtz-magnet.com\/de\/wp-json\/wp\/v2\/pages\/387793","targetHints":{"allow":["GET"]}}],"collection":[{"href":"https:\/\/helmholtz-magnet.com\/de\/wp-json\/wp\/v2\/pages"}],"about":[{"href":"https:\/\/helmholtz-magnet.com\/de\/wp-json\/wp\/v2\/types\/page"}],"author":[{"embeddable":true,"href":"https:\/\/helmholtz-magnet.com\/de\/wp-json\/wp\/v2\/users\/1"}],"replies":[{"embeddable":true,"href":"https:\/\/helmholtz-magnet.com\/de\/wp-json\/wp\/v2\/comments?post=387793"}],"version-history":[{"count":10,"href":"https:\/\/helmholtz-magnet.com\/de\/wp-json\/wp\/v2\/pages\/387793\/revisions"}],"predecessor-version":[{"id":388459,"href":"https:\/\/helmholtz-magnet.com\/de\/wp-json\/wp\/v2\/pages\/387793\/revisions\/388459"}],"wp:attachment":[{"href":"https:\/\/helmholtz-magnet.com\/de\/wp-json\/wp\/v2\/media?parent=387793"}],"curies":[{"name":"wp","href":"https:\/\/api.w.org\/{rel}","templated":true}]}}