{"id":388150,"date":"2023-09-26T17:30:50","date_gmt":"2023-09-26T17:30:50","guid":{"rendered":"https:\/\/helmholtz-magnet.com\/?page_id=388150"},"modified":"2024-08-28T02:47:58","modified_gmt":"2024-08-28T02:47:58","slug":"hpm","status":"publish","type":"page","link":"https:\/\/helmholtz-magnet.com\/de\/hpm\/","title":{"rendered":"HPM"},"content":{"rendered":"<p>[et_pb_section fb_built=\u201d1\u2033 _builder_version=\u201d4.22.1\u2033 _module_preset=\u201ddefault\u201d custom_margin=\u201d0px||||false|false\u201d custom_padding=\u201d0px||3px||false|false\u201d global_colors_info=\u201d{}\u201d][et_pb_row _builder_version=\u201d4.22.2\u2033 _module_preset=\u201ddefault\u201d width=\u201d90%\u201d max_width=\u201d1500px\u201d custom_padding=\u201d40px|25px|5px||false|false\u201d global_colors_info=\u201d{}\u201d][et_pb_column type=\u201d4_4\u2033 _builder_version=\u201d4.22.1\u2033 _module_preset=\u201ddefault\u201d global_colors_info=\u201d{}\u201d][et_pb_text _builder_version=\u201d4.22.1\u2033 _module_preset=\u201ddefault\u201d header_3_font=\u201d||||||||\u201d header_3_text_color=\u201d#FFFFFF\u201d header_3_font_size=\u201d50px\u201d use_background_color_gradient=\u201don\u201d background_color_gradient_direction=\u201d90deg\u201d background_color_gradient_stops=\u201d#8e8e8e 0%|#8e8e8e 87%|#ffffff 100%\u201d custom_margin=\u201d||0px|||\u201d custom_padding=\u201d21px||7px|25px|false|false\u201d global_colors_info=\u201d{}\u201d]<\/p>\n<h3>HPM<\/h3>\n<p>[\/et_pb_text][et_pb_text _builder_version=\u201d4.22.2\u2033 _module_preset=\u201ddefault\u201d header_3_font=\u201d||||||||\u201d header_3_text_color=\u201d#FFFFFF\u201d header_3_font_size=\u201d24px\u201d use_background_color_gradient=\u201don\u201d background_color_gradient_direction=\u201d90deg\u201d background_color_gradient_stops=\u201d#b01f24 0%|#b01f24 87%|#ffffff 100%\u201d custom_margin=\u201d||0px|||\u201d custom_padding=\u201d11px|||25px|false|false\u201d global_colors_info=\u201d{}\u201d]<\/p>\n<h3>ELEKTROPERMANENTER PLATTENHANDHEBER<\/h3>\n<p>[\/et_pb_text][\/et_pb_column][\/et_pb_row][\/et_pb_section][et_pb_section fb_built=\u201d1\u2033 _builder_version=\u201d4.22.1\u2033 _module_preset=\u201ddefault\u201d custom_padding=\u201d7px||5px|||\u201d global_colors_info=\u201d{}\u201d][et_pb_row column_structure=\u201d1_2,1_2\u2033 _builder_version=\u201d4.22.2\u2033 _module_preset=\u201ddefault\u201d width=\u201d90%\u201d max_width=\u201d1500px\u201d custom_padding=\u201d6px||5px||false|true\u201d global_colors_info=\u201d{}\u201d][et_pb_column type=\u201d1_2\u2033 _builder_version=\u201d4.22.1\u2033 _module_preset=\u201ddefault\u201d global_colors_info=\u201d{}\u201d][et_pb_text _builder_version=\u201d4.22.2\u2033 _module_preset=\u201ddefault\u201d header_3_font=\u201d||||||||\u201d header_3_text_color=\u201d#FFFFFF\u201d header_3_font_size=\u201d24px\u201d use_background_color_gradient=\u201dein\u201d background_color_gradient_direction=\u201d90deg\u201d background_color_gradient_stops=\u201d#b01f24 0%|#b01f24 87%|#ffffff 100%\u201d custom_margin=\u201d||21px|||\u201d custom_padding=\u201d11px|||15px|false|false\u201d global_colors_info=\u201d{}\u201d]<\/p>\n<h3>Merkmale:<\/h3>\n<p>[\/et_pb_text][et_pb_text _builder_version=\u201d4.22.2\u2033 _module_preset=\u201ddefault\u201d custom_margin=\u201d||22px|||\u201d global_colors_info=\u201d{}\u201d]<\/p>\n<ul>\n<li>Hebeplatte mit Elektro-Permanent-Technologie, kann eine Last aufgrund eines Stromausfalls nicht abwerfen.<\/li>\n<li>Heben Sie Platten ohne Anschlagketten oder Gurte an, wodurch jegliche damit verbundene Sch\u00e4den vermieden werden.<\/li>\n<li>Mit Funkfernbedienung.<\/li>\n<li>HSS (Helmholtz-Sicherheitssystem) verhindert die Entmagerung bei schwebenden Lasten<\/li>\n<li>Variabler Pick-up zum sicheren Entstapeln von Platten.<\/li>\n<li>Der hydraulisch bet\u00e4tigte Spreizbalken mit variabler Gr\u00f6\u00dfe erh\u00f6ht die Sicherheit, Vielseitigkeit und Effizienz<\/li>\n<li>Magnetmodule sind in L\u00e4ngs- und Querrichtung w\u00e4hlbar, um f\u00fcr kurze oder schmale Platten geeignet zu sein.<\/li>\n<li>Die Testhubfunktion gew\u00e4hrleistet jedes Mal eine sichere Lasthandhabung, indem sichergestellt wird, dass bei jedem einzelnen Hub ein Mindestsicherheitsfaktor gew\u00e4hrleistet ist.<\/li>\n<\/ul>\n<p>[\/et_pb_text][et_pb_text _builder_version=\u201d4.22.2\u2033 _module_preset=\u201ddefault\u201d header_3_font=\u201d||||||||\u201d header_3_text_color=\u201d#FFFFFF\u201d header_3_font_size=\u201d24px\u201d use_background_color_gradient=\u201don\u201d background_color_gradient_direction=\u201d90deg\u201d background_color_gradient_stops=\u201d#b01f24 0%|#b01f24 87%|#ffffff 100%\u201d custom_margin=\u201d||0px|||\u201d custom_padding=\u201d11px|||15px|false|false\u201d global_colors_info=\u201d{}\u201d]<\/p>\n<h3>Anwendungen:<\/h3>\n<p>[\/et_pb_text][et_pb_text _builder_version=\u201d4.22.2\u2033 _module_preset=\u201ddefault\u201d custom_margin=\u201d||24px|||\u201d custom_padding=\u201d22px|||||\u201d global_colors_info=\u201d{}\u201d]<\/p>\n<p>M\u00f6glichkeit zum Abstapeln einzelner Platten bis zu 5 mm dicken Platten.<\/p>\n<p>[\/et_pb_text][et_pb_button button_url=\u201dhttps:\/\/helmholtz-magnet.com\/wp-content\/uploads\/2024\/08\/HPM.pdf\u201d url_new_window=\u201don\u201d button_text=\u201dProduktbrosch\u00fcre herunterladen\u201d button_alignment=\u201dleft\u201d _builder_version=\u201d4.23\u2033 _module_preset=\u201ddefault\u201d custom_button=\u201don\u201d button_border_width=\u201d2px\u201d button_border_color=\u201d#b01f23\u2033 button_border_radius=\u201d3px\u201d button_icon=\u201d\uf1c1||fa||900\u2033 button_icon_placement=\u201dleft\u201d button_on_hover=\u201doff\u201d hover_enabled=\u201d0\u2033 locked=\u201doff\u201d global_colors_info=\u201d{}\u201d button_text_color__hover_enabled=\u201don|hover\u201d button_text_color__hover=\u201d#FFFFFF\u201d button_bg_color__hover_enabled=\u201dan|hover\u201d button_bg_color__hover=\u201d#b01f23\u2033 button_bg_enable_color__hover=\u201dan\u201d sticky_enabled=\u201d0\u2033][\/et_pb_button][\/et_pb_column][et_pb_column Typ=\u201d1_2\u2033 _builder_version=\u201d4.22.1\u2033 _module_preset=\u201dStandard\u201d global_colors_info=\u201d{}\u201d][dsm_image_carousel gallery_ids=\u201d388248\u2033 slide_to_show=\u201d1\u2033 Geschwindigkeit=\u201d2000\u2033 Autoplay=\u201daus\u201d Space_between=\u201d0\u2033 Touch_move=\u201dan\u201d Show_Lightbox=\u201dan\u201d show_lightbox_gallery=\u201dein\u201d _builder_version=\u201d4.22.2\u2033 _module_preset=\u201ddefault\u201d gesperrt=\u201daus\u201d global_colors_info=\u201d{}\u201d][\/dsm_image_carousel][\/et_pb_column][\/et_pb_row][\/et_pb_section][et_pb_section fb_built=\u201d1\u2033 _builder_version=\u201d4.22.2\u2033 _module_preset=\u201ddefault\u201d custom_padding=\u201d6px||1px|||\u201d global_colors_info=\u201d{}\u201d][et_pb_row column_structure=\u201d1_2,1_2\u2033 _builder_version=\u201d4.22.2\u2033 _module_preset=\u201ddefault\u201d width=\u201d90%\u201d max_width=\u201d1500px\u201d custom_padding=\u201d22px||9px|||\u201d global_colors_info=\u201d{}\u201d][et_pb_column type=\u201d1_2\u2033 _builder_version=\u201d4.22.2\u2033 _module_preset=\u201ddefault\u201d global_colors_info=\u201d{}\u201d][et_pb_image src=\u201dhttps:\/\/helmholtz-magnet.com\/wp-content\/uploads\/2023\/09\/27.jpg\u201d title_text=\u201d27\u2033 show_in_lightbox=\u201don\u201d _builder_version=\u201d4.22.2\u2033 _module_preset=\u201ddefault\u201d module_alignment=\u201dcenter\u201d custom_padding=\u201d1px|||||\u201d global_colors_info=\u201d{}\u201d][\/et_pb_image][\/et_pb_column][et_pb_column type=\u201d1_2\u2033 _builder_version=\u201d4.22.2\u2033 _module_preset=\u201ddefault\u201d global_colors_info=\u201d{}\u201d][et_pb_image src=\u201dhttps:\/\/helmholtz-magnet.com\/wp-content\/uploads\/2023\/09\/2023-09-26_16-27-10.jpg\u201d title_text=\u201d2023-09-26_16-27-10\u2033 show_in_lightbox=\u201don\u201d align=\u201dcenter\u201d _builder_version=\u201d4.22.2\u2033 _module_preset=\u201ddefault\u201d max_width=\u201d100%\u201d max_height=\u201d447px\u201d custom_margin=\u201d0px||14px|||\u201d global_colors_info=\u201d{}\u201d][\/et_pb_image][\/et_pb_column][\/et_pb_row][\/et_pb_section][et_pb_section fb_built=\u201d1\u2033 _builder_version=\u201d4.22.1\u2033 _module_preset=\u201ddefault\u201d custom_padding=\u201d8px||25px|||\u201d global_colors_info=\u201d{}\u201d][et_pb_row _builder_version=\u201d4.22.2\u2033 _module_preset=\u201ddefault\u201d width=\u201d90%\u201d max_width=\u201d1500px\u201d custom_margin=\u201d5px|auto||auto||\u201d custom_padding=\u201d16px||3px||false|true\u201d global_colors_info=\u201d{}\u201d][et_pb_column type=\u201d4_4\u2033 _builder_version=\u201d4.22.1\u2033 _module_preset=\u201ddefault\u201d global_colors_info=\u201d{}\u201d][et_pb_image src=\u201dhttps:\/\/helmholtz-magnet.com\/wp-content\/uploads\/2023\/09\/2023-09-26_16-28-15.png\u201d title_text=\u201d2023-09-26_16-28-15\u2033 show_in_lightbox=\u201don\u201d _builder_version=\u201d4.22.2\u2033 _module_preset=\u201ddefault\u201d module_alignment=\u201dcenter\u201d custom_padding=\u201d1px|||||\u201d global_colors_info=\u201d{}\u201d][\/et_pb_image][et_pb_text _builder_version=\u201d4.22.2\u2033 _module_preset=\u201ddefault\u201d header_3_font=\u201d||||||||\u201d header_3_text_color=\u201d#FFFFFF\u201d header_3_font_size=\u201d24px\u201d use_background_color_gradient=\u201dan\u201d background_color_gradient_direction=\u201d90deg\u201d background_color_gradient_stops=\u201d#b01f24 0%|#b01f24 87%|#ffffff 100%\u201d custom_margin=\u201d||0px|||\u201d custom_padding=\u201d11px|||15px|false|false\u201d global_colors_info=\u201d{}\u201d]<\/p>\n<h3>Tragf\u00e4higkeit mm (Zoll)<\/h3>\n<p>[\/et_pb_text][dvmd_table_maker tbl_row_header_count=\u201d0\u2033 tbl_responsive_breakpoint=\u201dkeine\u201d tbl_scrolling_active=\u201dan\u201d tbl_frame_type=\u201dkeine\u201d tbl_stripes_active=\u201dan\u201d tbl_stripes_order=\u201dungerade\u201d tbl_stripes_apply=\u201dan|aus|aus|an|aus\u201d tbl_tcell_cell_color=\u201d#f7f7f7\u2033 tbl_tcell_cell_align_horz=\u201dMitte\u201d tbl_tcell_cell_align_vert=\u201dMitte\u201d tbl_tcell_cell_padding=\u201d10px|5px|10px|5px|true|true\u201d tbl_chead_cell_color=\u201d#8e8e8e\u201d tbl_chead_cell_align_horz=\u201dMitte\u201d tbl_chead_cell_align_vert=\u201dMitte\u201d tbl_rhead_cell_color=\u201d#000000\u2033 tbl_tcell_text_wrap=\u201dnowrap\u201d tbl_chead_text_wrap=\u201dnormal\u201d _builder_version=\u201d4.22.2\u2033 _module_preset=\u201dStandard\u201d tbl_tcell_text_font=\u201dRoboto Flex||||||||\u201d tbl_tcell_text_font_size=\u201d15px\u201d tbl_chead_text_font=\u201dRoboto|300|||||||\u201d tbl_chead_text_text_color=\u201d#FFFFFF\u201d tbl_chead_text_font_size=\u201d16px\u201d tbl_rhead_text_text_color=\u201d#FFFFFF\u201d benutzerdefinierter Rand=\u201d0px||||false|false\u201d benutzerdefiniertes Polster=\u201d0px||||false|false\u201d Rahmenfarbe_alle_tbl_tcell_cell_border=\u201d#c9c9c9\u2033 Rahmenstil_unten_tbl_tcell_cell_border=\u201deinfarbig\u201d Rahmenfarbe_alle_tbl_chead_cell_border=\u201dRGBA(255,255,255,0)\u201d Rahmenbreite_unten_tbl_chead_cell_border=\u201d0px\u201d Rahmenfarbe_unten_tbl_chead_cell_border=\u201d#000000\u2033 box_shadow_style_tbl_chead_cell_shadow=\u201dpreset3\u2033 box_shadow_vertical_tbl_chead_cell_shadow=\u201d0px\u201d box_shadow_blur_tbl_chead_cell_shadow=\u201d20px\u201d box_shadow_spread_tbl_chead_cell_shadow=\u201d-5px\u201d box_shadow_color_tbl_chead_cell_shadow=\u201drgba(0,0,0,0.74)\u201d global_colors_info=\u201d{}\u201d][dvmd_table_maker_item col_label=\u201dModell \u201d col_content=\u201dModell<br \/>\nHPM 4\/75<br \/>\nHPM 4\/100<br \/>\nHPM 4\/120<br \/>\nHPM 4\/140<br \/>\nHPM 4\/180<br \/>\nHPM 6\/100<br \/>\nHPM 6\/140<br \/>\nHPM 6\/180<br \/>\nHPM 6\/200<br \/>\nHPM 6\/250\u2033 _builder_version=\u201d4.22.2\u2033 _module_preset=\u201ddefault\u201d global_colors_info=\u201d{}\u201d][\/dvmd_table_maker_item][dvmd_table_maker_item col_label=\u201dGewicht\u201d col_content=\u201dGewicht<br \/>\n3600 kg\/7920 Pfund<br \/>\n3600 kg\/7920 Pfund<br \/>\n3600 kg\/7920 Pfund<br \/>\n3600 kg\/7920 Pfund<br \/>\n3600 kg\/7920 Pfund<br \/>\n4800 kg\/10560 Pfund<br \/>\n4800 kg\/10560 Pfund<br \/>\n4800 kg\/10560 Pfund<br \/>\n4800 kg\/10560 Pfund<br \/>\n4800 kg\/10560 lb\u201d _builder_version=\u201d4.22.2\u2033 _module_preset=\u201ddefault\u201d global_colors_info=\u201d{}\u201d][\/dvmd_table_maker_item][dvmd_table_maker_item col_label=\u201dDicke (Min.)\u201d col_content=\u201dDicke (Min.)<br \/>\n5 (0.20)<br \/>\n5 (0.20)<br \/>\n5 (0.20)<br \/>\n8 (0.31)<br \/>\n8 (0.31)<br \/>\n5 (0.20)<br \/>\n5 (0.20)<br \/>\n5 (0.20)<br \/>\n8 (0.31)<br \/>\n8 (0,31)\u201d _builder_version=\u201d4.22.2\u2033 _module_preset=\u201ddefault\u201d global_colors_info=\u201d{}\u201d][\/dvmd_table_maker_item][dvmd_table_maker_item col_label=\u201dL\u00e4nge (Min.)\u201d col_content=\u201dL\u00e4nge (Min.)<br \/>\n3000 (118.11)<br \/>\n3000 (118.11)<br \/>\n3000 (118.11)<br \/>\n3000 (118.11)<br \/>\n3000 (118.11)<br \/>\n2800 (110.24)<br \/>\n2800 (110.24)<br \/>\n2800 (110.24)<br \/>\n2800 (110.24)<br \/>\n2800 (110,24)\u201d _builder_version=\u201d4.22.2\u2033 _module_preset=\u201ddefault\u201d global_colors_info=\u201d{}\u201d][\/dvmd_table_maker_item][dvmd_table_maker_item col_label=\u201dL\u00e4nge (max.)\u201d col_content=\u201dL\u00e4nge (max.)<br \/>\n12500 (492)<br \/>\n12500 (492)<br \/>\n12500 (492)<br \/>\n12500 (492)<br \/>\n12500 (492)<br \/>\n16000 (629.92)<br \/>\n16000 (629.92)<br \/>\n16000 (629.92)<br \/>\n16000 (629.92)<br \/>\n16000 (629,92)\u201d _builder_version=\u201d4.22.2\u2033 _module_preset=\u201ddefault\u201d global_colors_info=\u201d{}\u201d][\/dvmd_table_maker_item][dvmd_table_maker_item col_label=\u201dBreite (Min.)\u201d col_content=\u201dBreite (Min.)<br \/>\n500 (19.69)<br \/>\n500 (19.69)<br \/>\n500 (19.69)<br \/>\n500 (19.69)<br \/>\n500 (19.69)<br \/>\n500 (19.69)<br \/>\n500 (19.69)<br \/>\n500 (19.69)<br \/>\n500 (19.69)<br \/>\n500 (19,69)\u201d _builder_version=\u201d4.22.2\u2033 _module_preset=\u201ddefault\u201d global_colors_info=\u201d{}\u201d][\/dvmd_table_maker_item][dvmd_table_maker_item col_label=\u201dBreite (Max.)\u201d col_content=\u201dBreite (Max.)<br \/>\n2500 (98.43)<br \/>\n3500 (137.80)<br \/>\n3500 (137.80)<br \/>\n3500 (137.80)<br \/>\n3500 (137.80)<br \/>\n2500 (98.43)<br \/>\n3500 (137.80)<br \/>\n3500 (137.80)<br \/>\n3500 (137.80)<br \/>\n3500 (137,80)\u201d _builder_version=\u201d4.22.2\u2033 _module_preset=\u201ddefault\u201d global_colors_info=\u201d{}\u201d][\/dvmd_table_maker_item][dvmd_table_maker_item col_label=\u201dNennhubkapazit\u00e4t (max.)\u201d col_content=\u201dNennhubkapazit\u00e4t (max.)<br \/>\n7500 kg\/16500 Pfund<br \/>\n10.000 kg\/22.000 Pfund<br \/>\n12000 kg\/26400 Pfund<br \/>\n14.000 kg\/30.800 Pfund<br \/>\n18000 kg\/39600 Pfund<br \/>\n10.000 kg\/22.000 Pfund<br \/>\n14.000 kg\/30.800 Pfund<br \/>\n18000 kg\/39600 Pfund<br \/>\n20.000 kg\/44.000 Pfund<br \/>\n25000 kg\/55000 lb\u201d _builder_version=\u201d4.22.2\u2033 _module_preset=\u201ddefault\u201d global_colors_info=\u201d{}\u201d][\/dvmd_table_maker_item][dvmd_table_maker_item col_label=\u201dPreis\/St\u00fcck\u201d col_content=\u201dPreis\/St\u00fcck<br \/>\n<a href=\"\/de\/%22\/?page_id=387630&#038;Model=HPM-4-75%22\" class=\"%22request-quote%22\">Fordern Sie ein Angebot an<\/a><br \/>\n<a href=\"\/de\/%22\/?page_id=387630&#038;Model=HPM-4-100%22\" class=\"%22request-quote%22\">Fordern Sie ein Angebot an<\/a><br \/>\n<a href=\"\/de\/%22\/?page_id=387630&#038;Model=HPM-4-120%22\" class=\"%22request-quote%22\">Fordern Sie ein Angebot an<\/a><br \/>\n<a href=\"\/de\/%22\/?page_id=387630&#038;Model=HPM-4-140%22\" class=\"%22request-quote%22\">Fordern Sie ein Angebot an<\/a><br \/>\n<a href=\"\/de\/%22\/?page_id=387630&#038;Model=HPM-4-180%22\" class=\"%22request-quote%22\">Fordern Sie ein Angebot an<\/a><br \/>\n<a href=\"\/de\/%22\/?page_id=387630&#038;Model=HPM-6-100%22\" class=\"%22request-quote%22\">Fordern Sie ein Angebot an<\/a><br \/>\n<a href=\"\/de\/%22\/?page_id=387630&#038;Model=HPM-6-140%22\" class=\"%22request-quote%22\">Fordern Sie ein Angebot an<\/a><br \/>\n<a href=\"\/de\/%22\/?page_id=387630&#038;Model=HPM-6-180%22\" class=\"%22request-quote%22\">Fordern Sie ein Angebot an<\/a><br \/>\n<a href=\"\/de\/%22\/?page_id=387630&#038;Model=HPM-6-200%22\" class=\"%22request-quote%22\">Fordern Sie ein Angebot an<\/a><br \/>\n<a href=\"\/de\/%22\/?page_id=387630&#038;Model=HPM-6-250%22\" class=\"%22request-quote%22\">Fordern Sie ein Angebot an<\/a>\u201d _builder_version=\u201d4.22.2\u2033 _module_preset=\u201ddefault\u201d global_colors_info=\u201d{}\u201d][\/dvmd_table_maker_item][\/dvmd_table_maker][et_pb_image src=\u201dhttps:\/\/helmholtz-magnet.com\/wp-content\/uploads\/2023\/09\/2023-09-26_16-28-15.png\u201d title_text=\u201d2023-09-26_16-28-15\u2033 show_in_lightbox=\u201don\u201d _builder_version=\u201d4.22.2\u2033 _module_preset=\u201ddefault\u201d module_alignment=\u201dcenter\u201d custom_padding=\u201d1px|||||\u201d global_colors_info=\u201d{}\u201d][\/et_pb_image][\/et_pb_column][\/et_pb_row][\/et_pb_section]<\/p>","protected":false},"excerpt":{"rendered":"<p>HPMELEKTROPERMANENTER PLATTENHANDHABUNGSHEBERMerkmale: Hebeplatte mit elektropermanenter Technologie, kann keine Last aufgrund von Stromausfall fallen lassen. Hebeplatten ohne Schlingenketten oder Riemen, wodurch die damit verbundenen Sch\u00e4den vermieden werden. Mit Funkfernbedienung. HSS (Helmholtz-Sicherheitssystem) verhindert das Entmagnetisieren, w\u00e4hrend die Last h\u00e4ngt. Variabler Kraftaufnehmer zum sicheren Entstapeln von Platten. Hydraulisch bet\u00e4tigter variabler [\u2026]<\/p>","protected":false},"author":1,"featured_media":0,"parent":0,"menu_order":0,"comment_status":"closed","ping_status":"closed","template":"","meta":{"_et_pb_use_builder":"on","_et_pb_old_content":"<!-- wp:paragraph -->\r\n<p>This is an example page. It's different from a blog post because it will stay in one place and will show up in your site navigation (in most themes). Most people start with an About page that introduces them to potential site visitors. It might say something like this:<\/p>\r\n<!-- \/wp:paragraph -->\r\n\r\n<!-- wp:quote -->\r\n<blockquote class=\"wp-block-quote\"><p>Hi there! I'm a bike messenger by day, aspiring actor by night, and this is my website. I live in Los Angeles, have a great dog named Jack, and I like pi\u00f1a coladas. (And gettin' caught in the rain.)<\/p><\/blockquote>\r\n<!-- \/wp:quote -->\r\n\r\n<!-- wp:paragraph -->\r\n<p>...or something like this:<\/p>\r\n<!-- \/wp:paragraph -->\r\n\r\n<!-- wp:quote -->\r\n<blockquote class=\"wp-block-quote\"><p>The XYZ Doohickey Company was founded in 1971, and has been providing quality doohickeys to the public ever since. Located in Gotham City, XYZ employs over 2,000 people and does all kinds of awesome things for the Gotham community.<\/p><\/blockquote>\r\n<!-- \/wp:quote -->\r\n\r\n<!-- wp:paragraph -->\r\n<p>As a new WordPress user, you should go to <a href=\"https:\/\/helmholtz-magnet.com\/wp-admin\/\">your dashboard<\/a> to delete this page and create new pages for your content. Have fun!<\/p>\r\n<!-- \/wp:paragraph -->","_et_gb_content_width":"","_mi_skip_tracking":false,"_monsterinsights_sitenote_active":false,"_monsterinsights_sitenote_note":"","_monsterinsights_sitenote_category":0,"footnotes":""},"class_list":["post-388150","page","type-page","status-publish","hentry"],"yoast_head":"<!-- This site is optimized with the Yoast SEO Premium plugin v24.8 (Yoast SEO v26.3) - https:\/\/yoast.com\/wordpress\/plugins\/seo\/ -->\n<title>HPM - HELMHOLTZ, UNSURPASSED MATERIAL HANDLING<\/title>\n<meta name=\"robots\" content=\"index, follow, max-snippet:-1, max-image-preview:large, max-video-preview:-1\" \/>\n<link rel=\"canonical\" href=\"https:\/\/helmholtz-magnet.com\/de\/hpm\/\" \/>\n<meta property=\"og:locale\" content=\"de_DE\" \/>\n<meta property=\"og:type\" content=\"article\" \/>\n<meta property=\"og:title\" content=\"HPM\" \/>\n<meta property=\"og:description\" content=\"HPMELECTRO-PERMANENT PLATE HANDLING LIFTERFeatures: Lifting plate with electro-permanent technology, cannot drop a load due to loss of power. Lift plates without slings chains or straps eliminating any associated damage. With radio remote control. HSS (Helmholtz safety system) prevents the De-mag while loads is suspended Variable power pick up to de-stack plates safely. Hydraulic actuated variable [&hellip;]\" \/>\n<meta property=\"og:url\" content=\"https:\/\/helmholtz-magnet.com\/de\/hpm\/\" \/>\n<meta property=\"og:site_name\" content=\"HELMHOLTZ, UNSURPASSED MATERIAL HANDLING\" \/>\n<meta property=\"article:publisher\" content=\"https:\/\/www.facebook.com\/Soph-Magnetics-Inc-530930033722115\/\" \/>\n<meta property=\"article:modified_time\" content=\"2024-08-28T02:47:58+00:00\" \/>\n<meta name=\"twitter:card\" content=\"summary_large_image\" \/>\n<meta name=\"twitter:site\" content=\"@soph_usa\" \/>\n<meta name=\"twitter:label1\" content=\"Gesch\u00e4tzte Lesezeit\" \/>\n\t<meta name=\"twitter:data1\" content=\"3\u00a0Minuten\" \/>\n<script type=\"application\/ld+json\" class=\"yoast-schema-graph\">{\"@context\":\"https:\/\/schema.org\",\"@graph\":[{\"@type\":\"WebPage\",\"@id\":\"https:\/\/helmholtz-magnet.com\/hpm\/\",\"url\":\"https:\/\/helmholtz-magnet.com\/hpm\/\",\"name\":\"HPM - HELMHOLTZ, UNSURPASSED MATERIAL HANDLING\",\"isPartOf\":{\"@id\":\"https:\/\/helmholtz-magnet.com\/#website\"},\"datePublished\":\"2023-09-26T17:30:50+00:00\",\"dateModified\":\"2024-08-28T02:47:58+00:00\",\"breadcrumb\":{\"@id\":\"https:\/\/helmholtz-magnet.com\/hpm\/#breadcrumb\"},\"inLanguage\":\"de\",\"potentialAction\":[{\"@type\":\"ReadAction\",\"target\":[\"https:\/\/helmholtz-magnet.com\/hpm\/\"]}]},{\"@type\":\"BreadcrumbList\",\"@id\":\"https:\/\/helmholtz-magnet.com\/hpm\/#breadcrumb\",\"itemListElement\":[{\"@type\":\"ListItem\",\"position\":1,\"name\":\"Home\",\"item\":\"https:\/\/helmholtz-magnet.com\/\"},{\"@type\":\"ListItem\",\"position\":2,\"name\":\"HPM\"}]},{\"@type\":\"WebSite\",\"@id\":\"https:\/\/helmholtz-magnet.com\/#website\",\"url\":\"https:\/\/helmholtz-magnet.com\/\",\"name\":\"HELMHOLTZ, UNSURPASSED MATERIAL HANDLING\",\"description\":\"HELMHOLTZ, UNSURPASSED MATERIAL HANDLING\",\"publisher\":{\"@id\":\"https:\/\/helmholtz-magnet.com\/#organization\"},\"potentialAction\":[{\"@type\":\"SearchAction\",\"target\":{\"@type\":\"EntryPoint\",\"urlTemplate\":\"https:\/\/helmholtz-magnet.com\/?s={search_term_string}\"},\"query-input\":{\"@type\":\"PropertyValueSpecification\",\"valueRequired\":true,\"valueName\":\"search_term_string\"}}],\"inLanguage\":\"de\"},{\"@type\":\"Organization\",\"@id\":\"https:\/\/helmholtz-magnet.com\/#organization\",\"name\":\"Helmholtz Magnets\",\"url\":\"https:\/\/helmholtz-magnet.com\/\",\"logo\":{\"@type\":\"ImageObject\",\"inLanguage\":\"de\",\"@id\":\"https:\/\/helmholtz-magnet.com\/#\/schema\/logo\/image\/\",\"url\":\"https:\/\/helmholtz-magnet.com\/wp-content\/uploads\/2023\/09\/logo.svg\",\"contentUrl\":\"https:\/\/helmholtz-magnet.com\/wp-content\/uploads\/2023\/09\/logo.svg\",\"width\":1206,\"height\":214,\"caption\":\"Helmholtz Magnets\"},\"image\":{\"@id\":\"https:\/\/helmholtz-magnet.com\/#\/schema\/logo\/image\/\"},\"sameAs\":[\"https:\/\/www.facebook.com\/Soph-Magnetics-Inc-530930033722115\/\",\"https:\/\/x.com\/soph_usa\",\"https:\/\/www.youtube.com\/channel\/UCnxgzBXQDhTRw-bUPpYoI6g\",\"https:\/\/goo.gl\/maps\/6AULBobLT1c77iZEA\"]}]}<\/script>\n<!-- \/ Yoast SEO Premium plugin. -->","yoast_head_json":{"title":"HPM - HELMHOLTZ, UN\u00dcBERTROFFENE MATERIALHANDHABUNG","robots":{"index":"index","follow":"follow","max-snippet":"max-snippet:-1","max-image-preview":"max-image-preview:large","max-video-preview":"max-video-preview:-1"},"canonical":"https:\/\/helmholtz-magnet.com\/de\/hpm\/","og_locale":"de_DE","og_type":"article","og_title":"HPM","og_description":"HPMELECTRO-PERMANENT PLATE HANDLING LIFTERFeatures: Lifting plate with electro-permanent technology, cannot drop a load due to loss of power. Lift plates without slings chains or straps eliminating any associated damage. With radio remote control. HSS (Helmholtz safety system) prevents the De-mag while loads is suspended Variable power pick up to de-stack plates safely. Hydraulic actuated variable [&hellip;]","og_url":"https:\/\/helmholtz-magnet.com\/de\/hpm\/","og_site_name":"HELMHOLTZ, UNSURPASSED MATERIAL HANDLING","article_publisher":"https:\/\/www.facebook.com\/Soph-Magnetics-Inc-530930033722115\/","article_modified_time":"2024-08-28T02:47:58+00:00","twitter_card":"summary_large_image","twitter_site":"@soph_usa","twitter_misc":{"Gesch\u00e4tzte Lesezeit":"3\u00a0Minuten"},"schema":{"@context":"https:\/\/schema.org","@graph":[{"@type":"WebPage","@id":"https:\/\/helmholtz-magnet.com\/hpm\/","url":"https:\/\/helmholtz-magnet.com\/hpm\/","name":"HPM - HELMHOLTZ, UN\u00dcBERTROFFENE MATERIALHANDHABUNG","isPartOf":{"@id":"https:\/\/helmholtz-magnet.com\/#website"},"datePublished":"2023-09-26T17:30:50+00:00","dateModified":"2024-08-28T02:47:58+00:00","breadcrumb":{"@id":"https:\/\/helmholtz-magnet.com\/hpm\/#breadcrumb"},"inLanguage":"de","potentialAction":[{"@type":"ReadAction","target":["https:\/\/helmholtz-magnet.com\/hpm\/"]}]},{"@type":"BreadcrumbList","@id":"https:\/\/helmholtz-magnet.com\/hpm\/#breadcrumb","itemListElement":[{"@type":"ListItem","position":1,"name":"Home","item":"https:\/\/helmholtz-magnet.com\/"},{"@type":"ListItem","position":2,"name":"HPM"}]},{"@type":"WebSite","@id":"https:\/\/helmholtz-magnet.com\/#website","url":"https:\/\/helmholtz-magnet.com\/","name":"HELMHOLTZ, UN\u00dcBERTROFFENES MATERIALHANDLING","description":"HELMHOLTZ, UN\u00dcBERTROFFENES MATERIALHANDLING","publisher":{"@id":"https:\/\/helmholtz-magnet.com\/#organization"},"potentialAction":[{"@type":"SearchAction","target":{"@type":"EntryPoint","urlTemplate":"https:\/\/helmholtz-magnet.com\/?s={search_term_string}"},"query-input":{"@type":"PropertyValueSpecification","valueRequired":true,"valueName":"search_term_string"}}],"inLanguage":"de"},{"@type":"Organization","@id":"https:\/\/helmholtz-magnet.com\/#organization","name":"Helmholtz-Magnete","url":"https:\/\/helmholtz-magnet.com\/","logo":{"@type":"ImageObject","inLanguage":"de","@id":"https:\/\/helmholtz-magnet.com\/#\/schema\/logo\/image\/","url":"https:\/\/helmholtz-magnet.com\/wp-content\/uploads\/2023\/09\/logo.svg","contentUrl":"https:\/\/helmholtz-magnet.com\/wp-content\/uploads\/2023\/09\/logo.svg","width":1206,"height":214,"caption":"Helmholtz Magnets"},"image":{"@id":"https:\/\/helmholtz-magnet.com\/#\/schema\/logo\/image\/"},"sameAs":["https:\/\/www.facebook.com\/Soph-Magnetics-Inc-530930033722115\/","https:\/\/x.com\/soph_usa","https:\/\/www.youtube.com\/channel\/UCnxgzBXQDhTRw-bUPpYoI6g","https:\/\/goo.gl\/maps\/6AULBobLT1c77iZEA"]}]}},"_links":{"self":[{"href":"https:\/\/helmholtz-magnet.com\/de\/wp-json\/wp\/v2\/pages\/388150","targetHints":{"allow":["GET"]}}],"collection":[{"href":"https:\/\/helmholtz-magnet.com\/de\/wp-json\/wp\/v2\/pages"}],"about":[{"href":"https:\/\/helmholtz-magnet.com\/de\/wp-json\/wp\/v2\/types\/page"}],"author":[{"embeddable":true,"href":"https:\/\/helmholtz-magnet.com\/de\/wp-json\/wp\/v2\/users\/1"}],"replies":[{"embeddable":true,"href":"https:\/\/helmholtz-magnet.com\/de\/wp-json\/wp\/v2\/comments?post=388150"}],"version-history":[{"count":19,"href":"https:\/\/helmholtz-magnet.com\/de\/wp-json\/wp\/v2\/pages\/388150\/revisions"}],"predecessor-version":[{"id":388915,"href":"https:\/\/helmholtz-magnet.com\/de\/wp-json\/wp\/v2\/pages\/388150\/revisions\/388915"}],"wp:attachment":[{"href":"https:\/\/helmholtz-magnet.com\/de\/wp-json\/wp\/v2\/media?parent=388150"}],"curies":[{"name":"wp","href":"https:\/\/api.w.org\/{rel}","templated":true}]}}