{"id":388166,"date":"2023-09-26T18:14:33","date_gmt":"2023-09-26T18:14:33","guid":{"rendered":"https:\/\/helmholtz-magnet.com\/?page_id=388166"},"modified":"2023-10-18T14:06:56","modified_gmt":"2023-10-18T14:06:56","slug":"hpr","status":"publish","type":"page","link":"https:\/\/helmholtz-magnet.com\/de\/hpr\/","title":{"rendered":"HPR"},"content":{"rendered":"<p>[et_pb_section fb_built=\u201d1\u2033 _builder_version=\u201d4.22.1\u2033 _module_preset=\u201ddefault\u201d custom_margin=\u201d0px||||false|false\u201d custom_padding=\u201d0px||3px||false|false\u201d global_colors_info=\u201d{}\u201d][et_pb_row _builder_version=\u201d4.22.2\u2033 _module_preset=\u201ddefault\u201d width=\u201d90%\u201d max_width=\u201d1500px\u201d custom_padding=\u201d40px|25px|5px||false|false\u201d global_colors_info=\u201d{}\u201d][et_pb_column type=\u201d4_4\u2033 _builder_version=\u201d4.22.1\u2033 _module_preset=\u201ddefault\u201d global_colors_info=\u201d{}\u201d][et_pb_text _builder_version=\u201d4.22.1\u2033 _module_preset=\u201ddefault\u201d header_3_font=\u201d||||||||\u201d header_3_text_color=\u201d#FFFFFF\u201d header_3_font_size=\u201d50px\u201d use_background_color_gradient=\u201don\u201d background_color_gradient_direction=\u201d90deg\u201d background_color_gradient_stops=\u201d#8e8e8e 0%|#8e8e8e 87%|#ffffff 100%\u201d custom_margin=\u201d||0px|||\u201d custom_padding=\u201d21px||7px|25px|false|false\u201d global_colors_info=\u201d{}\u201d]<\/p>\n<h3>HPR<\/h3>\n<p>[\/et_pb_text][et_pb_text _builder_version=\u201d4.22.2\u2033 _module_preset=\u201ddefault\u201d header_3_font=\u201d||||||||\u201d header_3_text_color=\u201d#FFFFFF\u201d header_3_font_size=\u201d24px\u201d use_background_color_gradient=\u201don\u201d background_color_gradient_direction=\u201d90deg\u201d background_color_gradient_stops=\u201d#b01f24 0%|#b01f24 87%|#ffffff 100%\u201d custom_margin=\u201d||0px|||\u201d custom_padding=\u201d11px|||25px|false|false\u201d global_colors_info=\u201d{}\u201d]<\/p>\n<h3>ELEKTROPERMANENTER RUNDHEBER F\u00dcR DEN STOFFHANDLING<\/h3>\n<p>[\/et_pb_text][\/et_pb_column][\/et_pb_row][\/et_pb_section][et_pb_section fb_built=\u201d1\u2033 _builder_version=\u201d4.22.1\u2033 _module_preset=\u201ddefault\u201d custom_margin=\u201d9px|||||\u201d custom_padding=\u201d7px||5px|||\u201d global_colors_info=\u201d{}\u201d][et_pb_row column_structure=\u201d1_2,1_2\u2033 _builder_version=\u201d4.22.2\u2033 _module_preset=\u201ddefault\u201d width=\u201d90%\u201d max_width=\u201d1500px\u201d custom_padding=\u201d6px||5px||false|true\u201d global_colors_info=\u201d{}\u201d][et_pb_column type=\u201d1_2\u2033 _builder_version=\u201d4.22.1\u2033 _module_preset=\u201ddefault\u201d global_colors_info=\u201d{}\u201d][et_pb_text _builder_version=\u201d4.22.2\u2033 _module_preset=\u201ddefault\u201d custom_margin=\u201d||22px|||\u201d global_colors_info=\u201d{}\u201d]<strong>Zur Handhabung fertiger oder halbfertiger Rundmaterialien\/Rohre<\/strong><br \/>\nElektropermanentmagnetische HPR-Module sind die ideale L\u00f6sung f\u00fcr die Handhabung von Patronen und Panzern mit begrenztem Luftspalt.<\/p>\n<ul>\n<li> Hervorragendes Leistungsgewicht<\/li>\n<li>Der mehrpolige Magnetkreis gew\u00e4hrleistet keinen Restmagnetismus und hohe Leistung bei geringer Flusstiefe<\/li>\n<li>Maximale Arbeitslast bis zu 10 Tonnen<\/li>\n<\/ul>\n<p>[\/et_pb_text][et_pb_button button_url=\u201dhttps:\/\/helmholtz-magnet.com\/wp-content\/uploads\/2023\/10\/HPR.pdf\u201d url_new_window=\u201don\u201d button_text=\u201dProduktbrosch\u00fcre herunterladen\u201d button_alignment=\u201dleft\u201d _builder_version=\u201d4.22.2\u2033 _module_preset=\u201ddefault\u201d custom_button=\u201don\u201d button_border_width=\u201d2px\u201d button_border_color=\u201d#b01f23\u2033 button_border_radius=\u201d3px\u201d button_icon=\u201d\uf1c1||fa||900\u2033 button_icon_placement=\u201dleft\u201d button_on_hover=\u201doff\u201d hover_enabled=\u201d0\u2033 locked=\u201doff\u201d global_colors_info=\u201d{}\u201d button_text_color__hover_enabled=\u201dan|hover\u201d button_text_color__hover=\u201d#FFFFFF\u201d button_bg_color__hover_enabled=\u201dan|hover\u201d button_bg_color__hover=\u201d#b01f23\u2033 button_bg_enable_color__hover=\u201dan\u201d sticky_enabled=\u201d0\u2033][\/et_pb_button][\/et_pb_column][et_pb_column type=\u201d1_2\u2033 _builder_version=\u201d4.22.1\u2033 _module_preset=\u201ddefault\u201d global_colors_info=\u201d{}\u201d][et_pb_text _builder_version=\u201d4.22.2\u2033 _module_preset=\u201ddefault\u201d header_3_font=\u201d||||||||\u201d header_3_text_color=\u201d#FFFFFF\u201d header_3_font_size=\u201d24px\u201d use_background_color_gradient=\u201dein\u201d background_color_gradient_direction=\u201d90deg\u201d background_color_gradient_stops=\u201d#b01f24 0%|#b01f24 87%|#ffffff 100%\u201d custom_margin=\u201d||21px|||\u201d custom_padding=\u201d11px|||15px|false|false\u201d global_colors_info=\u201d{}\u201d]<\/p>\n<h3>Standard-Sicherheitsfunktionen:<\/h3>\n<p>[\/et_pb_text][et_pb_text _builder_version=\u201d4.22.2\u2033 _module_preset=\u201ddefault\u201d custom_margin=\u201d||5px|||\u201d global_colors_info=\u201d{}\u201d]<\/p>\n<ul>\n<li>Hebeplatte mit Elektro-Permanent-Technologie, kann eine Last aufgrund eines Stromausfalls nicht abwerfen.<\/li>\n<li>Die Elektroperm-Technologie kann eine Last aufgrund eines Stromausfalls nicht fallen lassen<\/li>\n<li>Die Testhubsequenz verhindert, dass unsichere Lasten aufgrund von Luftspalt, Lastgeometrie oder tats\u00e4chlicher Lastzusammensetzung gehandhabt werden<\/li>\n<li>Statusleuchten des Hebeger\u00e4ts sorgen daf\u00fcr, dass der Bediener immer den Status des Hebeger\u00e4ts kennt<\/li>\n<li>Die Funkfernbedienung h\u00e4lt den Bediener beim Bet\u00e4tigen des Magneten in sicherem Abstand<\/li>\n<li>Der Sicherheitsschalter verhindert eine Entmagerung, es sei denn, die Last steht sicher auf dem Boden<\/li>\n<li>CSS-Sensor, um sicherzustellen, dass Controller und Magnet ordnungsgem\u00e4\u00df funktionieren<\/li>\n<li>Sicherheitstaste f\u00fcr die Entmagerung, um sicherzustellen, dass eine versehentliche Entmagerung nicht m\u00f6glich ist<\/li>\n<\/ul>\n<p>[\/et_pb_text][\/et_pb_column][\/et_pb_row][et_pb_row Spaltenstruktur=\u201d1_2,1_2\u2033 _builder_version=\u201d4.22.2\u2033 _module_preset=\u201ddefault\u201d Breite=\u201d90%\u201d maximale Breite=\u201d1500px\u201d benutzerdefiniertes Padding=\u201d10px||17px||false|true\u201d globale Farbinformationen=\u201d{}\u201d][et_pb_column Typ=\u201d1_2\u2033 _builder_version=\u201d4.22.1\u2033 _module_preset=\u201ddefault\u201d globale Farbinformationen=\u201d{}\u201d][et_pb_text _builder_version=\u201d4.22.2\u2033 _module_preset=\u201ddefault\u201d Header_3_Schriftart=\u201d||||||||\u201d header_3_text_color=\u201d#FFFFFF\u201d header_3_font_size=\u201d24px\u201d use_background_color_gradient=\u201dein\u201d background_color_gradient_direction=\u201d90deg\u201d background_color_gradient_stops=\u201d#b01f24 0%|#b01f24 87%|#ffffff 100%\u201d custom_margin=\u201d-4px||21px|||\u201d custom_padding=\u201d11px|||15px|false|false\u201d global_colors_info=\u201d{}\u201d]<\/p>\n<h3>Standardbetriebsfunktionen:<\/h3>\n<p>[\/et_pb_text][et_pb_text _builder_version=\u201d4.22.2\u2033 _module_preset=\u201ddefault\u201d custom_margin=\u201d||22px|||\u201d global_colors_info=\u201d{}\u201d]<\/p>\n<ul>\n<li>Einstellbare Leistungsstufe zum Abstecken von Platten und Brammen nach Bedarf<\/li>\n<li>Funkfernbedienung<\/li>\n<li>Kein Restmagnetismus<\/li>\n<li>Geringe Flusstiefe<\/li>\n<li>Die Testhubfunktion gew\u00e4hrleistet jedes Mal eine sichere Lasthandhabung, indem sichergestellt wird, dass bei jedem einzelnen Hub ein Mindestsicherheitsfaktor gew\u00e4hrleistet ist.<\/li>\n<li>Statusleuchten<\/li>\n<li>Die Elektro-Dauerwellentechnologie spart Energie<\/li>\n<li>Keine beweglichen Teile, die verschlei\u00dfen k\u00f6nnten<\/li>\n<li>Integrierte Bedienelemente f\u00fcr eine einfache Installation<\/li>\n<\/ul>\n<p><strong>Optional:<\/strong><\/p>\n<ol>\n<li>Abnehmbare Stangenschuhe<\/li>\n<li>Doppelte Steuerung<\/li>\n<li>Temperatursensor<\/li>\n<li>Hochtemperaturversion auf Anfrage erh\u00e4ltlich<\/li>\n<li>Gleichstromquelle<\/li>\n<li>Kransteuerungsschnittstelle<\/li>\n<li>MSD-Sensor zur \u00dcberpr\u00fcfung der magnetischen S\u00e4ttigung<\/li>\n<\/ol>\n<p>[\/et_pb_text][\/et_pb_column][et_pb_column Typ=\u201d1_2\u2033 _builder_version=\u201d4.22.1\u2033 _module_preset=\u201dStandard\u201d global_colors_info=\u201d{}\u201d][et_pb_text _builder_version=\u201d4.22.2\u2033 _module_preset=\u201dStandard\u201d header_3_font=\u201d||||||||\u201d header_3_text_color=\u201d#FFFFFF\u201d header_3_font_size=\u201d24px\u201d use_background_color_gradient=\u201dein\u201d background_color_gradient_direction=\u201d90deg\u201d background_color_gradient_stops=\u201d#b01f24 0%|#b01f24 87%|#ffffff 100%\u201d custom_margin=\u201d-4px||0px|||\u201d custom_padding=\u201d11px|||15px|false|false\u201d global_colors_info=\u201d{}\u201d]<\/p>\n<h3>Anwendungen:<\/h3>\n<p>[\/et_pb_text][et_pb_text _builder_version=\u201d4.22.2\u2033 _module_preset=\u201ddefault\u201d custom_margin=\u201d||20px|||\u201d custom_padding=\u201d22px|||||\u201d global_colors_info=\u201d{}\u201d]Stahlservicecenter, Formen- und Matrizenbau, Stahlwerke, W\u00e4rmebehandlung, Stahlwerke, Stahllager[\/et_pb_text][dsm_image_carousel gallery_ids=\u201d388266\u2033 slide_to_show=\u201d1\u2033 speed=\u201d2000\u2033 autoplay=\u201doff\u201d space_between=\u201d0\u2033 touch_move=\u201don\u201d show_lightbox=\u201don\u201d show_lightbox_gallery=\u201don\u201d _builder_version=\u201d4.22.2\u2033 _module_preset=\u201ddefault\u201d locked=\u201doff\u201d global_colors_info=\u201d{}\u201d][\/dsm_image_carousel][\/et_pb_column][\/et_pb_row][et_pb_row _builder_version=\u201d4.22.2\u2033 _module_preset=\u201ddefault\u201d width=\u201d90%\u201d max_width=\u201d1500px\u201d custom_padding=\u201d10px||17px||false|true\u201d global_colors_info=\u201d{}\u201d][et_pb_column type=\u201d4_4\u2033 _builder_version=\u201d4.22.1\u2033 _module_preset=\u201ddefault\u201d global_colors_info=\u201d{}\u201d][et_pb_image src=\u201dhttps:\/\/helmholtz-magnet.com\/wp-content\/uploads\/2023\/09\/1.png\u201d title_text=\u201d1\u2033 show_in_lightbox=\u201don\u201d align=\u201dcenter\u201d _builder_version=\u201d4.22.2\u2033 _module_preset=\u201ddefault\u201d max_width=\u201d100%\u201d custom_margin=\u201d||14px|||\u201d global_colors_info=\u201d{}\u201d][\/et_pb_image][\/et_pb_column][\/et_pb_row][et_pb_row _builder_version=\u201d4.22.2\u2033 _module_preset=\u201ddefault\u201d width=\u201d90%\u201d max_width=\u201d1500px\u201d custom_padding=\u201d10px||17px||false|true\u201d global_colors_info=\u201d{}\u201d][et_pb_column type=\u201d4_4\u2033 _builder_version=\u201d4.22.1\u2033 _module_preset=\u201ddefault\u201d global_colors_info=\u201d{}\u201d][et_pb_image src=\u201dhttps:\/\/helmholtz-magnet.com\/wp-content\/uploads\/2023\/09\/2.png\u201d title_text=\u201d2\u2033 show_in_lightbox=\u201dein\u201d align=\u201dzentriert\u201d _builder_version=\u201d4.22.2\u2033 _module_preset=\u201dstandardm\u00e4\u00dfig\u201d max_width=\u201d100%\u201d custom_margin=\u201d||14px|||\u201d global_colors_info=\u201d{}\u201d][\/et_pb_image][\/et_pb_column][\/et_pb_row][et_pb_row _builder_version=\u201d4.22.2\u2033 _module_preset=\u201ddefault\u201d width=\u201d90%\u201d max_width=\u201d1500px\u201d custom_padding=\u201d10px||17px||false|true\u201d global_colors_info=\u201d{}\u201d][et_pb_column type=\u201d4_4\u2033 _builder_version=\u201d4.22.1\u2033 _module_preset=\u201ddefault\u201d global_colors_info=\u201d{}\u201d][et_pb_image src=\u201dhttps:\/\/helmholtz-magnet.com\/wp-content\/uploads\/2023\/09\/3.png\u201d title_text=\u201d3\u2033 show_in_lightbox=\u201dein\u201d align=\u201dzentriert\u201d _builder_version=\u201d4.22.2\u2033 _module_preset=\u201dstandardm\u00e4\u00dfig\u201d max_width=\u201d100%\u201d custom_margin=\u201d||14px|||\u201d global_colors_info=\u201d{}\u201d][\/et_pb_image][\/et_pb_column][\/et_pb_row][\/et_pb_section]<\/p>","protected":false},"excerpt":{"rendered":"<p>HPRELEKTROPERMANENTER HEBER ZUM HANDHABEN VON RUNDMATERIALIENF\u00fcr das Handhaben von fertigen oder halbfertigen Rundmaterialien\/Rohren sind HPR-Elektropermanentmagnetmodule die ideale L\u00f6sung zum Handhaben von Rundmaterialien und Tanks mit begrenztem Luftspalt. Ausgezeichnetes Leistungsgewichtsverh\u00e4ltnis Der mehrpolige Magnetkreis gew\u00e4hrleistet keinen Restmagnetismus und hohe Leistung bei geringer Flusstiefe. Maximale Arbeitslast bis zu [\u2026]<\/p>","protected":false},"author":1,"featured_media":0,"parent":0,"menu_order":0,"comment_status":"closed","ping_status":"open","template":"","meta":{"_et_pb_use_builder":"on","_et_pb_old_content":"<!-- wp:paragraph -->\r\n<p>This is an example page. It's different from a blog post because it will stay in one place and will show up in your site navigation (in most themes). Most people start with an About page that introduces them to potential site visitors. It might say something like this:<\/p>\r\n<!-- \/wp:paragraph -->\r\n\r\n<!-- wp:quote -->\r\n<blockquote class=\"wp-block-quote\"><p>Hi there! I'm a bike messenger by day, aspiring actor by night, and this is my website. I live in Los Angeles, have a great dog named Jack, and I like pi\u00f1a coladas. (And gettin' caught in the rain.)<\/p><\/blockquote>\r\n<!-- \/wp:quote -->\r\n\r\n<!-- wp:paragraph -->\r\n<p>...or something like this:<\/p>\r\n<!-- \/wp:paragraph -->\r\n\r\n<!-- wp:quote -->\r\n<blockquote class=\"wp-block-quote\"><p>The XYZ Doohickey Company was founded in 1971, and has been providing quality doohickeys to the public ever since. Located in Gotham City, XYZ employs over 2,000 people and does all kinds of awesome things for the Gotham community.<\/p><\/blockquote>\r\n<!-- \/wp:quote -->\r\n\r\n<!-- wp:paragraph -->\r\n<p>As a new WordPress user, you should go to <a href=\"https:\/\/helmholtz-magnet.com\/wp-admin\/\">your dashboard<\/a> to delete this page and create new pages for your content. Have fun!<\/p>\r\n<!-- \/wp:paragraph -->","_et_gb_content_width":"","_mi_skip_tracking":false,"_monsterinsights_sitenote_active":false,"_monsterinsights_sitenote_note":"","_monsterinsights_sitenote_category":0,"footnotes":""},"class_list":["post-388166","page","type-page","status-publish","hentry"],"yoast_head":"<!-- This site is optimized with the Yoast SEO Premium plugin v24.8 (Yoast SEO v26.3) - https:\/\/yoast.com\/wordpress\/plugins\/seo\/ -->\n<title>HPR - HELMHOLTZ, UNSURPASSED MATERIAL HANDLING<\/title>\n<meta name=\"robots\" content=\"index, follow, max-snippet:-1, max-image-preview:large, max-video-preview:-1\" \/>\n<link rel=\"canonical\" href=\"https:\/\/helmholtz-magnet.com\/de\/hpr\/\" \/>\n<meta property=\"og:locale\" content=\"de_DE\" \/>\n<meta property=\"og:type\" content=\"article\" \/>\n<meta property=\"og:title\" content=\"HPR\" \/>\n<meta property=\"og:description\" content=\"HPRELECTRO-PERMANENT ROUND STOCK HANDLING LIFTERFor handling finished or semi-finished round stock \/ pipe HPR electro-permanent magnetic modules are the ideal answer for handling rounds and tanks with limited air gap. Excellent power to weight ratio Multi-pole powered magnetic circuit insures no residual magnetism and high performance with a low flux depth Maximum working load up [&hellip;]\" \/>\n<meta property=\"og:url\" content=\"https:\/\/helmholtz-magnet.com\/de\/hpr\/\" \/>\n<meta property=\"og:site_name\" content=\"HELMHOLTZ, UNSURPASSED MATERIAL HANDLING\" \/>\n<meta property=\"article:publisher\" content=\"https:\/\/www.facebook.com\/Soph-Magnetics-Inc-530930033722115\/\" \/>\n<meta property=\"article:modified_time\" content=\"2023-10-18T14:06:56+00:00\" \/>\n<meta name=\"twitter:card\" content=\"summary_large_image\" \/>\n<meta name=\"twitter:site\" content=\"@soph_usa\" \/>\n<meta name=\"twitter:label1\" content=\"Gesch\u00e4tzte Lesezeit\" \/>\n\t<meta name=\"twitter:data1\" content=\"6\u00a0Minuten\" \/>\n<script type=\"application\/ld+json\" class=\"yoast-schema-graph\">{\"@context\":\"https:\/\/schema.org\",\"@graph\":[{\"@type\":\"WebPage\",\"@id\":\"https:\/\/helmholtz-magnet.com\/hpr\/\",\"url\":\"https:\/\/helmholtz-magnet.com\/hpr\/\",\"name\":\"HPR - HELMHOLTZ, UNSURPASSED MATERIAL HANDLING\",\"isPartOf\":{\"@id\":\"https:\/\/helmholtz-magnet.com\/#website\"},\"datePublished\":\"2023-09-26T18:14:33+00:00\",\"dateModified\":\"2023-10-18T14:06:56+00:00\",\"breadcrumb\":{\"@id\":\"https:\/\/helmholtz-magnet.com\/hpr\/#breadcrumb\"},\"inLanguage\":\"de\",\"potentialAction\":[{\"@type\":\"ReadAction\",\"target\":[\"https:\/\/helmholtz-magnet.com\/hpr\/\"]}]},{\"@type\":\"BreadcrumbList\",\"@id\":\"https:\/\/helmholtz-magnet.com\/hpr\/#breadcrumb\",\"itemListElement\":[{\"@type\":\"ListItem\",\"position\":1,\"name\":\"Home\",\"item\":\"https:\/\/helmholtz-magnet.com\/\"},{\"@type\":\"ListItem\",\"position\":2,\"name\":\"HPR\"}]},{\"@type\":\"WebSite\",\"@id\":\"https:\/\/helmholtz-magnet.com\/#website\",\"url\":\"https:\/\/helmholtz-magnet.com\/\",\"name\":\"HELMHOLTZ, UNSURPASSED MATERIAL HANDLING\",\"description\":\"HELMHOLTZ, UNSURPASSED MATERIAL HANDLING\",\"publisher\":{\"@id\":\"https:\/\/helmholtz-magnet.com\/#organization\"},\"potentialAction\":[{\"@type\":\"SearchAction\",\"target\":{\"@type\":\"EntryPoint\",\"urlTemplate\":\"https:\/\/helmholtz-magnet.com\/?s={search_term_string}\"},\"query-input\":{\"@type\":\"PropertyValueSpecification\",\"valueRequired\":true,\"valueName\":\"search_term_string\"}}],\"inLanguage\":\"de\"},{\"@type\":\"Organization\",\"@id\":\"https:\/\/helmholtz-magnet.com\/#organization\",\"name\":\"Helmholtz Magnets\",\"url\":\"https:\/\/helmholtz-magnet.com\/\",\"logo\":{\"@type\":\"ImageObject\",\"inLanguage\":\"de\",\"@id\":\"https:\/\/helmholtz-magnet.com\/#\/schema\/logo\/image\/\",\"url\":\"https:\/\/helmholtz-magnet.com\/wp-content\/uploads\/2023\/09\/logo.svg\",\"contentUrl\":\"https:\/\/helmholtz-magnet.com\/wp-content\/uploads\/2023\/09\/logo.svg\",\"width\":1206,\"height\":214,\"caption\":\"Helmholtz Magnets\"},\"image\":{\"@id\":\"https:\/\/helmholtz-magnet.com\/#\/schema\/logo\/image\/\"},\"sameAs\":[\"https:\/\/www.facebook.com\/Soph-Magnetics-Inc-530930033722115\/\",\"https:\/\/x.com\/soph_usa\",\"https:\/\/www.youtube.com\/channel\/UCnxgzBXQDhTRw-bUPpYoI6g\",\"https:\/\/goo.gl\/maps\/6AULBobLT1c77iZEA\"]}]}<\/script>\n<!-- \/ Yoast SEO Premium plugin. -->","yoast_head_json":{"title":"HPR - HELMHOLTZ, UN\u00dcBERTROFFENE MATERIALHANDHABUNG","robots":{"index":"index","follow":"follow","max-snippet":"max-snippet:-1","max-image-preview":"max-image-preview:large","max-video-preview":"max-video-preview:-1"},"canonical":"https:\/\/helmholtz-magnet.com\/de\/hpr\/","og_locale":"de_DE","og_type":"article","og_title":"HPR","og_description":"HPRELECTRO-PERMANENT ROUND STOCK HANDLING LIFTERFor handling finished or semi-finished round stock \/ pipe HPR electro-permanent magnetic modules are the ideal answer for handling rounds and tanks with limited air gap. Excellent power to weight ratio Multi-pole powered magnetic circuit insures no residual magnetism and high performance with a low flux depth Maximum working load up [&hellip;]","og_url":"https:\/\/helmholtz-magnet.com\/de\/hpr\/","og_site_name":"HELMHOLTZ, UNSURPASSED MATERIAL HANDLING","article_publisher":"https:\/\/www.facebook.com\/Soph-Magnetics-Inc-530930033722115\/","article_modified_time":"2023-10-18T14:06:56+00:00","twitter_card":"summary_large_image","twitter_site":"@soph_usa","twitter_misc":{"Gesch\u00e4tzte Lesezeit":"6\u00a0Minuten"},"schema":{"@context":"https:\/\/schema.org","@graph":[{"@type":"WebPage","@id":"https:\/\/helmholtz-magnet.com\/hpr\/","url":"https:\/\/helmholtz-magnet.com\/hpr\/","name":"HPR - HELMHOLTZ, UN\u00dcBERTROFFENE MATERIALHANDHABUNG","isPartOf":{"@id":"https:\/\/helmholtz-magnet.com\/#website"},"datePublished":"2023-09-26T18:14:33+00:00","dateModified":"2023-10-18T14:06:56+00:00","breadcrumb":{"@id":"https:\/\/helmholtz-magnet.com\/hpr\/#breadcrumb"},"inLanguage":"de","potentialAction":[{"@type":"ReadAction","target":["https:\/\/helmholtz-magnet.com\/hpr\/"]}]},{"@type":"BreadcrumbList","@id":"https:\/\/helmholtz-magnet.com\/hpr\/#breadcrumb","itemListElement":[{"@type":"ListItem","position":1,"name":"Home","item":"https:\/\/helmholtz-magnet.com\/"},{"@type":"ListItem","position":2,"name":"HPR"}]},{"@type":"WebSite","@id":"https:\/\/helmholtz-magnet.com\/#website","url":"https:\/\/helmholtz-magnet.com\/","name":"HELMHOLTZ, UN\u00dcBERTROFFENES MATERIALHANDLING","description":"HELMHOLTZ, UN\u00dcBERTROFFENES MATERIALHANDLING","publisher":{"@id":"https:\/\/helmholtz-magnet.com\/#organization"},"potentialAction":[{"@type":"SearchAction","target":{"@type":"EntryPoint","urlTemplate":"https:\/\/helmholtz-magnet.com\/?s={search_term_string}"},"query-input":{"@type":"PropertyValueSpecification","valueRequired":true,"valueName":"search_term_string"}}],"inLanguage":"de"},{"@type":"Organization","@id":"https:\/\/helmholtz-magnet.com\/#organization","name":"Helmholtz-Magnete","url":"https:\/\/helmholtz-magnet.com\/","logo":{"@type":"ImageObject","inLanguage":"de","@id":"https:\/\/helmholtz-magnet.com\/#\/schema\/logo\/image\/","url":"https:\/\/helmholtz-magnet.com\/wp-content\/uploads\/2023\/09\/logo.svg","contentUrl":"https:\/\/helmholtz-magnet.com\/wp-content\/uploads\/2023\/09\/logo.svg","width":1206,"height":214,"caption":"Helmholtz Magnets"},"image":{"@id":"https:\/\/helmholtz-magnet.com\/#\/schema\/logo\/image\/"},"sameAs":["https:\/\/www.facebook.com\/Soph-Magnetics-Inc-530930033722115\/","https:\/\/x.com\/soph_usa","https:\/\/www.youtube.com\/channel\/UCnxgzBXQDhTRw-bUPpYoI6g","https:\/\/goo.gl\/maps\/6AULBobLT1c77iZEA"]}]}},"_links":{"self":[{"href":"https:\/\/helmholtz-magnet.com\/de\/wp-json\/wp\/v2\/pages\/388166","targetHints":{"allow":["GET"]}}],"collection":[{"href":"https:\/\/helmholtz-magnet.com\/de\/wp-json\/wp\/v2\/pages"}],"about":[{"href":"https:\/\/helmholtz-magnet.com\/de\/wp-json\/wp\/v2\/types\/page"}],"author":[{"embeddable":true,"href":"https:\/\/helmholtz-magnet.com\/de\/wp-json\/wp\/v2\/users\/1"}],"replies":[{"embeddable":true,"href":"https:\/\/helmholtz-magnet.com\/de\/wp-json\/wp\/v2\/comments?post=388166"}],"version-history":[{"count":9,"href":"https:\/\/helmholtz-magnet.com\/de\/wp-json\/wp\/v2\/pages\/388166\/revisions"}],"predecessor-version":[{"id":388571,"href":"https:\/\/helmholtz-magnet.com\/de\/wp-json\/wp\/v2\/pages\/388166\/revisions\/388571"}],"wp:attachment":[{"href":"https:\/\/helmholtz-magnet.com\/de\/wp-json\/wp\/v2\/media?parent=388166"}],"curies":[{"name":"wp","href":"https:\/\/api.w.org\/{rel}","templated":true}]}}