{"id":388237,"date":"2023-09-26T20:27:05","date_gmt":"2023-09-26T20:27:05","guid":{"rendered":"https:\/\/helmholtz-magnet.com\/?page_id=388237"},"modified":"2023-10-18T14:25:01","modified_gmt":"2023-10-18T14:25:01","slug":"par","status":"publish","type":"page","link":"https:\/\/helmholtz-magnet.com\/de\/par\/","title":{"rendered":"PAR"},"content":{"rendered":"<p>[et_pb_section fb_built=\u201d1\u2033 _builder_version=\u201d4.22.1\u2033 _module_preset=\u201ddefault\u201d custom_margin=\u201d0px||||false|false\u201d custom_padding=\u201d0px||3px||false|false\u201d global_colors_info=\u201d{}\u201d][et_pb_row _builder_version=\u201d4.22.2\u2033 _module_preset=\u201ddefault\u201d width=\u201d90%\u201d max_width=\u201d1500px\u201d custom_padding=\u201d40px|25px|5px||false|false\u201d global_colors_info=\u201d{}\u201d][et_pb_column type=\u201d4_4\u2033 _builder_version=\u201d4.22.1\u2033 _module_preset=\u201ddefault\u201d global_colors_info=\u201d{}\u201d][et_pb_text _builder_version=\u201d4.22.1\u2033 _module_preset=\u201ddefault\u201d header_3_font=\u201d||||||||\u201d header_3_text_color=\u201d#FFFFFF\u201d header_3_font_size=\u201d50px\u201d use_background_color_gradient=\u201don\u201d background_color_gradient_direction=\u201d90deg\u201d background_color_gradient_stops=\u201d#8e8e8e 0%|#8e8e8e 87%|#ffffff 100%\u201d custom_margin=\u201d||0px|||\u201d custom_padding=\u201d21px||7px|25px|false|false\u201d global_colors_info=\u201d{}\u201d]<\/p>\n<h3>PAR<\/h3>\n<p>[\/et_pb_text][et_pb_text _builder_version=\u201d4.22.2\u2033 _module_preset=\u201ddefault\u201d header_3_font=\u201d||||||||\u201d header_3_text_color=\u201d#FFFFFF\u201d header_3_font_size=\u201d24px\u201d use_background_color_gradient=\u201don\u201d background_color_gradient_direction=\u201d90deg\u201d background_color_gradient_stops=\u201d#b01f24 0%|#b01f24 87%|#ffffff 100%\u201d custom_margin=\u201d||0px|||\u201d custom_padding=\u201d11px|||25px|false|false\u201d global_colors_info=\u201d{}\u201d]<\/p>\n<h3>Sichereres vertikales System<\/h3>\n<p>[\/et_pb_text][\/et_pb_column][\/et_pb_row][\/et_pb_section][et_pb_section fb_built=\u201d1\u2033 _builder_version=\u201d4.22.1\u2033 _module_preset=\u201ddefault\u201d custom_padding=\u201d7px||5px|||\u201d global_colors_info=\u201d{}\u201d][et_pb_row column_structure=\u201d1_2,1_2\u2033 _builder_version=\u201d4.22.2\u2033 _module_preset=\u201ddefault\u201d width=\u201d90%\u201d max_width=\u201d1500px\u201d custom_padding=\u201d6px||17px||false|true\u201d global_colors_info=\u201d{}\u201d][et_pb_column type=\u201d1_2\u2033 _builder_version=\u201d4.22.1\u2033 _module_preset=\u201ddefault\u201d global_colors_info=\u201d{}\u201d][et_pb_text _builder_version=\u201d4.22.2\u2033 _module_preset=\u201ddefault\u201d custom_margin=\u201d11px||35px|||\u201d global_colors_info=\u201d{}\u201d]Das PAR-System ist f\u00fcr die vertikale Handhabung von Platten konzipiert.<br \/>\nDie typische Anwendung ist das Be- und Entladen eines Werkst\u00fccks auf einer Horizontalspindelfr\u00e4smaschine. Kann verwendet werden, um Teile bei Bedarf auf sichere Weise umzudrehen. Mit einfachen Handgriffen ist es m\u00f6glich, das Werkst\u00fcck auf der Magnetspannplatte von einer Seite zur anderen zu fixieren, um so beide Seiten zu bearbeiten. PAR l\u00e4sst sich leicht an Werkst\u00fccke unterschiedlicher Gr\u00f6\u00dfe anpassen und ver\u00e4ndert die Position der Sicherungsstifte.<\/p>\n<p>PAR ist f\u00fcr SAFER 300\/600 verf\u00fcgbar.[\/et_pb_text][et_pb_text _builder_version=\u201d4.22.2\u2033 _module_preset=\u201ddefault\u201d global_colors_info=\u201d{}\u201d]SOPH bietet eine Reihe von Zubeh\u00f6rteilen f\u00fcr SAFER-Hebeger\u00e4te an, um die allgemeine Flexibilit\u00e4t beim Einsatz in horizontalen und vertikalen Materialhandhabungsanwendungen zu erh\u00f6hen. Das langlebige Design macht sie \u00fcber einen langen Zeitraum zuverl\u00e4ssig und erfordert keine Wartung.[\/et_pb_text][et_pb_button button_url=\u201dhttps:\/\/helmholtz-magnet.com\/wp-content\/uploads\/2023\/10\/PAR.pdf\u201d url_new_window=\u201don\u201d button_text=\u201dProduktbrosch\u00fcre herunterladen\u201d button_alignment=\u201dleft\u201d _builder_version=\u201d4.22.2\u2033 _module_preset=\u201ddefault\u201d custom_button=\u201don\u201d button_border_width=\u201d2px\u201d button_border_color=\u201d#b01f23\u2033 button_border_radius=\u201d3px\u201d button_icon=\u201d\uf1c1||fa||900\u2033 button_icon_placement=\u201dleft\u201d button_on_hover=\u201doff\u201d locked=\u201doff\u201d global_colors_info=\u201d{}\u201d button_text_color__hover_enabled=\u201dan|hover\u201d button_text_color__hover=\u201d#FFFFFF\u201d button_bg_color__hover_enabled=\u201dan|hover\u201d button_bg_color__hover=\u201d#b01f23\u2033 button_bg_enable_color__hover=\u201dan\u201d][\/et_pb_button][et_pb_image src=\u201dhttps:\/\/helmholtz-magnet.com\/wp-content\/uploads\/2023\/09\/2023-09-26_19-47-05.png\u201d title_text=\u201d2023-09-26_19-47-05\u2033 show_in_lightbox=\u201dan\u201d align=\u201dcenter\u201d _builder_version=\u201d4.22.2\u2033 _module_preset=\u201ddefault\u201d maximale Breite = \u201e100%\u201c benutzerdefinierter Rand = \u201e||14px|||\u201c global_colors_info=\u201d{}\u201d][\/et_pb_image][\/et_pb_column][et_pb_column Typ=\u201d1_2\u2033 _builder_version=\u201d4.22.1\u2033 _module_preset=\u201ddefault\u201d global_colors_info=\u201d{}\u201d][dsm_image_carousel gallery_ids=\u201d388304\u2033 slide_to_show=\u201d1\u2033 Geschwindigkeit=\u201d2000\u2033 Autoplay=\u201daus\u201d Abstand zwischen=\u201d0\u2033 touch_move=\u201dan\u201d show_lightbox=\u201dan\u201d show_lightbox_gallery=\u201dan\u201d _builder_version=\u201d4.22.2\u2033 _module_preset=\u201ddefault\u201d gesperrt=\u201daus\u201d global_colors_info=\u201d{}\u201d][\/dsm_image_carousel][et_pb_image src=\u201dhttps:\/\/helmholtz-magnet.com\/wp-content\/uploads\/2023\/09\/46-1.jpg\u201d title_text=\u201d46\u2033 show_in_lightbox=\u201dan\u201d align=\u201dcenter\u201d _builder_version=\u201d4.22.2\u2033 _module_preset=\u201ddefault\u201d max_width=\u201d100%\u201d custom_margin=\u201d||14px|||\u201d global_colors_info=\u201d{}\u201d][\/et_pb_image][\/et_pb_column][\/et_pb_row][\/et_pb_section][et_pb_section fb_built=\u201d1\u2033 _builder_version=\u201d4.22.2\u2033 _module_preset=\u201ddefault\u201d custom_padding=\u201d1px||22px|||\u201d global_colors_info=\u201d{}\u201d][et_pb_row column_structure=\u201d1_2,1_2\u2033 _builder_version=\u201d4.22.2\u2033 _module_preset=\u201ddefault\u201d width=\u201d90%\u201d max_width=\u201d1500px\u201d global_colors_info=\u201d{}\u201d][et_pb_column type=\u201d1_2\u2033 _builder_version=\u201d4.22.2\u2033 _module_preset=\u201ddefault\u201d global_colors_info=\u201d{}\u201d][et_pb_text _builder_version=\u201d4.22.2\u2033 _module_preset=\u201ddefault\u201d header_3_font=\u201d||||||||\u201d header_3_text_color=\u201d#FFFFFF\u201d header_3_font_size=\u201d24px\u201d use_background_color_gradient=\u201dein\u201d background_color_gradient_direction=\u201d90deg\u201d background_color_gradient_stops=\u201d#b01f24 0%|#b01f24 87%|#ffffff 100%\u201d custom_margin=\u201d||0px|||\u201d custom_padding=\u201d11px|||15px|false|false\u201d global_colors_info=\u201d{}\u201d]<\/p>\n<h3>Abmessungen mm (Zoll)<\/h3>\n<p>[\/et_pb_text][dvmd_table_maker tbl_row_header_count=\u201d0\u2033 tbl_responsive_breakpoint=\u201dkeine\u201d tbl_scrolling_active=\u201dan\u201d tbl_frame_type=\u201dkeine\u201d tbl_stripes_active=\u201dan\u201d tbl_stripes_order=\u201dungerade\u201d tbl_stripes_apply=\u201dan|aus|aus|an|aus\u201d tbl_tcell_cell_color=\u201d#f7f7f7\u2033 tbl_tcell_cell_align_horz=\u201dMitte\u201d tbl_tcell_cell_align_vert=\u201dMitte\u201d tbl_tcell_cell_padding=\u201d10px|5px|10px|5px|true|true\u201d tbl_chead_cell_color=\u201d#8e8e8e\u201d tbl_chead_cell_align_horz=\u201dMitte\u201d tbl_chead_cell_align_vert=\u201dMitte\u201d tbl_rhead_cell_color=\u201d#000000\u2033 tbl_tcell_text_wrap=\u201dnowrap\u201d tbl_chead_text_wrap=\u201dnormal\u201d _builder_version=\u201d4.22.2\u2033 _module_preset=\u201dStandard\u201d tbl_tcell_text_font=\u201dRoboto Flex||||||||\u201d tbl_tcell_text_font_size=\u201d15px\u201d tbl_chead_text_font=\u201dRoboto|300|||||||\u201d tbl_chead_text_text_color=\u201d#FFFFFF\u201d tbl_chead_text_font_size=\u201d16px\u201d tbl_rhead_text_text_color=\u201d#FFFFFF\u201d benutzerdefinierter Rand=\u201d0px||||false|false\u201d benutzerdefiniertes Polster=\u201d0px||||false|false\u201d hover_enabled=\u201d0\u2033 Rahmenfarbe_alle_tbl_tcell_cell_border=\u201d#c9c9c9\u2033 Rahmenstil_unten_tbl_tcell_cell_border=\u201ddurchgezogen\u201d Rahmenfarbe_alle_tbl_chead_cell_border=\u201dRGBA(255,255,255,0)\u201d Rahmenbreite_unten_tbl_chead_cell_border=\u201d0px\u201d border_color_bottom_tbl_chead_cell_border=\u201d#000000\u2033 box_shadow_style_tbl_chead_cell_shadow=\u201dpreset3\u2033 box_shadow_vertical_tbl_chead_cell_shadow=\u201d0px\u201d box_shadow_blur_tbl_chead_cell_shadow=\u201d20px\u201d box_shadow_spread_tbl_chead_cell_shadow=\u201d-5px\u201d box_shadow_color_tbl_chead_cell_shadow=\u201drgba(0,0,0,0.74)\u201d global_colors_info=\u201d{}\u201d sticky_enabled=\u201d0\u2033][dvmd_table_maker_item col_label=\u201dMit PAR\u201d col_content=\u201dMit PAR<br \/>\nA<br \/>\nB<br \/>\nC<br \/>\nD<br \/>\nGewicht\u201d _builder_version=\u201d4.22.2\u2033 _module_preset=\u201ddefault\u201d global_colors_info=\u201d{}\u201d][\/dvmd_table_maker_item][dvmd_table_maker_item col_label=\u201dSAFER 300\u2033 col_content=\u201dSAFER 300<br \/>\n1121 (44.13)<br \/>\n175 (6.89)<br \/>\n290 (11.42)<br \/>\n256 (10.08)<br \/>\n31 kg\/68,2 lbs\u201d _builder_version=\u201d4.22.2\u2033 _module_preset=\u201ddefault\u201d global_colors_info=\u201d{}\u201d][\/dvmd_table_maker_item][dvmd_table_maker_item col_label=\u201dSAFER 600\u2033 col_content=\u201dSAFER 600<br \/>\n1121 (44.13)<br \/>\n175 (6.89)<br \/>\n290 (11.42)<br \/>\n256 (10.08)<br \/>\n42 kg\/92,4 lbs\u201d _builder_version=\u201d4.22.2\u2033 _module_preset=\u201ddefault\u201d global_colors_info=\u201d{}\u201d][\/dvmd_table_maker_item][\/dvmd_table_maker][\/et_pb_column][et_pb_column type=\u201d1_2\u2033 _builder_version=\u201d4.22.2\u2033 _module_preset=\u201ddefault\u201d global_colors_info=\u201d{}\u201d][et_pb_text _builder_version=\u201d4.22.2\u2033 _module_preset=\u201ddefault\u201d header_3_font=\u201d||||||||\u201d header_3_text_color=\u201d#FFFFFF\u201d header_3_font_size=\u201d24px\u201d use_background_color_gradient=\u201dein\u201d background_color_gradient_direction=\u201d90deg\u201d background_color_gradient_stops=\u201d#b01f24 0%|#b01f24 87%|#ffffff 100%\u201d custom_margin=\u201d||0px|||\u201d custom_padding=\u201d11px|||15px|false|false\u201d global_colors_info=\u201d{}\u201d]<\/p>\n<h3>Tragf\u00e4higkeit mm (Zoll)<\/h3>\n<p>[\/et_pb_text][dvmd_table_maker tbl_row_header_count=\u201d0\u2033 tbl_responsive_breakpoint=\u201dkeine\u201d tbl_scrolling_active=\u201dan\u201d tbl_frame_type=\u201dkeine\u201d tbl_stripes_active=\u201dan\u201d tbl_stripes_order=\u201dungerade\u201d tbl_stripes_apply=\u201dan|aus|aus|an|aus\u201d tbl_tcell_cell_color=\u201d#f7f7f7\u2033 tbl_tcell_cell_align_horz=\u201dMitte\u201d tbl_tcell_cell_align_vert=\u201dMitte\u201d tbl_tcell_cell_padding=\u201d10px|5px|10px|5px|true|true\u201d tbl_chead_cell_color=\u201d#8e8e8e\u201d tbl_chead_cell_align_horz=\u201dMitte\u201d tbl_chead_cell_align_vert=\u201dMitte\u201d tbl_rhead_cell_color=\u201d#000000\u2033 tbl_tcell_text_wrap=\u201dnowrap\u201d tbl_chead_text_wrap=\u201dnormal\u201d _builder_version=\u201d4.22.2\u2033 _module_preset=\u201dStandard\u201d tbl_tcell_text_font=\u201dRoboto Flex||||||||\u201d tbl_tcell_text_font_size=\u201d15px\u201d tbl_chead_text_font=\u201dRoboto|300|||||||\u201d tbl_chead_text_text_color=\u201d#FFFFFF\u201d tbl_chead_text_font_size=\u201d16px\u201d tbl_rhead_text_text_color=\u201d#FFFFFF\u201d benutzerdefinierter Rand=\u201d0px||||false|false\u201d benutzerdefiniertes Polster=\u201d0px||||false|false\u201d Rahmenfarbe_alle_tbl_tcell_cell_border=\u201d#c9c9c9\u2033 Rahmenstil_unten_tbl_tcell_cell_border=\u201ddurchgezogen\u201d Rahmenfarbe_alle_tbl_chead_cell_border=\u201dRGBA(255,255,255,0)\u201d Rahmenbreite_unten_tbl_chead_cell_border=\u201d0px\u201d border_color_bottom_tbl_chead_cell_border=\u201d#000000\u2033 box_shadow_style_tbl_chead_cell_shadow=\u201dpreset3\u2033 box_shadow_vertical_tbl_chead_cell_shadow=\u201d0px\u201d box_shadow_blur_tbl_chead_cell_shadow=\u201d20px\u201d box_shadow_spread_tbl_chead_cell_shadow=\u201d-5px\u201d box_shadow_color_tbl_chead_cell_shadow=\u201drgba(0,0,0,0.74)\u201d global_colors_info=\u201d{}\u201d][dvmd_table_maker_item col_label=\u201dMit PAR\u201d col_content=\u201dMit PAR<br \/>\nLaden Sie max<br \/>\nMaximale Plattenl\u00e4nge<br \/>\nMindestl\u00e4nge der Platte<br \/>\nMindestdicke der Platte<br \/>\nMaximale Plattenbreite\u201c _builder_version=\u201c4.22.2\u2033 _module_preset=\u201cdefault\u201c global_colors_info=\u201c{}\u201c][\/dvmd_table_maker_item][dvmd_table_maker_item col_label=\u201cSAFER 300\u2033 col_content=\u201cSAFER 300<br \/>\n300 kg \/ 660 lbs<br \/>\n800 (31.50)<br \/>\n300 (11.81)<br \/>\n4 (0.16)<br \/>\n550 (21,65)\u201d _builder_version=\u201d4.22.2\u2033 _module_preset=\u201ddefault\u201d global_colors_info=\u201d{}\u201d][\/dvmd_table_maker_item][dvmd_table_maker_item col_label=\u201dSAFER 600\u2033 col_content=\u201dSAFER 600<br \/>\n600 kg \/ 1320 Pfund<br \/>\n1000 (39.37)<br \/>\n300 (11.81)<br \/>\n6 (0.24)<br \/>\n700 (27,56)\u201d _builder_version=\u201d4.22.2\u2033 _module_preset=\u201ddefault\u201d global_colors_info=\u201d{}\u201d][\/dvmd_table_maker_item][\/dvmd_table_maker][\/et_pb_column][\/et_pb_row][\/et_pb_section]<\/p>","protected":false},"excerpt":{"rendered":"<p>PARSAFER VERTIKALES SYSTEMDas PAR-System ist f\u00fcr die vertikale Handhabung von Platten konzipiert. Die typische Anwendung ist das Laden\/Entladen eines Werkst\u00fccks auf einer Fr\u00e4smaschine mit horizontaler Spindel. Kann verwendet werden, um Teile nach Bedarf auf sichere Weise umzudrehen. Mithilfe einfacher St\u00e4nde ist es m\u00f6glich, das Werkst\u00fcck von einer Seite auf der Magnetspannplatte zu befestigen [\u2026]<\/p>","protected":false},"author":1,"featured_media":0,"parent":0,"menu_order":0,"comment_status":"closed","ping_status":"open","template":"","meta":{"_et_pb_use_builder":"on","_et_pb_old_content":"<!-- wp:paragraph -->\r\n<p>This is an example page. It's different from a blog post because it will stay in one place and will show up in your site navigation (in most themes). Most people start with an About page that introduces them to potential site visitors. It might say something like this:<\/p>\r\n<!-- \/wp:paragraph -->\r\n\r\n<!-- wp:quote -->\r\n<blockquote class=\"wp-block-quote\"><p>Hi there! I'm a bike messenger by day, aspiring actor by night, and this is my website. I live in Los Angeles, have a great dog named Jack, and I like pi\u00f1a coladas. (And gettin' caught in the rain.)<\/p><\/blockquote>\r\n<!-- \/wp:quote -->\r\n\r\n<!-- wp:paragraph -->\r\n<p>...or something like this:<\/p>\r\n<!-- \/wp:paragraph -->\r\n\r\n<!-- wp:quote -->\r\n<blockquote class=\"wp-block-quote\"><p>The XYZ Doohickey Company was founded in 1971, and has been providing quality doohickeys to the public ever since. Located in Gotham City, XYZ employs over 2,000 people and does all kinds of awesome things for the Gotham community.<\/p><\/blockquote>\r\n<!-- \/wp:quote -->\r\n\r\n<!-- wp:paragraph -->\r\n<p>As a new WordPress user, you should go to <a href=\"https:\/\/helmholtz-magnet.com\/wp-admin\/\">your dashboard<\/a> to delete this page and create new pages for your content. Have fun!<\/p>\r\n<!-- \/wp:paragraph -->","_et_gb_content_width":"","_mi_skip_tracking":false,"_monsterinsights_sitenote_active":false,"_monsterinsights_sitenote_note":"","_monsterinsights_sitenote_category":0,"footnotes":""},"class_list":["post-388237","page","type-page","status-publish","hentry"],"yoast_head":"<!-- This site is optimized with the Yoast SEO Premium plugin v24.8 (Yoast SEO v26.3) - https:\/\/yoast.com\/wordpress\/plugins\/seo\/ -->\n<title>PAR - HELMHOLTZ, UNSURPASSED MATERIAL HANDLING<\/title>\n<meta name=\"robots\" content=\"index, follow, max-snippet:-1, max-image-preview:large, max-video-preview:-1\" \/>\n<link rel=\"canonical\" href=\"https:\/\/helmholtz-magnet.com\/de\/par\/\" \/>\n<meta property=\"og:locale\" content=\"de_DE\" \/>\n<meta property=\"og:type\" content=\"article\" \/>\n<meta property=\"og:title\" content=\"PAR\" \/>\n<meta property=\"og:description\" content=\"PARSAFER VERTICAL SYSTEMPAR system is designed for the vertical handling of plates. The typical application is loading \/ unloading a workpiece on a horizontal spindle milling machine. Can be used to flip parts over as needed in a safe manner using simple stalls is possible to fix the workpiece to the magnetic chuck from one [&hellip;]\" \/>\n<meta property=\"og:url\" content=\"https:\/\/helmholtz-magnet.com\/de\/par\/\" \/>\n<meta property=\"og:site_name\" content=\"HELMHOLTZ, UNSURPASSED MATERIAL HANDLING\" \/>\n<meta property=\"article:publisher\" content=\"https:\/\/www.facebook.com\/Soph-Magnetics-Inc-530930033722115\/\" \/>\n<meta property=\"article:modified_time\" content=\"2023-10-18T14:25:01+00:00\" \/>\n<meta name=\"twitter:card\" content=\"summary_large_image\" \/>\n<meta name=\"twitter:site\" content=\"@soph_usa\" \/>\n<meta name=\"twitter:label1\" content=\"Gesch\u00e4tzte Lesezeit\" \/>\n\t<meta name=\"twitter:data1\" content=\"7\u00a0Minuten\" \/>\n<script type=\"application\/ld+json\" class=\"yoast-schema-graph\">{\"@context\":\"https:\/\/schema.org\",\"@graph\":[{\"@type\":\"WebPage\",\"@id\":\"https:\/\/helmholtz-magnet.com\/par\/\",\"url\":\"https:\/\/helmholtz-magnet.com\/par\/\",\"name\":\"PAR - HELMHOLTZ, UNSURPASSED MATERIAL HANDLING\",\"isPartOf\":{\"@id\":\"https:\/\/helmholtz-magnet.com\/#website\"},\"datePublished\":\"2023-09-26T20:27:05+00:00\",\"dateModified\":\"2023-10-18T14:25:01+00:00\",\"breadcrumb\":{\"@id\":\"https:\/\/helmholtz-magnet.com\/par\/#breadcrumb\"},\"inLanguage\":\"de\",\"potentialAction\":[{\"@type\":\"ReadAction\",\"target\":[\"https:\/\/helmholtz-magnet.com\/par\/\"]}]},{\"@type\":\"BreadcrumbList\",\"@id\":\"https:\/\/helmholtz-magnet.com\/par\/#breadcrumb\",\"itemListElement\":[{\"@type\":\"ListItem\",\"position\":1,\"name\":\"Home\",\"item\":\"https:\/\/helmholtz-magnet.com\/\"},{\"@type\":\"ListItem\",\"position\":2,\"name\":\"PAR\"}]},{\"@type\":\"WebSite\",\"@id\":\"https:\/\/helmholtz-magnet.com\/#website\",\"url\":\"https:\/\/helmholtz-magnet.com\/\",\"name\":\"HELMHOLTZ, UNSURPASSED MATERIAL HANDLING\",\"description\":\"HELMHOLTZ, UNSURPASSED MATERIAL HANDLING\",\"publisher\":{\"@id\":\"https:\/\/helmholtz-magnet.com\/#organization\"},\"potentialAction\":[{\"@type\":\"SearchAction\",\"target\":{\"@type\":\"EntryPoint\",\"urlTemplate\":\"https:\/\/helmholtz-magnet.com\/?s={search_term_string}\"},\"query-input\":{\"@type\":\"PropertyValueSpecification\",\"valueRequired\":true,\"valueName\":\"search_term_string\"}}],\"inLanguage\":\"de\"},{\"@type\":\"Organization\",\"@id\":\"https:\/\/helmholtz-magnet.com\/#organization\",\"name\":\"Helmholtz Magnets\",\"url\":\"https:\/\/helmholtz-magnet.com\/\",\"logo\":{\"@type\":\"ImageObject\",\"inLanguage\":\"de\",\"@id\":\"https:\/\/helmholtz-magnet.com\/#\/schema\/logo\/image\/\",\"url\":\"https:\/\/helmholtz-magnet.com\/wp-content\/uploads\/2023\/09\/logo.svg\",\"contentUrl\":\"https:\/\/helmholtz-magnet.com\/wp-content\/uploads\/2023\/09\/logo.svg\",\"width\":1206,\"height\":214,\"caption\":\"Helmholtz Magnets\"},\"image\":{\"@id\":\"https:\/\/helmholtz-magnet.com\/#\/schema\/logo\/image\/\"},\"sameAs\":[\"https:\/\/www.facebook.com\/Soph-Magnetics-Inc-530930033722115\/\",\"https:\/\/x.com\/soph_usa\",\"https:\/\/www.youtube.com\/channel\/UCnxgzBXQDhTRw-bUPpYoI6g\",\"https:\/\/goo.gl\/maps\/6AULBobLT1c77iZEA\"]}]}<\/script>\n<!-- \/ Yoast SEO Premium plugin. -->","yoast_head_json":{"title":"PAR - HELMHOLTZ, UN\u00dcBERTROFFENE MATERIALHANDHABUNG","robots":{"index":"index","follow":"follow","max-snippet":"max-snippet:-1","max-image-preview":"max-image-preview:large","max-video-preview":"max-video-preview:-1"},"canonical":"https:\/\/helmholtz-magnet.com\/de\/par\/","og_locale":"de_DE","og_type":"article","og_title":"PAR","og_description":"PARSAFER VERTICAL SYSTEMPAR system is designed for the vertical handling of plates. The typical application is loading \/ unloading a workpiece on a horizontal spindle milling machine. Can be used to flip parts over as needed in a safe manner using simple stalls is possible to fix the workpiece to the magnetic chuck from one [&hellip;]","og_url":"https:\/\/helmholtz-magnet.com\/de\/par\/","og_site_name":"HELMHOLTZ, UNSURPASSED MATERIAL HANDLING","article_publisher":"https:\/\/www.facebook.com\/Soph-Magnetics-Inc-530930033722115\/","article_modified_time":"2023-10-18T14:25:01+00:00","twitter_card":"summary_large_image","twitter_site":"@soph_usa","twitter_misc":{"Gesch\u00e4tzte Lesezeit":"7\u00a0Minuten"},"schema":{"@context":"https:\/\/schema.org","@graph":[{"@type":"WebPage","@id":"https:\/\/helmholtz-magnet.com\/par\/","url":"https:\/\/helmholtz-magnet.com\/par\/","name":"PAR - HELMHOLTZ, UN\u00dcBERTROFFENE MATERIALHANDHABUNG","isPartOf":{"@id":"https:\/\/helmholtz-magnet.com\/#website"},"datePublished":"2023-09-26T20:27:05+00:00","dateModified":"2023-10-18T14:25:01+00:00","breadcrumb":{"@id":"https:\/\/helmholtz-magnet.com\/par\/#breadcrumb"},"inLanguage":"de","potentialAction":[{"@type":"ReadAction","target":["https:\/\/helmholtz-magnet.com\/par\/"]}]},{"@type":"BreadcrumbList","@id":"https:\/\/helmholtz-magnet.com\/par\/#breadcrumb","itemListElement":[{"@type":"ListItem","position":1,"name":"Home","item":"https:\/\/helmholtz-magnet.com\/"},{"@type":"ListItem","position":2,"name":"PAR"}]},{"@type":"WebSite","@id":"https:\/\/helmholtz-magnet.com\/#website","url":"https:\/\/helmholtz-magnet.com\/","name":"HELMHOLTZ, UN\u00dcBERTROFFENES MATERIALHANDLING","description":"HELMHOLTZ, UN\u00dcBERTROFFENES MATERIALHANDLING","publisher":{"@id":"https:\/\/helmholtz-magnet.com\/#organization"},"potentialAction":[{"@type":"SearchAction","target":{"@type":"EntryPoint","urlTemplate":"https:\/\/helmholtz-magnet.com\/?s={search_term_string}"},"query-input":{"@type":"PropertyValueSpecification","valueRequired":true,"valueName":"search_term_string"}}],"inLanguage":"de"},{"@type":"Organization","@id":"https:\/\/helmholtz-magnet.com\/#organization","name":"Helmholtz-Magnete","url":"https:\/\/helmholtz-magnet.com\/","logo":{"@type":"ImageObject","inLanguage":"de","@id":"https:\/\/helmholtz-magnet.com\/#\/schema\/logo\/image\/","url":"https:\/\/helmholtz-magnet.com\/wp-content\/uploads\/2023\/09\/logo.svg","contentUrl":"https:\/\/helmholtz-magnet.com\/wp-content\/uploads\/2023\/09\/logo.svg","width":1206,"height":214,"caption":"Helmholtz Magnets"},"image":{"@id":"https:\/\/helmholtz-magnet.com\/#\/schema\/logo\/image\/"},"sameAs":["https:\/\/www.facebook.com\/Soph-Magnetics-Inc-530930033722115\/","https:\/\/x.com\/soph_usa","https:\/\/www.youtube.com\/channel\/UCnxgzBXQDhTRw-bUPpYoI6g","https:\/\/goo.gl\/maps\/6AULBobLT1c77iZEA"]}]}},"_links":{"self":[{"href":"https:\/\/helmholtz-magnet.com\/de\/wp-json\/wp\/v2\/pages\/388237","targetHints":{"allow":["GET"]}}],"collection":[{"href":"https:\/\/helmholtz-magnet.com\/de\/wp-json\/wp\/v2\/pages"}],"about":[{"href":"https:\/\/helmholtz-magnet.com\/de\/wp-json\/wp\/v2\/types\/page"}],"author":[{"embeddable":true,"href":"https:\/\/helmholtz-magnet.com\/de\/wp-json\/wp\/v2\/users\/1"}],"replies":[{"embeddable":true,"href":"https:\/\/helmholtz-magnet.com\/de\/wp-json\/wp\/v2\/comments?post=388237"}],"version-history":[{"count":11,"href":"https:\/\/helmholtz-magnet.com\/de\/wp-json\/wp\/v2\/pages\/388237\/revisions"}],"predecessor-version":[{"id":388584,"href":"https:\/\/helmholtz-magnet.com\/de\/wp-json\/wp\/v2\/pages\/388237\/revisions\/388584"}],"wp:attachment":[{"href":"https:\/\/helmholtz-magnet.com\/de\/wp-json\/wp\/v2\/media?parent=388237"}],"curies":[{"name":"wp","href":"https:\/\/api.w.org\/{rel}","templated":true}]}}