{"id":387767,"date":"2023-09-18T20:01:25","date_gmt":"2023-09-18T20:01:25","guid":{"rendered":"https:\/\/helmholtz-magnet.com\/?page_id=387767"},"modified":"2023-10-17T15:47:04","modified_gmt":"2023-10-17T15:47:04","slug":"politica-de-privacidad","status":"publish","type":"page","link":"https:\/\/helmholtz-magnet.com\/es\/politica-de-privacidad\/","title":{"rendered":"POL\u00cdTICA DE PRIVACIDAD"},"content":{"rendered":"<p>[et_pb_section fb_built=&#8221;1&#8243; _builder_version=&#8221;4.22.1&#8243; _module_preset=&#8221;default&#8221; global_colors_info=&#8221;{}&#8221; custom_padding=&#8221;45px|||||&#8221;][et_pb_row _builder_version=&#8221;4.22.1&#8243; _module_preset=&#8221;default&#8221; global_colors_info=&#8221;{}&#8221;][et_pb_column type=&#8221;4_4&#8243; _builder_version=&#8221;4.22.1&#8243; _module_preset=&#8221;default&#8221; global_colors_info=&#8221;{}&#8221;][et_pb_text _builder_version=&#8221;4.22.1&#8243; _module_preset=&#8221;default&#8221; global_colors_info=&#8221;{}&#8221;]<\/p>\n<h1 class=\"privacy-policy-h1\">POL\u00cdTICA DE PRIVACIDAD<br \/><span>\u00daLTIMA ACTUALIZACI\u00d3N EL 25 DE AGOSTO DE 2023<\/span><br \/><span>FECHA DE ENTRADA EN VIGENCIA 25 DE AGOSTO DE 2023<\/span><\/h1>\n<p class=\"privacy-policy-p\">Esta Pol\u00edtica de privacidad describe las pol\u00edticas de SOPH Inc, 195 South Alloy Dr. Fenton MI, Michigan 48430, Estados Unidos de Am\u00e9rica (el), correo electr\u00f3nico: nick@chooseignite.com, tel\u00e9fono: 1-810-750-1120 sobre la recopilaci\u00f3n, el uso y la divulgaci\u00f3n de su informaci\u00f3n que recopilamos cuando utiliza nuestro sitio web (https:\/\/soph-magnet.com). (el &quot;Servicio&quot;). Al acceder o utilizar el Servicio, usted da su consentimiento para la recopilaci\u00f3n, el uso y la divulgaci\u00f3n de su informaci\u00f3n de acuerdo con esta Pol\u00edtica de privacidad. Si no da su consentimiento, no acceda ni utilice el Servicio.<\/p>\n<p class=\"privacy-policy-p\">Podemos modificar esta Pol\u00edtica de privacidad en cualquier momento sin previo aviso y publicaremos la Pol\u00edtica de privacidad revisada en el Servicio. La Pol\u00edtica revisada entrar\u00e1 en vigor 180 d\u00edas despu\u00e9s de su publicaci\u00f3n en el Servicio y su acceso o uso continuo del Servicio despu\u00e9s de ese tiempo constituir\u00e1 su aceptaci\u00f3n de la Pol\u00edtica de privacidad revisada. Por lo tanto, le recomendamos que revise peri\u00f3dicamente esta p\u00e1gina.<\/p>\n<h2 class=\"privacy-policy-h2\">1. C\u00d3MO UTILIZAMOS SU INFORMACI\u00d3N:<\/h2>\n<p class=\"privacy-policy-p\">Utilizaremos la informaci\u00f3n que recopilemos sobre usted para los siguientes fines:<\/p>\n<ol class=\"privacy-policy-ol\">\n<li>Informaci\u00f3n de administraci\u00f3n<\/li>\n<\/ol>\n<p class=\"privacy-policy-p\">Si deseamos utilizar su informaci\u00f3n para cualquier otro prop\u00f3sito, le solicitaremos su consentimiento y utilizaremos su informaci\u00f3n solo despu\u00e9s de recibir su consentimiento y, luego, solo para los fines para los cuales otorg\u00f3 el consentimiento, a menos que la ley nos obligue a hacer lo contrario.<\/p>\n<h2 class=\"privacy-policy-h2\">2. C\u00d3MO COMPARTIMOS SU INFORMACI\u00d3N:<\/h2>\n<p class=\"privacy-policy-p\">No transferiremos su informaci\u00f3n personal a ning\u00fan tercero sin solicitar su consentimiento, excepto en circunstancias limitadas como se describe a continuaci\u00f3n:<\/p>\n<ol class=\"privacy-policy-ol\">\n<li>Anal\u00edtica<\/li>\n<\/ol>\n<p class=\"privacy-policy-p\">Requerimos que dichos terceros utilicen la informaci\u00f3n personal que les transferimos solo para el prop\u00f3sito para el cual fue transferida y no la retengan por m\u00e1s tiempo del necesario para cumplir dicho prop\u00f3sito.<\/p>\n<p class=\"privacy-policy-p\">Tambi\u00e9n podemos divulgar su informaci\u00f3n personal para lo siguiente: (1) para cumplir con la ley, la reglamentaci\u00f3n, la orden judicial u otro proceso legal aplicable; (2) para hacer cumplir sus acuerdos con nosotros, incluida esta Pol\u00edtica de privacidad; o (3) para responder a reclamos de que su uso del Servicio viola los derechos de terceros. Si el Servicio o nuestra empresa se fusionan o se adquieren con otra empresa, su informaci\u00f3n ser\u00e1 uno de los activos que se transfieren al nuevo propietario.<\/p>\n<h2 class=\"privacy-policy-h2\">3. SUS DERECHOS:<\/h2>\n<p class=\"privacy-policy-p\">Dependiendo de la ley que se aplique, usted puede tener derecho a acceder y rectificar o borrar sus datos personales o recibir una copia de sus datos personales, restringir u oponerse al procesamiento activo de sus datos, solicitarnos que compartamos (transfiramos) su informaci\u00f3n personal a otra entidad, retirar cualquier consentimiento que nos haya proporcionado para procesar sus datos, derecho a presentar una queja ante una autoridad legal y otros derechos que puedan ser relevantes seg\u00fan las leyes aplicables. Para ejercer estos derechos, puede escribirnos a nick@chooseignite.com. Responderemos a su solicitud de acuerdo con la ley aplicable.<\/p>\n<p class=\"privacy-policy-p\">Tenga en cuenta que si no nos permite recopilar o procesar la informaci\u00f3n personal requerida o retira el consentimiento para procesarla para los fines requeridos, es posible que no pueda acceder ni utilizar los servicios para los que se solicit\u00f3 su informaci\u00f3n.<\/p>\n<h2 class=\"privacy-policy-h2\">4. COOKIES ETC.<\/h2>\n<p class=\"privacy-policy-p\">Para obtener m\u00e1s informaci\u00f3n sobre c\u00f3mo usamos estos y sus opciones en relaci\u00f3n con estas tecnolog\u00edas de seguimiento, consulte nuestra<span>\u00a0<\/span><a href=\"https:\/\/brisc-magnet.ignitemedia.dev\/cookie-policy\">Pol\u00edtica de cookies.<\/a><\/p>\n<h2 class=\"privacy-policy-h2\">5. SEGURIDAD:<\/h2>\n<p class=\"privacy-policy-p\">La seguridad de su informaci\u00f3n es importante para nosotros y utilizaremos medidas de seguridad razonables para evitar la p\u00e9rdida, el uso indebido o la alteraci\u00f3n no autorizada de la informaci\u00f3n que se encuentra bajo nuestro control. Sin embargo, dados los riesgos inherentes, no podemos garantizar la seguridad absoluta y, en consecuencia, no podemos asegurar ni garantizar la seguridad de la informaci\u00f3n que nos transmita y lo hace por su cuenta y riesgo.<\/p>\n<h2 class=\"privacy-policy-h2\">6. ENLACES DE TERCEROS Y USO DE SU INFORMACI\u00d3N:<\/h2>\n<p class=\"privacy-policy-p\">Nuestro Servicio puede contener enlaces a otros sitios web que no son operados por nosotros. Esta Pol\u00edtica de privacidad no aborda la pol\u00edtica de privacidad ni otras pr\u00e1cticas de terceros, incluidos los terceros que operan sitios web o servicios a los que se puede acceder a trav\u00e9s de un enlace en el Servicio. Le recomendamos encarecidamente que revise la pol\u00edtica de privacidad de todos los sitios que visite. No tenemos control ni asumimos ninguna responsabilidad por el contenido, las pol\u00edticas de privacidad o las pr\u00e1cticas de sitios o servicios de terceros.<\/p>\n<h2 class=\"privacy-policy-h2\">7. RESPONSABLE DE RECLAMACIONES\/PROTECCI\u00d3N DE DATOS:<\/h2>\n<p class=\"privacy-policy-p\">Si tiene alguna pregunta o inquietud sobre el procesamiento de su informaci\u00f3n que est\u00e1 disponible en nuestro sitio web, puede enviar un correo electr\u00f3nico a nuestro Oficial de Quejas a SOPH Inc, 195 South Alloy Dr. Fenton MI, correo electr\u00f3nico: nick@chooseignite.com. Abordaremos sus inquietudes de acuerdo con la ley aplicable.<\/p>\n<p class=\"privacy-policy-p\">Pol\u00edtica de Privacidad generada con<span>\u00a0<\/span><a target=\"_blank\" href=\"https:\/\/www.cookieyes.com\/?utm_source=PP&amp;utm_medium=footer&amp;utm_campaign=UW\" rel=\"noopener\">CookieS\u00ed<\/a>.<\/p>\n<p>[\/et_pb_text][\/et_pb_column][\/et_pb_row][\/et_pb_section]<\/p>","protected":false},"excerpt":{"rendered":"<p>PRIVACY POLICYLAST UPDATED ON 25-AUG-2023EFFECTIVE DATE 25-AUG-2023 This Privacy Policy describes the policies of SOPH Inc, 195 South Alloy Dr. Fenton MI, Michigan 48430, United States of America (the), email: nick@chooseignite.com, phone: 1-810-750-1120 on the collection, use and disclosure of your information that we collect when you use our website ( https:\/\/soph-magnet.com ). (the \u201cService\u201d). [&hellip;]<\/p>","protected":false},"author":1,"featured_media":0,"parent":0,"menu_order":0,"comment_status":"closed","ping_status":"closed","template":"","meta":{"_et_pb_use_builder":"on","_et_pb_old_content":"","_et_gb_content_width":"","_mi_skip_tracking":false,"_monsterinsights_sitenote_active":false,"_monsterinsights_sitenote_note":"","_monsterinsights_sitenote_category":0,"footnotes":""},"class_list":["post-387767","page","type-page","status-publish","hentry"],"yoast_head":"<!-- This site is optimized with the Yoast SEO Premium plugin v24.8 (Yoast SEO v26.3) - https:\/\/yoast.com\/wordpress\/plugins\/seo\/ -->\n<title>PRIVACY POLICY - HELMHOLTZ, UNSURPASSED MATERIAL HANDLING<\/title>\n<meta name=\"robots\" content=\"index, follow, max-snippet:-1, max-image-preview:large, max-video-preview:-1\" \/>\n<link rel=\"canonical\" href=\"https:\/\/helmholtz-magnet.com\/es\/politica-de-privacidad\/\" \/>\n<meta property=\"og:locale\" content=\"es_ES\" \/>\n<meta property=\"og:type\" content=\"article\" \/>\n<meta property=\"og:title\" content=\"PRIVACY POLICY\" \/>\n<meta property=\"og:description\" content=\"PRIVACY POLICYLAST UPDATED ON 25-AUG-2023EFFECTIVE DATE 25-AUG-2023 This Privacy Policy describes the policies of SOPH Inc, 195 South Alloy Dr. Fenton MI, Michigan 48430, United States of America (the), email: nick@chooseignite.com, phone: 1-810-750-1120 on the collection, use and disclosure of your information that we collect when you use our website ( https:\/\/soph-magnet.com ). (the \u201cService\u201d). [&hellip;]\" \/>\n<meta property=\"og:url\" content=\"https:\/\/helmholtz-magnet.com\/es\/politica-de-privacidad\/\" \/>\n<meta property=\"og:site_name\" content=\"HELMHOLTZ, UNSURPASSED MATERIAL HANDLING\" \/>\n<meta property=\"article:publisher\" content=\"https:\/\/www.facebook.com\/Soph-Magnetics-Inc-530930033722115\/\" \/>\n<meta property=\"article:modified_time\" content=\"2023-10-17T15:47:04+00:00\" \/>\n<meta name=\"twitter:card\" content=\"summary_large_image\" \/>\n<meta name=\"twitter:site\" content=\"@soph_usa\" \/>\n<meta name=\"twitter:label1\" content=\"Tiempo de lectura\" \/>\n\t<meta name=\"twitter:data1\" content=\"4 minutos\" \/>\n<script type=\"application\/ld+json\" class=\"yoast-schema-graph\">{\"@context\":\"https:\/\/schema.org\",\"@graph\":[{\"@type\":\"WebPage\",\"@id\":\"https:\/\/helmholtz-magnet.com\/privacy-policy\/\",\"url\":\"https:\/\/helmholtz-magnet.com\/privacy-policy\/\",\"name\":\"PRIVACY POLICY - HELMHOLTZ, UNSURPASSED MATERIAL HANDLING\",\"isPartOf\":{\"@id\":\"https:\/\/helmholtz-magnet.com\/#website\"},\"datePublished\":\"2023-09-18T20:01:25+00:00\",\"dateModified\":\"2023-10-17T15:47:04+00:00\",\"breadcrumb\":{\"@id\":\"https:\/\/helmholtz-magnet.com\/privacy-policy\/#breadcrumb\"},\"inLanguage\":\"es\",\"potentialAction\":[{\"@type\":\"ReadAction\",\"target\":[\"https:\/\/helmholtz-magnet.com\/privacy-policy\/\"]}]},{\"@type\":\"BreadcrumbList\",\"@id\":\"https:\/\/helmholtz-magnet.com\/privacy-policy\/#breadcrumb\",\"itemListElement\":[{\"@type\":\"ListItem\",\"position\":1,\"name\":\"Home\",\"item\":\"https:\/\/helmholtz-magnet.com\/\"},{\"@type\":\"ListItem\",\"position\":2,\"name\":\"PRIVACY POLICY\"}]},{\"@type\":\"WebSite\",\"@id\":\"https:\/\/helmholtz-magnet.com\/#website\",\"url\":\"https:\/\/helmholtz-magnet.com\/\",\"name\":\"HELMHOLTZ, UNSURPASSED MATERIAL HANDLING\",\"description\":\"HELMHOLTZ, UNSURPASSED MATERIAL HANDLING\",\"publisher\":{\"@id\":\"https:\/\/helmholtz-magnet.com\/#organization\"},\"potentialAction\":[{\"@type\":\"SearchAction\",\"target\":{\"@type\":\"EntryPoint\",\"urlTemplate\":\"https:\/\/helmholtz-magnet.com\/?s={search_term_string}\"},\"query-input\":{\"@type\":\"PropertyValueSpecification\",\"valueRequired\":true,\"valueName\":\"search_term_string\"}}],\"inLanguage\":\"es\"},{\"@type\":\"Organization\",\"@id\":\"https:\/\/helmholtz-magnet.com\/#organization\",\"name\":\"Helmholtz Magnets\",\"url\":\"https:\/\/helmholtz-magnet.com\/\",\"logo\":{\"@type\":\"ImageObject\",\"inLanguage\":\"es\",\"@id\":\"https:\/\/helmholtz-magnet.com\/#\/schema\/logo\/image\/\",\"url\":\"https:\/\/helmholtz-magnet.com\/wp-content\/uploads\/2023\/09\/logo.svg\",\"contentUrl\":\"https:\/\/helmholtz-magnet.com\/wp-content\/uploads\/2023\/09\/logo.svg\",\"width\":1206,\"height\":214,\"caption\":\"Helmholtz Magnets\"},\"image\":{\"@id\":\"https:\/\/helmholtz-magnet.com\/#\/schema\/logo\/image\/\"},\"sameAs\":[\"https:\/\/www.facebook.com\/Soph-Magnetics-Inc-530930033722115\/\",\"https:\/\/x.com\/soph_usa\",\"https:\/\/www.youtube.com\/channel\/UCnxgzBXQDhTRw-bUPpYoI6g\",\"https:\/\/goo.gl\/maps\/6AULBobLT1c77iZEA\"]}]}<\/script>\n<!-- \/ Yoast SEO Premium plugin. -->","yoast_head_json":{"title":"POL\u00cdTICA DE PRIVACIDAD - HELMHOLTZ, MANEJO DE MATERIALES INSUPERABLE","robots":{"index":"index","follow":"follow","max-snippet":"max-snippet:-1","max-image-preview":"max-image-preview:large","max-video-preview":"max-video-preview:-1"},"canonical":"https:\/\/helmholtz-magnet.com\/es\/politica-de-privacidad\/","og_locale":"es_ES","og_type":"article","og_title":"PRIVACY POLICY","og_description":"PRIVACY POLICYLAST UPDATED ON 25-AUG-2023EFFECTIVE DATE 25-AUG-2023 This Privacy Policy describes the policies of SOPH Inc, 195 South Alloy Dr. Fenton MI, Michigan 48430, United States of America (the), email: nick@chooseignite.com, phone: 1-810-750-1120 on the collection, use and disclosure of your information that we collect when you use our website ( https:\/\/soph-magnet.com ). (the \u201cService\u201d). [&hellip;]","og_url":"https:\/\/helmholtz-magnet.com\/es\/politica-de-privacidad\/","og_site_name":"HELMHOLTZ, UNSURPASSED MATERIAL HANDLING","article_publisher":"https:\/\/www.facebook.com\/Soph-Magnetics-Inc-530930033722115\/","article_modified_time":"2023-10-17T15:47:04+00:00","twitter_card":"summary_large_image","twitter_site":"@soph_usa","twitter_misc":{"Tiempo de lectura":"4 minutos"},"schema":{"@context":"https:\/\/schema.org","@graph":[{"@type":"WebPage","@id":"https:\/\/helmholtz-magnet.com\/privacy-policy\/","url":"https:\/\/helmholtz-magnet.com\/privacy-policy\/","name":"POL\u00cdTICA DE PRIVACIDAD - HELMHOLTZ, MANEJO DE MATERIALES INSUPERABLE","isPartOf":{"@id":"https:\/\/helmholtz-magnet.com\/#website"},"datePublished":"2023-09-18T20:01:25+00:00","dateModified":"2023-10-17T15:47:04+00:00","breadcrumb":{"@id":"https:\/\/helmholtz-magnet.com\/privacy-policy\/#breadcrumb"},"inLanguage":"es","potentialAction":[{"@type":"ReadAction","target":["https:\/\/helmholtz-magnet.com\/privacy-policy\/"]}]},{"@type":"BreadcrumbList","@id":"https:\/\/helmholtz-magnet.com\/privacy-policy\/#breadcrumb","itemListElement":[{"@type":"ListItem","position":1,"name":"Home","item":"https:\/\/helmholtz-magnet.com\/"},{"@type":"ListItem","position":2,"name":"PRIVACY POLICY"}]},{"@type":"WebSite","@id":"https:\/\/helmholtz-magnet.com\/#website","url":"https:\/\/helmholtz-magnet.com\/","name":"HELMHOLTZ, MANEJO DE MATERIALES INSUPERABLE","description":"HELMHOLTZ, MANEJO DE MATERIALES INSUPERABLE","publisher":{"@id":"https:\/\/helmholtz-magnet.com\/#organization"},"potentialAction":[{"@type":"SearchAction","target":{"@type":"EntryPoint","urlTemplate":"https:\/\/helmholtz-magnet.com\/?s={search_term_string}"},"query-input":{"@type":"PropertyValueSpecification","valueRequired":true,"valueName":"search_term_string"}}],"inLanguage":"es"},{"@type":"Organization","@id":"https:\/\/helmholtz-magnet.com\/#organization","name":"Imanes de Helmholtz","url":"https:\/\/helmholtz-magnet.com\/","logo":{"@type":"ImageObject","inLanguage":"es","@id":"https:\/\/helmholtz-magnet.com\/#\/schema\/logo\/image\/","url":"https:\/\/helmholtz-magnet.com\/wp-content\/uploads\/2023\/09\/logo.svg","contentUrl":"https:\/\/helmholtz-magnet.com\/wp-content\/uploads\/2023\/09\/logo.svg","width":1206,"height":214,"caption":"Helmholtz Magnets"},"image":{"@id":"https:\/\/helmholtz-magnet.com\/#\/schema\/logo\/image\/"},"sameAs":["https:\/\/www.facebook.com\/Soph-Magnetics-Inc-530930033722115\/","https:\/\/x.com\/soph_usa","https:\/\/www.youtube.com\/channel\/UCnxgzBXQDhTRw-bUPpYoI6g","https:\/\/goo.gl\/maps\/6AULBobLT1c77iZEA"]}]}},"_links":{"self":[{"href":"https:\/\/helmholtz-magnet.com\/es\/wp-json\/wp\/v2\/pages\/387767","targetHints":{"allow":["GET"]}}],"collection":[{"href":"https:\/\/helmholtz-magnet.com\/es\/wp-json\/wp\/v2\/pages"}],"about":[{"href":"https:\/\/helmholtz-magnet.com\/es\/wp-json\/wp\/v2\/types\/page"}],"author":[{"embeddable":true,"href":"https:\/\/helmholtz-magnet.com\/es\/wp-json\/wp\/v2\/users\/1"}],"replies":[{"embeddable":true,"href":"https:\/\/helmholtz-magnet.com\/es\/wp-json\/wp\/v2\/comments?post=387767"}],"version-history":[{"count":6,"href":"https:\/\/helmholtz-magnet.com\/es\/wp-json\/wp\/v2\/pages\/387767\/revisions"}],"predecessor-version":[{"id":388475,"href":"https:\/\/helmholtz-magnet.com\/es\/wp-json\/wp\/v2\/pages\/387767\/revisions\/388475"}],"wp:attachment":[{"href":"https:\/\/helmholtz-magnet.com\/es\/wp-json\/wp\/v2\/media?parent=387767"}],"curies":[{"name":"wp","href":"https:\/\/api.w.org\/{rel}","templated":true}]}}