{"id":388166,"date":"2023-09-26T18:14:33","date_gmt":"2023-09-26T18:14:33","guid":{"rendered":"https:\/\/helmholtz-magnet.com\/?page_id=388166"},"modified":"2023-10-18T14:06:56","modified_gmt":"2023-10-18T14:06:56","slug":"hpr-1","status":"publish","type":"page","link":"https:\/\/helmholtz-magnet.com\/es\/hpr-1\/","title":{"rendered":"HPR"},"content":{"rendered":"<p>[et_pb_section fb_built=\u201d1\u2033 _builder_version=\u201d4.22.1\u2033 _module_preset=\u201dpredeterminado\u201d custom_margin=\u201d0px||||falso|falso\u201d custom_padding=\u201d0px||3px||falso|falso\u201d global_colors_info=\u201d{}\u201d][et_pb_row _builder_version=\u201d4.22.2\u2033 _module_preset=\u201dpredeterminado\u201d width=\u201d90%\u201d max_width=\u201d1500px\u201d custom_padding=\u201d40px|25px|5px||falso|falso\u201d global_colors_info=\u201d{}\u201d][et_pb_column type=\u201d4_4\u2033 _builder_version=\u201d4.22.1\u2033 _module_preset=\u201dpredeterminado\u201d global_colors_info=\u201d{}\u201d][et_pb_text _builder_version=\u201d4.22.1\u2033 _module_preset=\u201dpredeterminado\u201d header_3_font=\u201d||||||||\u201d header_3_text_color=\u201d#FFFFFF\u201d header_3_font_size=\u201d50px\u201d use_background_color_gradient=\u201don\u201d background_color_gradient_direction=\u201d90deg\u201d background_color_gradient_stops=\u201d#8e8e8e 0%|#8e8e8e 87%|#ffffff 100%\u201d custom_margin=\u201d||0px|||\u201d custom_padding=\u201d21px||7px|25px|false|false\u201d global_colors_info=\u201d{}\u201d]<\/p>\n<h3>HPR<\/h3>\n<p>[\/et_pb_text][et_pb_text _builder_version=\u201d4.22.2\u2033 _module_preset=\u201ddefault\u201d header_3_font=\u201d||||||||\u201d header_3_text_color=\u201d#FFFFFF\u201d header_3_font_size=\u201d24px\u201d use_background_color_gradient=\u201don\u201d background_color_gradient_direction=\u201d90deg\u201d background_color_gradient_stops=\u201d#b01f24 0%|#b01f24 87%|#ffffff 100%\u201d custom_margin=\u201d||0px|||\u201d custom_padding=\u201d11px|||25px|false|false\u201d global_colors_info=\u201d{}\u201d]<\/p>\n<h3>LEVANTADOR MAGN\u00c9TICO ELECTRO-PERMANENTE PARA VIGAS REDONDAS.<\/h3>\n<p>[\/et_pb_text][\/et_pb_column][\/et_pb_row][\/et_pb_section][et_pb_section fb_built=\u201d1\u2033 _builder_version=\u201d4.22.1\u2033 _module_preset=\u201dpredeterminado\u201d margen_personalizado=\u201d9px|||||\u201d relleno_personalizado=\u201d7px||5px|||\u201d global_colors_info=\u201d{}\u201d][et_pb_row estructura_columna=\u201d1_2,1_2\u2033 _builder_version=\u201d4.22.2\u2033 _module_preset=\u201dpredeterminado\u201d ancho=\u201d90%\u201d ancho_m\u00e1ximo=\u201d1500px\u201d relleno_personalizado=\u201d6px||5px||falso|verdadero\u201d global_colors_info=\u201d{}\u201d][et_pb_column tipo=\u201d1_2\u2033 _builder_version=\u201d4.22.1\u2033 _module_preset=\u201dpredeterminado\u201d global_colors_info=\u201d{}\u201d][et_pb_text _builder_version=\u201d4.22.2\u2033 _module_preset=\u201dpredeterminado\u201d margen_personalizado=\u201d||22px|||\u201d global_colors_info=\u201d{}\u201d]<strong>Para manejo de barras redondas\/tuber\u00edas\nterminadas o semiterminadas.<\/strong><br \/>\nLos m\u00f3dulos magn\u00e9ticos electro-permanentes HPR son\nla respuesta ideal para el manejo de cargas redondas o\ntanques con una separaci\u00f3n limitada entre el magneto y\nla carga.<\/p>\n<ul>\n<li> Excelente relaci\u00f3n Carga-Potencia.<\/li>\n<li>El circuito de potencia magn\u00e9tica Multi-Polos asegura el\nno magnetismo residual y un alto desempe\u00f1o a una baja\npenetraci\u00f3n de flujo magn\u00e9tico.<\/li>\n<li>Carga m\u00e1xima de trabajo hasta 10 toneladas<\/li>\n<\/ul>\n<p>[\/et_pb_text][et_pb_button button_url=\u201dhttps:\/\/helmholtz-magnet.com\/wp-content\/uploads\/2023\/10\/HPR.pdf\u201d url_new_window=\u201don\u201d button_text=\u201dDescargar folleto del producto\u201d button_alignment=\u201dleft\u201d _builder_version=\u201d4.22.2\u2033 _module_preset=\u201ddefault\u201d custom_button=\u201don\u201d button_border_width=\u201d2px\u201d button_border_color=\u201d#b01f23\u2033 button_border_radius=\u201d3px\u201d button_icon=\u201d\uf1c1||fa||900\u2033 button_icon_placement=\u201dleft\u201d button_on_hover=\u201doff\u201d hover_enabled=\u201d0\u2033 locking=\u201doff\u201d global_colors_info=\u201d{}\u201d bot\u00f3n_texto_color__hover_enabled=\u201dactivado|pasa el mouse\u201d bot\u00f3n_texto_color__hover=\u201d#FFFFFF\u201d bot\u00f3n_bg_color__hover_enabled=\u201dactivado|pasa el mouse\u201d bot\u00f3n_bg_color__hover=\u201d#b01f23\u2033 bot\u00f3n_bg_enable_color__hover=\u201dactivado\u201d sticky_enabled=\u201d0\u2033][\/et_pb_button][\/et_pb_column][et_pb_column type=\u201d1_2\u2033 _builder_version=\u201d4.22.1\u2033 _module_preset=\u201dpredeterminado\u201d global_colors_info=\u201d{}\u201d][et_pb_texto _builder_version=\u201d4.22.2\u2033 _module_preset=\u201dpredeterminado\u201d header_3_font=\u201d||||||||\u201d header_text_color=\u201d#FFFFFF\u201d header_3_font_size=\u201d24px\u201d use_background_color_gradient=\u201don\u201d background_color_gradient_direction=\u201d90deg\u201d background_color_gradient_stops=\u201d#b01f24 0%|#b01f24 87%|#ffffff 100%\u201d custom_margin=\u201d||21px|||\u201d custom_padding=\u201d11px|||15px|false|false\u201d global_colors_info=\u201d{}\u201d]<\/p>\n<h3>Caracter\u00edsticas de seguridad est\u00e1ndar:<\/h3>\n<p>[\/et_pb_text][et_pb_text _builder_version=\u201d4.22.2\u2033 _module_preset=\u201dpredeterminado\u201d custom_margin=\u201d||5px|||\u201d global_colors_info=\u201d{}\u201d]<\/p>\n<ul>\n<li>La tecnolog\u00eda Electro-Permanente evita que la carga se\ndesprenda en caso de una p\u00e9rdida s\u00fabita de energ\u00eda.<\/li>\n<li>.<\/li>\n<li>La secuencia de levantamiento de prueba,\npreviene el manejo de cargas inseguras gracias\nal l\u00edmite del espacio entre la carga y el magneto,\npor la geometr\u00eda de la carga o la aleaci\u00f3n de la\ncarga que se maneja<\/li>\n<li>Con luces indicadoras que permiten al operador\nconocer siempre el estado de la carga.<\/li>\n<li>El Control Remoto mantiene al usuario a sana distancia\nmientras se opera el magneto<\/li>\n<li>Interruptor de Seguridad que previene\nla Desmagnetizaci\u00f3n a menos que la\ncarga se encuentre segura en el piso.<\/li>\n<li>CSS (Sensor del Sistema de Corriente), que asegura, que\ntanto el control como el magneto, operan adecuadamente.<\/li>\n<li>Bot\u00f3n de seguridad para desmagnetizaci\u00f3n para garantizar que no se pueda producir una desmagnetizaci\u00f3n accidental<\/li>\n<\/ul>\n<p>[\/et_pb_text][\/et_pb_column][\/et_pb_row][et_pb_row estructura_columna=\u201d1_2,1_2\u2033 _builder_version=\u201d4.22.2\u2033 _module_preset=\u201dpredeterminado\u201d ancho=\u201d90%\u201d ancho_m\u00e1ximo=\u201d1500px\u201d relleno_personalizado=\u201d10px||17px||falso|verdadero\u201d informaci\u00f3n_colores_globales=\u201d{}\u201d][et_pb_column tipo=\u201d1_2\u2033 _builder_version=\u201d4.22.1\u2033 _module_preset=\u201dpredeterminado\u201d informaci\u00f3n_colores_globales=\u201d{}\u201d][et_pb_text _builder_version=\u201d4.22.2\u2033 _module_preset=\u201dpredeterminado\u201d encabezado_3_fuente=\u201d||||||||\u201d header_text_color=\u201d#FFFFFF\u201d header_3_font_size=\u201d24px\u201d use_background_color_gradient=\u201don\u201d background_color_gradient_direction=\u201d90deg\u201d background_color_gradient_stops=\u201d#b01f24 0%|#b01f24 87%|#ffffff 100%\u201d custom_margin=\u201d-4px||21px|||\u201d custom_padding=\u201d11px|||15px|false|false\u201d global_colors_info=\u201d{}\u201d]<\/p>\n<h3>Caracter\u00edsticas operativas est\u00e1ndar:<\/h3>\n<p>[\/et_pb_text][et_pb_text _builder_version=\u201d4.22.2\u2033 _module_preset=\u201ddefault\u201d custom_margin=\u201d||22px|||\u201d global_colors_info=\u201d{}\u201d]<\/p>\n<ul>\n<li>Nivel de potencia ajustable para desagrupar l\u00e1minas\ny placas seg\u00fan se requiera.<\/li>\n<li>Control remoto.<\/li>\n<li>Sin magnetismo residual<\/li>\n<li>Baja profundidad de flujo magn\u00e9tico.<\/li>\n<li>La funci\u00f3n de elevaci\u00f3n de prueba garantiza un manejo seguro de la carga en todo momento al garantizar un factor de seguridad m\u00ednimo en cada elevaci\u00f3n.<\/li>\n<li>Luces indicadoras de estado<\/li>\n<li>La tecnolog\u00eda electro-permanente ahorra energ\u00eda<\/li>\n<li>Sin piezas m\u00f3viles que se desgasten<\/li>\n<li>Panel de control integrado para una f\u00e1cil instalaci\u00f3n.<\/li>\n<\/ul>\n<p><strong>Opcional:<\/strong><\/p>\n<ol>\n<li>Zapatas de Polos Removibles.<\/li>\n<li>Controles duales<\/li>\n<li>Sensor de temperatura<\/li>\n<li>Versi\u00f3n de Alta Temperatura disponible sobre \n pedido<\/li>\n<li>Interfase con el Control de la Gr\u00faa.<\/li>\n<li>Interfase con el control de la gr\u00faa.<\/li>\n<li>Sensor MSD (Magnetic Saturation System)\npara verificar la Saturaci\u00f3n Magn\u00e9tica.<\/li>\n<\/ol>\n<p>[\/et_pb_text][\/et_pb_column][et_pb_column tipo=\u201d1_2\u2033 _builder_version=\u201d4.22.1\u2033 _module_preset=\u201dpredeterminado\u201d informaci\u00f3n_colores_globales=\u201d{}\u201d][et_pb_text _builder_version=\u201d4.22.2\u2033 _module_preset=\u201dpredeterminado\u201d encabezado_3_fuente=\u201d||||||||\u201d header_text_color=\u201d#FFFFFF\u201d header_3_font_size=\u201d24px\u201d use_background_color_gradient=\u201don\u201d background_color_gradient_direction=\u201d90deg\u201d background_color_gradient_stops=\u201d#b01f24 0%|#b01f24 87%|#ffffff 100%\u201d custom_margin=\u201d-4px||0px|||\u201d custom_padding=\u201d11px|||15px|false|false\u201d global_colors_info=\u201d{}\u201d]<\/p>\n<h3>Aplicaciones:<\/h3>\n<p>[\/et_pb_text][et_pb_text _builder_version=\u201d4.22.2\u2033 _module_preset=\u201dpredeterminado\u201d margen_personalizado=\u201d||20px|||\u201d relleno_personalizado=\u201d22px|||||\u201d global_colors_info=\u201d{}\u201d]Centros de servicio de acero, Taller de moldes y matrices, Fabricantes, Tratamiento t\u00e9rmico, Plantas sider\u00fargicas, Almac\u00e9n de acero[\/et_pb_text][dsm_image_carousel gallery_ids=\u201d388266\u2033 slide_to_show=\u201d1\u2033 speed=\u201d2000\u2033 autoplay=\u201doff\u201d space_between=\u201d0\u2033 touch_move=\u201don\u201d show_lightbox=\u201don\u201d show_lightbox_gallery=\u201don\u201d _builder_version=\u201d4.22.2\u2033 _module_preset=\u201ddefault\u201d locking=\u201doff\u201d global_colors_info=\u201d{}\u201d][\/dsm_image_carousel][\/et_pb_column][\/et_pb_row][et_pb_row _builder_version=\u201d4.22.2\u2033 _module_preset=\u201ddefault\u201d ancho=\u201d90%\u201d ancho_m\u00e1ximo=\u201d1500px\u201d relleno_personalizado=\u201d10px||17px||falso|verdadero\u201d informaci\u00f3n_global_colors=\u201d{}\u201d][et_pb_column tipo=\u201d4_4\u2033 _builder_version=\u201d4.22.1\u2033 _module_preset=\u201dpredeterminado\u201d informaci\u00f3n_global_colors=\u201d{}\u201d][et_pb_image origen=\u201dhttps:\/\/helmholtz-magnet.com\/wp-content\/uploads\/2023\/09\/1.png\u201d texto_t\u00edtulo=\u201d1\u2033 mostrar_en_lightbox=\u201don\u201d alinear=\u201dcentro\u201d _builder_version=\u201d4.22.2\u2033 _module_preset=\u201dpredeterminado\u201d ancho_m\u00e1ximo=\u201d100%\u201d margen_personalizado=\u201d||14px|||\u201d global_colors_info=\u201d{}\u201d][\/et_pb_image][\/et_pb_column][\/et_pb_row][et_pb_row _builder_version=\u201d4.22.2\u2033 _module_preset=\u201dpredeterminado\u201d ancho=\u201d90%\u201d ancho_m\u00e1ximo=\u201d1500px\u201d relleno_personalizado=\u201d10px||17px||falso|verdadero\u201d global_colors_info=\u201d{}\u201d][et_pb_column tipo=\u201d4_4\u2033 _builder_version=\u201d4.22.1\u2033 _module_preset=\u201dpredeterminado\u201d global_colors_info=\u201d{}\u201d][et_pb_image src=\u201dhttps:\/\/helmholtz-magnet.com\/wp-content\/uploads\/2023\/09\/2.png\u201d texto_t\u00edtulo=\u201d2\u2033 show_in_lightbox=\u201don\u201d align=\u201dcenter\u201d _builder_version=\u201d4.22.2\u2033 _module_preset=\u201ddefault\u201d max_width=\u201d100%\u201d custom_margin=\u201d||14px|||\u201d global_colors_info=\u201d{}\u201d][\/et_pb_image][\/et_pb_column][\/et_pb_row][et_pb_row _builder_version=\u201d4.22.2\u2033 _module_preset=\u201dpredeterminado\u201d ancho=\u201d90%\u201d ancho_m\u00e1ximo=\u201d1500px\u201d relleno_personalizado=\u201d10px||17px||falso|verdadero\u201d global_colors_info=\u201d{}\u201d][et_pb_column tipo=\u201d4_4\u2033 _builder_version=\u201d4.22.1\u2033 _module_preset=\u201dpredeterminado\u201d global_colors_info=\u201d{}\u201d][et_pb_image src=\u201dhttps:\/\/helmholtz-magnet.com\/wp-content\/uploads\/2023\/09\/3.png\u201d texto_t\u00edtulo=\u201d3\u2033 show_in_lightbox=\u201don\u201d align=\u201dcenter\u201d _builder_version=\u201d4.22.2\u2033 _module_preset=\u201ddefault\u201d max_width=\u201d100%\u201d custom_margin=\u201d||14px|||\u201d global_colors_info=\u201d{}\u201d][\/et_pb_image][\/et_pb_column][\/et_pb_row][\/et_pb_section]<\/p>","protected":false},"excerpt":{"rendered":"<p>ELEVADOR DE MANIPULACI\u00d3N DE MATERIAL REDONDO ELECTROPERMANENTE HPRELE Para la manipulaci\u00f3n de material redondo \/ tubos terminados o semiterminados, los m\u00f3dulos magn\u00e9ticos electropermanentes HPR son la respuesta ideal para la manipulaci\u00f3n de cartuchos y tanques con un espacio de aire limitado. Excelente relaci\u00f3n potencia-peso El circuito magn\u00e9tico alimentado por m\u00faltiples polos garantiza la ausencia de magnetismo residual y un alto rendimiento con una profundidad de flujo baja Carga m\u00e1xima de trabajo de hasta [\u2026]<\/p>","protected":false},"author":1,"featured_media":0,"parent":0,"menu_order":0,"comment_status":"closed","ping_status":"open","template":"","meta":{"_et_pb_use_builder":"on","_et_pb_old_content":"<!-- wp:paragraph -->\r\n<p>This is an example page. It's different from a blog post because it will stay in one place and will show up in your site navigation (in most themes). Most people start with an About page that introduces them to potential site visitors. It might say something like this:<\/p>\r\n<!-- \/wp:paragraph -->\r\n\r\n<!-- wp:quote -->\r\n<blockquote class=\"wp-block-quote\"><p>Hi there! I'm a bike messenger by day, aspiring actor by night, and this is my website. I live in Los Angeles, have a great dog named Jack, and I like pi\u00f1a coladas. (And gettin' caught in the rain.)<\/p><\/blockquote>\r\n<!-- \/wp:quote -->\r\n\r\n<!-- wp:paragraph -->\r\n<p>...or something like this:<\/p>\r\n<!-- \/wp:paragraph -->\r\n\r\n<!-- wp:quote -->\r\n<blockquote class=\"wp-block-quote\"><p>The XYZ Doohickey Company was founded in 1971, and has been providing quality doohickeys to the public ever since. Located in Gotham City, XYZ employs over 2,000 people and does all kinds of awesome things for the Gotham community.<\/p><\/blockquote>\r\n<!-- \/wp:quote -->\r\n\r\n<!-- wp:paragraph -->\r\n<p>As a new WordPress user, you should go to <a href=\"https:\/\/helmholtz-magnet.com\/wp-admin\/\">your dashboard<\/a> to delete this page and create new pages for your content. Have fun!<\/p>\r\n<!-- \/wp:paragraph -->","_et_gb_content_width":"","_mi_skip_tracking":false,"_monsterinsights_sitenote_active":false,"_monsterinsights_sitenote_note":"","_monsterinsights_sitenote_category":0,"footnotes":""},"class_list":["post-388166","page","type-page","status-publish","hentry"],"yoast_head":"<!-- This site is optimized with the Yoast SEO Premium plugin v24.8 (Yoast SEO v26.3) - https:\/\/yoast.com\/wordpress\/plugins\/seo\/ -->\n<title>HPR - HELMHOLTZ, UNSURPASSED MATERIAL HANDLING<\/title>\n<meta name=\"robots\" content=\"index, follow, max-snippet:-1, max-image-preview:large, max-video-preview:-1\" \/>\n<link rel=\"canonical\" href=\"https:\/\/helmholtz-magnet.com\/es\/hpr-1\/\" \/>\n<meta property=\"og:locale\" content=\"es_ES\" \/>\n<meta property=\"og:type\" content=\"article\" \/>\n<meta property=\"og:title\" content=\"HPR\" \/>\n<meta property=\"og:description\" content=\"HPRELECTRO-PERMANENT ROUND STOCK HANDLING LIFTERFor handling finished or semi-finished round stock \/ pipe HPR electro-permanent magnetic modules are the ideal answer for handling rounds and tanks with limited air gap. Excellent power to weight ratio Multi-pole powered magnetic circuit insures no residual magnetism and high performance with a low flux depth Maximum working load up [&hellip;]\" \/>\n<meta property=\"og:url\" content=\"https:\/\/helmholtz-magnet.com\/es\/hpr-1\/\" \/>\n<meta property=\"og:site_name\" content=\"HELMHOLTZ, UNSURPASSED MATERIAL HANDLING\" \/>\n<meta property=\"article:publisher\" content=\"https:\/\/www.facebook.com\/Soph-Magnetics-Inc-530930033722115\/\" \/>\n<meta property=\"article:modified_time\" content=\"2023-10-18T14:06:56+00:00\" \/>\n<meta name=\"twitter:card\" content=\"summary_large_image\" \/>\n<meta name=\"twitter:site\" content=\"@soph_usa\" \/>\n<meta name=\"twitter:label1\" content=\"Tiempo de lectura\" \/>\n\t<meta name=\"twitter:data1\" content=\"6 minutos\" \/>\n<script type=\"application\/ld+json\" class=\"yoast-schema-graph\">{\"@context\":\"https:\/\/schema.org\",\"@graph\":[{\"@type\":\"WebPage\",\"@id\":\"https:\/\/helmholtz-magnet.com\/hpr\/\",\"url\":\"https:\/\/helmholtz-magnet.com\/hpr\/\",\"name\":\"HPR - HELMHOLTZ, UNSURPASSED MATERIAL HANDLING\",\"isPartOf\":{\"@id\":\"https:\/\/helmholtz-magnet.com\/#website\"},\"datePublished\":\"2023-09-26T18:14:33+00:00\",\"dateModified\":\"2023-10-18T14:06:56+00:00\",\"breadcrumb\":{\"@id\":\"https:\/\/helmholtz-magnet.com\/hpr\/#breadcrumb\"},\"inLanguage\":\"es\",\"potentialAction\":[{\"@type\":\"ReadAction\",\"target\":[\"https:\/\/helmholtz-magnet.com\/hpr\/\"]}]},{\"@type\":\"BreadcrumbList\",\"@id\":\"https:\/\/helmholtz-magnet.com\/hpr\/#breadcrumb\",\"itemListElement\":[{\"@type\":\"ListItem\",\"position\":1,\"name\":\"Home\",\"item\":\"https:\/\/helmholtz-magnet.com\/\"},{\"@type\":\"ListItem\",\"position\":2,\"name\":\"HPR\"}]},{\"@type\":\"WebSite\",\"@id\":\"https:\/\/helmholtz-magnet.com\/#website\",\"url\":\"https:\/\/helmholtz-magnet.com\/\",\"name\":\"HELMHOLTZ, UNSURPASSED MATERIAL HANDLING\",\"description\":\"HELMHOLTZ, UNSURPASSED MATERIAL HANDLING\",\"publisher\":{\"@id\":\"https:\/\/helmholtz-magnet.com\/#organization\"},\"potentialAction\":[{\"@type\":\"SearchAction\",\"target\":{\"@type\":\"EntryPoint\",\"urlTemplate\":\"https:\/\/helmholtz-magnet.com\/?s={search_term_string}\"},\"query-input\":{\"@type\":\"PropertyValueSpecification\",\"valueRequired\":true,\"valueName\":\"search_term_string\"}}],\"inLanguage\":\"es\"},{\"@type\":\"Organization\",\"@id\":\"https:\/\/helmholtz-magnet.com\/#organization\",\"name\":\"Helmholtz Magnets\",\"url\":\"https:\/\/helmholtz-magnet.com\/\",\"logo\":{\"@type\":\"ImageObject\",\"inLanguage\":\"es\",\"@id\":\"https:\/\/helmholtz-magnet.com\/#\/schema\/logo\/image\/\",\"url\":\"https:\/\/helmholtz-magnet.com\/wp-content\/uploads\/2023\/09\/logo.svg\",\"contentUrl\":\"https:\/\/helmholtz-magnet.com\/wp-content\/uploads\/2023\/09\/logo.svg\",\"width\":1206,\"height\":214,\"caption\":\"Helmholtz Magnets\"},\"image\":{\"@id\":\"https:\/\/helmholtz-magnet.com\/#\/schema\/logo\/image\/\"},\"sameAs\":[\"https:\/\/www.facebook.com\/Soph-Magnetics-Inc-530930033722115\/\",\"https:\/\/x.com\/soph_usa\",\"https:\/\/www.youtube.com\/channel\/UCnxgzBXQDhTRw-bUPpYoI6g\",\"https:\/\/goo.gl\/maps\/6AULBobLT1c77iZEA\"]}]}<\/script>\n<!-- \/ Yoast SEO Premium plugin. -->","yoast_head_json":{"title":"HPR - HELMHOLTZ, MANEJO DE MATERIALES INSUPERABLE","robots":{"index":"index","follow":"follow","max-snippet":"max-snippet:-1","max-image-preview":"max-image-preview:large","max-video-preview":"max-video-preview:-1"},"canonical":"https:\/\/helmholtz-magnet.com\/es\/hpr-1\/","og_locale":"es_ES","og_type":"article","og_title":"HPR","og_description":"HPRELECTRO-PERMANENT ROUND STOCK HANDLING LIFTERFor handling finished or semi-finished round stock \/ pipe HPR electro-permanent magnetic modules are the ideal answer for handling rounds and tanks with limited air gap. Excellent power to weight ratio Multi-pole powered magnetic circuit insures no residual magnetism and high performance with a low flux depth Maximum working load up [&hellip;]","og_url":"https:\/\/helmholtz-magnet.com\/es\/hpr-1\/","og_site_name":"HELMHOLTZ, UNSURPASSED MATERIAL HANDLING","article_publisher":"https:\/\/www.facebook.com\/Soph-Magnetics-Inc-530930033722115\/","article_modified_time":"2023-10-18T14:06:56+00:00","twitter_card":"summary_large_image","twitter_site":"@soph_usa","twitter_misc":{"Tiempo de lectura":"6 minutos"},"schema":{"@context":"https:\/\/schema.org","@graph":[{"@type":"WebPage","@id":"https:\/\/helmholtz-magnet.com\/hpr\/","url":"https:\/\/helmholtz-magnet.com\/hpr\/","name":"HPR - HELMHOLTZ, MANEJO DE MATERIALES INSUPERABLE","isPartOf":{"@id":"https:\/\/helmholtz-magnet.com\/#website"},"datePublished":"2023-09-26T18:14:33+00:00","dateModified":"2023-10-18T14:06:56+00:00","breadcrumb":{"@id":"https:\/\/helmholtz-magnet.com\/hpr\/#breadcrumb"},"inLanguage":"es","potentialAction":[{"@type":"ReadAction","target":["https:\/\/helmholtz-magnet.com\/hpr\/"]}]},{"@type":"BreadcrumbList","@id":"https:\/\/helmholtz-magnet.com\/hpr\/#breadcrumb","itemListElement":[{"@type":"ListItem","position":1,"name":"Home","item":"https:\/\/helmholtz-magnet.com\/"},{"@type":"ListItem","position":2,"name":"HPR"}]},{"@type":"WebSite","@id":"https:\/\/helmholtz-magnet.com\/#website","url":"https:\/\/helmholtz-magnet.com\/","name":"HELMHOLTZ, MANEJO DE MATERIALES INSUPERABLE","description":"HELMHOLTZ, MANEJO DE MATERIALES INSUPERABLE","publisher":{"@id":"https:\/\/helmholtz-magnet.com\/#organization"},"potentialAction":[{"@type":"SearchAction","target":{"@type":"EntryPoint","urlTemplate":"https:\/\/helmholtz-magnet.com\/?s={search_term_string}"},"query-input":{"@type":"PropertyValueSpecification","valueRequired":true,"valueName":"search_term_string"}}],"inLanguage":"es"},{"@type":"Organization","@id":"https:\/\/helmholtz-magnet.com\/#organization","name":"Imanes de Helmholtz","url":"https:\/\/helmholtz-magnet.com\/","logo":{"@type":"ImageObject","inLanguage":"es","@id":"https:\/\/helmholtz-magnet.com\/#\/schema\/logo\/image\/","url":"https:\/\/helmholtz-magnet.com\/wp-content\/uploads\/2023\/09\/logo.svg","contentUrl":"https:\/\/helmholtz-magnet.com\/wp-content\/uploads\/2023\/09\/logo.svg","width":1206,"height":214,"caption":"Helmholtz Magnets"},"image":{"@id":"https:\/\/helmholtz-magnet.com\/#\/schema\/logo\/image\/"},"sameAs":["https:\/\/www.facebook.com\/Soph-Magnetics-Inc-530930033722115\/","https:\/\/x.com\/soph_usa","https:\/\/www.youtube.com\/channel\/UCnxgzBXQDhTRw-bUPpYoI6g","https:\/\/goo.gl\/maps\/6AULBobLT1c77iZEA"]}]}},"_links":{"self":[{"href":"https:\/\/helmholtz-magnet.com\/es\/wp-json\/wp\/v2\/pages\/388166","targetHints":{"allow":["GET"]}}],"collection":[{"href":"https:\/\/helmholtz-magnet.com\/es\/wp-json\/wp\/v2\/pages"}],"about":[{"href":"https:\/\/helmholtz-magnet.com\/es\/wp-json\/wp\/v2\/types\/page"}],"author":[{"embeddable":true,"href":"https:\/\/helmholtz-magnet.com\/es\/wp-json\/wp\/v2\/users\/1"}],"replies":[{"embeddable":true,"href":"https:\/\/helmholtz-magnet.com\/es\/wp-json\/wp\/v2\/comments?post=388166"}],"version-history":[{"count":9,"href":"https:\/\/helmholtz-magnet.com\/es\/wp-json\/wp\/v2\/pages\/388166\/revisions"}],"predecessor-version":[{"id":388571,"href":"https:\/\/helmholtz-magnet.com\/es\/wp-json\/wp\/v2\/pages\/388166\/revisions\/388571"}],"wp:attachment":[{"href":"https:\/\/helmholtz-magnet.com\/es\/wp-json\/wp\/v2\/media?parent=388166"}],"curies":[{"name":"wp","href":"https:\/\/api.w.org\/{rel}","templated":true}]}}