{"id":388237,"date":"2023-09-26T20:27:05","date_gmt":"2023-09-26T20:27:05","guid":{"rendered":"https:\/\/helmholtz-magnet.com\/?page_id=388237"},"modified":"2023-10-18T14:25:01","modified_gmt":"2023-10-18T14:25:01","slug":"par","status":"publish","type":"page","link":"https:\/\/helmholtz-magnet.com\/es\/par\/","title":{"rendered":"PAR"},"content":{"rendered":"<p>[et_pb_section fb_built=\u201d1\u2033 _builder_version=\u201d4.22.1\u2033 _module_preset=\u201dpredeterminado\u201d custom_margin=\u201d0px||||falso|falso\u201d custom_padding=\u201d0px||3px||falso|falso\u201d global_colors_info=\u201d{}\u201d][et_pb_row _builder_version=\u201d4.22.2\u2033 _module_preset=\u201dpredeterminado\u201d width=\u201d90%\u201d max_width=\u201d1500px\u201d custom_padding=\u201d40px|25px|5px||falso|falso\u201d global_colors_info=\u201d{}\u201d][et_pb_column type=\u201d4_4\u2033 _builder_version=\u201d4.22.1\u2033 _module_preset=\u201dpredeterminado\u201d global_colors_info=\u201d{}\u201d][et_pb_text _builder_version=\u201d4.22.1\u2033 _module_preset=\u201dpredeterminado\u201d header_3_font=\u201d||||||||\u201d header_3_text_color=\u201d#FFFFFF\u201d header_3_font_size=\u201d50px\u201d use_background_color_gradient=\u201don\u201d background_color_gradient_direction=\u201d90deg\u201d background_color_gradient_stops=\u201d#8e8e8e 0%|#8e8e8e 87%|#ffffff 100%\u201d custom_margin=\u201d||0px|||\u201d custom_padding=\u201d21px||7px|25px|false|false\u201d global_colors_info=\u201d{}\u201d]<\/p>\n<h3>PAR<\/h3>\n<p>[\/et_pb_text][et_pb_text _builder_version=\u201d4.22.2\u2033 _module_preset=\u201ddefault\u201d header_3_font=\u201d||||||||\u201d header_3_text_color=\u201d#FFFFFF\u201d header_3_font_size=\u201d24px\u201d use_background_color_gradient=\u201don\u201d background_color_gradient_direction=\u201d90deg\u201d background_color_gradient_stops=\u201d#b01f24 0%|#b01f24 87%|#ffffff 100%\u201d custom_margin=\u201d||0px|||\u201d custom_padding=\u201d11px|||25px|false|false\u201d global_colors_info=\u201d{}\u201d]<\/p>\n<h3>SISTEMA VERTICAL SAFER<\/h3>\n<p>[\/et_pb_text][\/et_pb_column][\/et_pb_row][\/et_pb_section][et_pb_section fb_built=\u201d1\u2033 _builder_version=\u201d4.22.1\u2033 _module_preset=\u201dpredeterminado\u201d relleno_personalizado=\u201d7px||5px|||\u201d global_colors_info=\u201d{}\u201d][et_pb_row estructura_columna=\u201d1_2,1_2\u2033 _builder_version=\u201d4.22.2\u2033 _module_preset=\u201dpredeterminado\u201d ancho=\u201d90%\u201d ancho_m\u00e1ximo=\u201d1500px\u201d relleno_personalizado=\u201d6px||17px||falso|verdadero\u201d global_colors_info=\u201d{}\u201d][et_pb_column tipo=\u201d1_2\u2033 _builder_version=\u201d4.22.1\u2033 _module_preset=\u201dpredeterminado\u201d global_colors_info=\u201d{}\u201d][et_pb_text _builder_version=\u201d4.22.2\u2033 _module_preset=\u201dpredeterminado\u201d margen_personalizado=\u201d11px||35px|||\u201d global_colors_info=\u201d{}\u201d]El sistema PAR est\u00e1 dise\u00f1ado para la manipulaci\u00f3n vertical de placas.<br \/>\nLa aplicaci\u00f3n t\u00edpica comprende la carga o descarga de piezas de trabajo de una fresadora de husillo Horizontal. Puede utilizarse para rotar partes de manera segura con los accesorios y colocar la pieza en el sistema de sujeci\u00f3n magn\u00e9tica de un lado y otro, para poder maquinar ambas caras.\nPAR se adapta f\u00e1cilmente a piezas de trabajo de diferentes dimensiones solo cambiando la posici\u00f3n de los pernos de bloqueo.<\/p>\n<p>PAR est\u00e1 disponible para SAFER 300\/600.[\/et_pb_text][et_pb_text _builder_version=\u201d4.22.2\u2033 _module_preset=\u201ddefault\u201d global_colors_info=\u201d{}\u201d]SOPH ofrece una l\u00ednea de accesorios para elevadores SAFER para aumentar la flexibilidad general durante el uso de aplicaciones de manipulaci\u00f3n de materiales horizontales y verticales. El dise\u00f1o duradero los hace confiables a lo largo del tiempo sin necesidad de mantenimiento.[\/et_pb_text][et_pb_button button_url=\u201dhttps:\/\/helmholtz-magnet.com\/wp-content\/uploads\/2023\/10\/PAR.pdf\u201d url_new_window=\u201don\u201d button_text=\u201dDescargar folleto del producto\u201d button_alignment=\u201dleft\u201d _builder_version=\u201d4.22.2\u2033 _module_preset=\u201ddefault\u201d custom_button=\u201don\u201d button_border_width=\u201d2px\u201d button_border_color=\u201d#b01f23\u2033 button_border_radius=\u201d3px\u201d button_icon=\u201d\uf1c1||fa||900\u2033 button_icon_placement=\u201dleft\u201d button_on_hover=\u201doff\u201d locking=\u201doff\u201d global_colors_info=\u201d{}\u201d bot\u00f3n_texto_color__hover_habilitado=\u201dactivado|pasa el mouse\u201d bot\u00f3n_texto_color__hover=\u201d#FFFFFF\u201d bot\u00f3n_bg_color__hover_habilitado=\u201dactivado|pasa el mouse\u201d bot\u00f3n_bg_color__hover=\u201d#b01f23\u2033 bot\u00f3n_bg_habilitar_color__hover=\u201dactivado\u201d][\/et_pb_button][et_pb_image src=\u201dhttps:\/\/helmholtz-magnet.com\/wp-content\/uploads\/2023\/09\/2023-09-26_19-47-05.png\u201d t\u00edtulo_texto=\u201d2023-09-26_19-47-05\u2033 mostrar_en_lightbox=\u201dactivado\u201d alinear=\u201dcentrar\u201d _builder_version=\u201d4.22.2\u2033 _module_preset=\u201dpredeterminado\u201d ancho m\u00e1ximo=\u201d100%\u201d margen personalizado=\u201d||14px|||\u201d global_colors_info=\u201d{}\u201d][\/et_pb_image][\/et_pb_column][et_pb_column tipo=\u201d1_2\u2033 _builder_version=\u201d4.22.1\u2033 _module_preset=\u201dpredeterminado\u201d global_colors_info=\u201d{}\u201d][dsm_image_carousel galer\u00eda_ids=\u201d388304\u2033 presentaci\u00f3n_deslizante=\u201d1\u2033 velocidad=\u201d2000\u2033 reproducci\u00f3n autom\u00e1tica=\u201ddesactivada\u201d espacio_entre=\u201d0\u2033 movimiento_t\u00e1ctil=\u201dactivado\u201d mostrar_lightbox=\u201dactivado\u201d mostrar_lightbox_gallery=\u201dactivado\u201d _builder_version=\u201d4.22.2\u2033 _module_preset=\u201dpredeterminado\u201d bloqueado=\u201ddesactivado\u201d global_colors_info=\u201d{}\u201d][\/dsm_image_carousel][et_pb_image src=\u201dhttps:\/\/helmholtz-magnet.com\/wp-content\/uploads\/2023\/09\/46-1.jpg\u201d title_text=\u201d46\u2033 show_in_lightbox=\u201don\u201d align=\u201dcenter\u201d _builder_version=\u201d4.22.2\u2033 _module_preset=\u201ddefault\u201d max_width=\u201d100%\u201d custom_margin=\u201d||14px|||\u201d global_colors_info=\u201d{}\u201d][\/et_pb_image][\/et_pb_column][\/et_pb_row][\/et_pb_section][et_pb_section fb_built=\u201d1\u2033 _builder_version=\u201d4.22.2\u2033 _module_preset=\u201ddefault\u201d custom_padding=\u201d1px||22px|||\u201d global_colors_info=\u201d{}\u201d][et_pb_row estructura_columna=\u201d1_2,1_2\u2033 _builder_version=\u201d4.22.2\u2033 _module_preset=\u201dpredeterminado\u201d ancho=\u201d90%\u201d ancho_m\u00e1ximo=\u201d1500px\u201d global_colors_info=\u201d{}\u201d][et_pb_column tipo=\u201d1_2\u2033 _builder_version=\u201d4.22.2\u2033 _module_preset=\u201dpredeterminado\u201d global_colors_info=\u201d{}\u201d][et_pb_text _builder_version=\u201d4.22.2\u2033 _module_preset=\u201dpredeterminado\u201d header_3_font=\u201d||||||||\u201d header_text_color=\u201d#FFFFFF\u201d header_3_font_size=\u201d24px\u201d use_background_color_gradient=\u201don\u201d background_color_gradient_direction=\u201d90deg\u201d background_color_gradient_stops=\u201d#b01f24 0%|#b01f24 87%|#ffffff 100%\u201d custom_margin=\u201d||0px|||\u201d custom_padding=\u201d11px|||15px|false|false\u201d global_colors_info=\u201d{}\u201d]<\/p>\n<h3>Dimensiones mm (pulgadas)<\/h3>\n<p>[\/et_pb_text][dvmd_table_maker tbl_row_header_count=\u201d0\u2033 tbl_responsive_breakpoint=\u201dninguno\u201d tbl_scrolling_active=\u201dactivado\u201d tbl_frame_type=\u201dninguno\u201d tbl_stripes_active=\u201dactivado\u201d tbl_stripes_order=\u201dimpar\u201d tbl_stripes_apply=\u201dactivado|desactivado|activado|desactivado\u201d tbl_tcell_cell_color=\u201d#f7f7f7\u2033 tbl_tcell_cell_align_horz=\u201dcentrado\u201d tbl_tcell_cell_align_vert=\u201dcentrado\u201d tbl_tcell_cell_padding=\u201d10px|5px|10px|5px|verdadero|verdadero\u201d tbl_chead_cell_color=\u201d#8e8e8e\u201d tbl_chead_cell_align_horz=\u201dcentro\u201d tbl_chead_cell_align_vert=\u201dcentro\u201d tbl_rhead_cell_color=\u201d#000000\u2033 tbl_tcell_text_wrap=\u201dnowrap\u201d tbl_chead_text_wrap=\u201dnormal\u201d _builder_version=\u201d4.22.2\u2033 _module_preset=\u201dpredeterminado\u201d tbl_tcell_text_font=\u201dRoboto Flex||||||||\u201d tbl_tcell_text_font_size=\u201d15px\u201d tbl_chead_text_font=\u201dRoboto|300|||||||\u201d tbl_chead_text_text_color=\u201d#FFFFFF\u201d tbl_chead_text_font_size=\u201d16px\u201d tbl_rhead_text_text_color=\u201d#FFFFFF\u201d custom_margin=\u201d0px||||false|false\u201d custom_padding=\u201d0px||||false|false\u201d hover_enabled=\u201d0\u2033 border_color_all_tbl_tcell_cell_border=\u201d#c9c9c9\u2033 border_style_bottom_tbl_tcell_cell_border=\u201ds\u00f3lido\u201d border_color_all_tbl_chead_cell_border=\u201dRGBA(255,255,255,0)\u201d border_width_bottom_tbl_chead_cell_border=\u201d0px\u201d color_borde_inferior_tbl_chead_cell_border=\u201d#000000\u2033 estilo_sombra_cuadrado_tbl_chead_cell_shadow=\u201dpreset3\u2033 sombra_cuadrado_vertical_tbl_chead_cell_shadow=\u201d0px\u201d desenfoque_cuadrado_sombra_cuadrado_tbl_chead_cell_shadow=\u201d20px\u201d propagaci\u00f3n_sombra_cuadrado_tbl_chead_cell_shadow=\u201d-5px\u201d color_sombra_cuadrado_tbl_chead_cell_shadow=\u201drgba(0,0,0,0.74)\u201d informaci\u00f3n_colores_globales=\u201d{}\u201d sticky_enabled=\u201d0\u2033][dvmd_table_maker_item col_label=\u201dCon PAR\u201d col_content=\u201dCon PAR<br \/>\nA<br \/>\nB<br \/>\nC<br \/>\nD<br \/>\nPeso\u201d _builder_version=\u201d4.22.2\u2033 _module_preset=\u201dpredeterminado\u201d global_colors_info=\u201d{}\u201d][\/dvmd_table_maker_item][dvmd_table_maker_item col_label=\u201dSAFER 300\u2033 col_content=\u201dSAFER 300<br \/>\n1121 (44.13)<br \/>\n175 (6.89)<br \/>\n290 (11.42)<br \/>\n256 (10.08)<br \/>\n31 kg\/68,2 libras\u201d _builder_version=\u201d4.22.2\u2033 _module_preset=\u201dpredeterminado\u201d global_colors_info=\u201d{}\u201d][\/dvmd_table_maker_item][dvmd_table_maker_item col_label=\u201dSAFER 600\u2033 col_content=\u201dSAFER 600<br \/>\n1121 (44.13)<br \/>\n175 (6.89)<br \/>\n290 (11.42)<br \/>\n256 (10.08)<br \/>\n42 kg\/92,4 libras\u201d _builder_version=\u201d4.22.2\u2033 _module_preset=\u201dpredeterminado\u201d global_colors_info=\u201d{}\u201d][\/dvmd_table_maker_item][\/dvmd_table_maker][\/et_pb_column][et_pb_column type=\u201d1_2\u2033 _builder_version=\u201d4.22.2\u2033 _module_preset=\u201dpredeterminado\u201d global_colors_info=\u201d{}\u201d][et_pb_text _builder_version=\u201d4.22.2\u2033 _module_preset=\u201dpredeterminado\u201d header_3_font=\u201d||||||||\u201d header_text_color=\u201d#FFFFFF\u201d header_3_font_size=\u201d24px\u201d use_background_color_gradient=\u201don\u201d background_color_gradient_direction=\u201d90deg\u201d background_color_gradient_stops=\u201d#b01f24 0%|#b01f24 87%|#ffffff 100%\u201d custom_margin=\u201d||0px|||\u201d custom_padding=\u201d11px|||15px|false|false\u201d global_colors_info=\u201d{}\u201d]<\/p>\n<h3>Capacidad de Carga kg\/libras      unidades: mm (pulg.)<\/h3>\n<p>[\/et_pb_text][dvmd_table_maker tbl_row_header_count=\u201d0\u2033 tbl_responsive_breakpoint=\u201dninguno\u201d tbl_scrolling_active=\u201dactivado\u201d tbl_frame_type=\u201dninguno\u201d tbl_stripes_active=\u201dactivado\u201d tbl_stripes_order=\u201dimpar\u201d tbl_stripes_apply=\u201dactivado|desactivado|activado|desactivado\u201d tbl_tcell_cell_color=\u201d#f7f7f7\u2033 tbl_tcell_cell_align_horz=\u201dcentrado\u201d tbl_tcell_cell_align_vert=\u201dcentrado\u201d tbl_tcell_cell_padding=\u201d10px|5px|10px|5px|verdadero|verdadero\u201d tbl_chead_cell_color=\u201d#8e8e8e\u201d tbl_chead_cell_align_horz=\u201dcentro\u201d tbl_chead_cell_align_vert=\u201dcentro\u201d tbl_rhead_cell_color=\u201d#000000\u2033 tbl_tcell_text_wrap=\u201dnowrap\u201d tbl_chead_text_wrap=\u201dnormal\u201d _builder_version=\u201d4.22.2\u2033 _module_preset=\u201dpredeterminado\u201d tbl_tcell_text_font=\u201dRoboto Flex||||||||\u201d tbl_tcell_text_font_size=\u201d15px\u201d tbl_chead_text_font=\u201dRoboto|300|||||||\u201d tbl_chead_text_text_color=\u201d#FFFFFF\u201d tbl_chead_text_font_size=\u201d16px\u201d tbl_rhead_text_text_color=\u201d#FFFFFF\u201d custom_margin=\u201d0px||||false|false\u201d custom_padding=\u201d0px||||false|false\u201d border_color_all_tbl_tcell_cell_border=\u201d#c9c9c9\u2033 border_style_bottom_tbl_tcell_cell_border=\u201ds\u00f3lido\u201d border_color_all_tbl_chead_cell_border=\u201dRGBA(255,255,255,0)\u201d border_width_bottom_tbl_chead_cell_border=\u201d0px\u201d border_color_bottom_tbl_chead_cell_border=\u201d#000000\u2033 box_shadow_style_tbl_chead_cell_shadow=\u201dpreset3\u2033 box_shadow_vertical_tbl_chead_cell_shadow=\u201d0px\u201d box_shadow_blur_tbl_chead_cell_shadow=\u201d20px\u201d box_shadow_spread_tbl_chead_cell_shadow=\u201d-5px\u201d box_shadow_color_tbl_chead_cell_shadow=\u201drgba(0,0,0,0.74)\u201d global_colors_info=\u201d{}\u201d][dvmd_table_maker_item col_label=\u201dCon PAR\u201d col_content=\u201dCon PAR<br \/>\nCarga m\u00e1xima<br \/>\nPlaca de longitud m\u00e1xima<br \/>\nPlaca de longitud m\u00ednima<br \/>\nEspesor m\u00ednimo de la placa<br \/>\nAncho m\u00e1ximo de la placa\u201d _builder_version=\u201d4.22.2\u2033 _module_preset=\u201ddefault\u201d global_colors_info=\u201d{}\u201d][\/dvmd_table_maker_item][dvmd_table_maker_item col_label=\u201dSAFER 300\u2033 col_content=\u201dSAFER 300<br \/>\n300 kg\/660 libras<br \/>\n800 (31.50)<br \/>\n300 (11.81)<br \/>\n4 (0.16)<br \/>\n550 (21.65)\u201d _builder_version=\u201d4.22.2\u2033 _module_preset=\u201dpredeterminado\u201d global_colors_info=\u201d{}\u201d][\/dvmd_table_maker_item][dvmd_table_maker_item col_label=\u201dM\u00c1S SEGURO 600\u2033 col_content=\u201dM\u00c1S SEGURO 600<br \/>\n600 kg\/1320 libras<br \/>\n1000 (39.37)<br \/>\n300 (11.81)<br \/>\n6 (0.24)<br \/>\n700 (27,56)\u201d _builder_version=\u201d4.22.2\u2033 _module_preset=\u201dpredeterminado\u201d global_colors_info=\u201d{}\u201d][\/dvmd_table_maker_item][\/dvmd_table_maker][\/et_pb_column][\/et_pb_row][\/et_pb_section]<\/p>","protected":false},"excerpt":{"rendered":"<p>SISTEMA VERTICAL PARSAFER El sistema PAR est\u00e1 dise\u00f1ado para la manipulaci\u00f3n vertical de placas. La aplicaci\u00f3n t\u00edpica es la carga\/descarga de una pieza de trabajo en una fresadora de husillo horizontal. Se puede utilizar para voltear las piezas seg\u00fan sea necesario de forma segura mediante simples soportes. Es posible fijar la pieza de trabajo al plato magn\u00e9tico desde un [\u2026]<\/p>","protected":false},"author":1,"featured_media":0,"parent":0,"menu_order":0,"comment_status":"closed","ping_status":"open","template":"","meta":{"_et_pb_use_builder":"on","_et_pb_old_content":"<!-- wp:paragraph -->\r\n<p>This is an example page. It's different from a blog post because it will stay in one place and will show up in your site navigation (in most themes). Most people start with an About page that introduces them to potential site visitors. It might say something like this:<\/p>\r\n<!-- \/wp:paragraph -->\r\n\r\n<!-- wp:quote -->\r\n<blockquote class=\"wp-block-quote\"><p>Hi there! I'm a bike messenger by day, aspiring actor by night, and this is my website. I live in Los Angeles, have a great dog named Jack, and I like pi\u00f1a coladas. (And gettin' caught in the rain.)<\/p><\/blockquote>\r\n<!-- \/wp:quote -->\r\n\r\n<!-- wp:paragraph -->\r\n<p>...or something like this:<\/p>\r\n<!-- \/wp:paragraph -->\r\n\r\n<!-- wp:quote -->\r\n<blockquote class=\"wp-block-quote\"><p>The XYZ Doohickey Company was founded in 1971, and has been providing quality doohickeys to the public ever since. Located in Gotham City, XYZ employs over 2,000 people and does all kinds of awesome things for the Gotham community.<\/p><\/blockquote>\r\n<!-- \/wp:quote -->\r\n\r\n<!-- wp:paragraph -->\r\n<p>As a new WordPress user, you should go to <a href=\"https:\/\/helmholtz-magnet.com\/wp-admin\/\">your dashboard<\/a> to delete this page and create new pages for your content. Have fun!<\/p>\r\n<!-- \/wp:paragraph -->","_et_gb_content_width":"","_mi_skip_tracking":false,"_monsterinsights_sitenote_active":false,"_monsterinsights_sitenote_note":"","_monsterinsights_sitenote_category":0,"footnotes":""},"class_list":["post-388237","page","type-page","status-publish","hentry"],"yoast_head":"<!-- This site is optimized with the Yoast SEO Premium plugin v24.8 (Yoast SEO v26.3) - https:\/\/yoast.com\/wordpress\/plugins\/seo\/ -->\n<title>PAR - HELMHOLTZ, UNSURPASSED MATERIAL HANDLING<\/title>\n<meta name=\"robots\" content=\"index, follow, max-snippet:-1, max-image-preview:large, max-video-preview:-1\" \/>\n<link rel=\"canonical\" href=\"https:\/\/helmholtz-magnet.com\/es\/par\/\" \/>\n<meta property=\"og:locale\" content=\"es_ES\" \/>\n<meta property=\"og:type\" content=\"article\" \/>\n<meta property=\"og:title\" content=\"PAR\" \/>\n<meta property=\"og:description\" content=\"PARSAFER VERTICAL SYSTEMPAR system is designed for the vertical handling of plates. The typical application is loading \/ unloading a workpiece on a horizontal spindle milling machine. Can be used to flip parts over as needed in a safe manner using simple stalls is possible to fix the workpiece to the magnetic chuck from one [&hellip;]\" \/>\n<meta property=\"og:url\" content=\"https:\/\/helmholtz-magnet.com\/es\/par\/\" \/>\n<meta property=\"og:site_name\" content=\"HELMHOLTZ, UNSURPASSED MATERIAL HANDLING\" \/>\n<meta property=\"article:publisher\" content=\"https:\/\/www.facebook.com\/Soph-Magnetics-Inc-530930033722115\/\" \/>\n<meta property=\"article:modified_time\" content=\"2023-10-18T14:25:01+00:00\" \/>\n<meta name=\"twitter:card\" content=\"summary_large_image\" \/>\n<meta name=\"twitter:site\" content=\"@soph_usa\" \/>\n<meta name=\"twitter:label1\" content=\"Tiempo de lectura\" \/>\n\t<meta name=\"twitter:data1\" content=\"7 minutos\" \/>\n<script type=\"application\/ld+json\" class=\"yoast-schema-graph\">{\"@context\":\"https:\/\/schema.org\",\"@graph\":[{\"@type\":\"WebPage\",\"@id\":\"https:\/\/helmholtz-magnet.com\/par\/\",\"url\":\"https:\/\/helmholtz-magnet.com\/par\/\",\"name\":\"PAR - HELMHOLTZ, UNSURPASSED MATERIAL HANDLING\",\"isPartOf\":{\"@id\":\"https:\/\/helmholtz-magnet.com\/#website\"},\"datePublished\":\"2023-09-26T20:27:05+00:00\",\"dateModified\":\"2023-10-18T14:25:01+00:00\",\"breadcrumb\":{\"@id\":\"https:\/\/helmholtz-magnet.com\/par\/#breadcrumb\"},\"inLanguage\":\"es\",\"potentialAction\":[{\"@type\":\"ReadAction\",\"target\":[\"https:\/\/helmholtz-magnet.com\/par\/\"]}]},{\"@type\":\"BreadcrumbList\",\"@id\":\"https:\/\/helmholtz-magnet.com\/par\/#breadcrumb\",\"itemListElement\":[{\"@type\":\"ListItem\",\"position\":1,\"name\":\"Home\",\"item\":\"https:\/\/helmholtz-magnet.com\/\"},{\"@type\":\"ListItem\",\"position\":2,\"name\":\"PAR\"}]},{\"@type\":\"WebSite\",\"@id\":\"https:\/\/helmholtz-magnet.com\/#website\",\"url\":\"https:\/\/helmholtz-magnet.com\/\",\"name\":\"HELMHOLTZ, UNSURPASSED MATERIAL HANDLING\",\"description\":\"HELMHOLTZ, UNSURPASSED MATERIAL HANDLING\",\"publisher\":{\"@id\":\"https:\/\/helmholtz-magnet.com\/#organization\"},\"potentialAction\":[{\"@type\":\"SearchAction\",\"target\":{\"@type\":\"EntryPoint\",\"urlTemplate\":\"https:\/\/helmholtz-magnet.com\/?s={search_term_string}\"},\"query-input\":{\"@type\":\"PropertyValueSpecification\",\"valueRequired\":true,\"valueName\":\"search_term_string\"}}],\"inLanguage\":\"es\"},{\"@type\":\"Organization\",\"@id\":\"https:\/\/helmholtz-magnet.com\/#organization\",\"name\":\"Helmholtz Magnets\",\"url\":\"https:\/\/helmholtz-magnet.com\/\",\"logo\":{\"@type\":\"ImageObject\",\"inLanguage\":\"es\",\"@id\":\"https:\/\/helmholtz-magnet.com\/#\/schema\/logo\/image\/\",\"url\":\"https:\/\/helmholtz-magnet.com\/wp-content\/uploads\/2023\/09\/logo.svg\",\"contentUrl\":\"https:\/\/helmholtz-magnet.com\/wp-content\/uploads\/2023\/09\/logo.svg\",\"width\":1206,\"height\":214,\"caption\":\"Helmholtz Magnets\"},\"image\":{\"@id\":\"https:\/\/helmholtz-magnet.com\/#\/schema\/logo\/image\/\"},\"sameAs\":[\"https:\/\/www.facebook.com\/Soph-Magnetics-Inc-530930033722115\/\",\"https:\/\/x.com\/soph_usa\",\"https:\/\/www.youtube.com\/channel\/UCnxgzBXQDhTRw-bUPpYoI6g\",\"https:\/\/goo.gl\/maps\/6AULBobLT1c77iZEA\"]}]}<\/script>\n<!-- \/ Yoast SEO Premium plugin. -->","yoast_head_json":{"title":"PAR - HELMHOLTZ, MANEJO DE MATERIALES INSUPERABLE","robots":{"index":"index","follow":"follow","max-snippet":"max-snippet:-1","max-image-preview":"max-image-preview:large","max-video-preview":"max-video-preview:-1"},"canonical":"https:\/\/helmholtz-magnet.com\/es\/par\/","og_locale":"es_ES","og_type":"article","og_title":"PAR","og_description":"PARSAFER VERTICAL SYSTEMPAR system is designed for the vertical handling of plates. The typical application is loading \/ unloading a workpiece on a horizontal spindle milling machine. Can be used to flip parts over as needed in a safe manner using simple stalls is possible to fix the workpiece to the magnetic chuck from one [&hellip;]","og_url":"https:\/\/helmholtz-magnet.com\/es\/par\/","og_site_name":"HELMHOLTZ, UNSURPASSED MATERIAL HANDLING","article_publisher":"https:\/\/www.facebook.com\/Soph-Magnetics-Inc-530930033722115\/","article_modified_time":"2023-10-18T14:25:01+00:00","twitter_card":"summary_large_image","twitter_site":"@soph_usa","twitter_misc":{"Tiempo de lectura":"7 minutos"},"schema":{"@context":"https:\/\/schema.org","@graph":[{"@type":"WebPage","@id":"https:\/\/helmholtz-magnet.com\/par\/","url":"https:\/\/helmholtz-magnet.com\/par\/","name":"PAR - HELMHOLTZ, MANEJO DE MATERIALES INSUPERABLE","isPartOf":{"@id":"https:\/\/helmholtz-magnet.com\/#website"},"datePublished":"2023-09-26T20:27:05+00:00","dateModified":"2023-10-18T14:25:01+00:00","breadcrumb":{"@id":"https:\/\/helmholtz-magnet.com\/par\/#breadcrumb"},"inLanguage":"es","potentialAction":[{"@type":"ReadAction","target":["https:\/\/helmholtz-magnet.com\/par\/"]}]},{"@type":"BreadcrumbList","@id":"https:\/\/helmholtz-magnet.com\/par\/#breadcrumb","itemListElement":[{"@type":"ListItem","position":1,"name":"Home","item":"https:\/\/helmholtz-magnet.com\/"},{"@type":"ListItem","position":2,"name":"PAR"}]},{"@type":"WebSite","@id":"https:\/\/helmholtz-magnet.com\/#website","url":"https:\/\/helmholtz-magnet.com\/","name":"HELMHOLTZ, MANEJO DE MATERIALES INSUPERABLE","description":"HELMHOLTZ, MANEJO DE MATERIALES INSUPERABLE","publisher":{"@id":"https:\/\/helmholtz-magnet.com\/#organization"},"potentialAction":[{"@type":"SearchAction","target":{"@type":"EntryPoint","urlTemplate":"https:\/\/helmholtz-magnet.com\/?s={search_term_string}"},"query-input":{"@type":"PropertyValueSpecification","valueRequired":true,"valueName":"search_term_string"}}],"inLanguage":"es"},{"@type":"Organization","@id":"https:\/\/helmholtz-magnet.com\/#organization","name":"Imanes de Helmholtz","url":"https:\/\/helmholtz-magnet.com\/","logo":{"@type":"ImageObject","inLanguage":"es","@id":"https:\/\/helmholtz-magnet.com\/#\/schema\/logo\/image\/","url":"https:\/\/helmholtz-magnet.com\/wp-content\/uploads\/2023\/09\/logo.svg","contentUrl":"https:\/\/helmholtz-magnet.com\/wp-content\/uploads\/2023\/09\/logo.svg","width":1206,"height":214,"caption":"Helmholtz Magnets"},"image":{"@id":"https:\/\/helmholtz-magnet.com\/#\/schema\/logo\/image\/"},"sameAs":["https:\/\/www.facebook.com\/Soph-Magnetics-Inc-530930033722115\/","https:\/\/x.com\/soph_usa","https:\/\/www.youtube.com\/channel\/UCnxgzBXQDhTRw-bUPpYoI6g","https:\/\/goo.gl\/maps\/6AULBobLT1c77iZEA"]}]}},"_links":{"self":[{"href":"https:\/\/helmholtz-magnet.com\/es\/wp-json\/wp\/v2\/pages\/388237","targetHints":{"allow":["GET"]}}],"collection":[{"href":"https:\/\/helmholtz-magnet.com\/es\/wp-json\/wp\/v2\/pages"}],"about":[{"href":"https:\/\/helmholtz-magnet.com\/es\/wp-json\/wp\/v2\/types\/page"}],"author":[{"embeddable":true,"href":"https:\/\/helmholtz-magnet.com\/es\/wp-json\/wp\/v2\/users\/1"}],"replies":[{"embeddable":true,"href":"https:\/\/helmholtz-magnet.com\/es\/wp-json\/wp\/v2\/comments?post=388237"}],"version-history":[{"count":11,"href":"https:\/\/helmholtz-magnet.com\/es\/wp-json\/wp\/v2\/pages\/388237\/revisions"}],"predecessor-version":[{"id":388584,"href":"https:\/\/helmholtz-magnet.com\/es\/wp-json\/wp\/v2\/pages\/388237\/revisions\/388584"}],"wp:attachment":[{"href":"https:\/\/helmholtz-magnet.com\/es\/wp-json\/wp\/v2\/media?parent=388237"}],"curies":[{"name":"wp","href":"https:\/\/api.w.org\/{rel}","templated":true}]}}